{"id":6149,"date":"2020-04-27T13:22:57","date_gmt":"2020-04-27T13:22:57","guid":{"rendered":"http:\/\/diabetes.org.ar\/2020\/?page_id=6149"},"modified":"2025-01-21T11:23:29","modified_gmt":"2025-01-21T14:23:29","slug":"resena-historica","status":"publish","type":"page","link":"http:\/\/diabetes.org.ar\/2020\/resena-historica\/","title":{"rendered":"Rese\u00f1a Hist\u00f3rica"},"content":{"rendered":"[vc_row type=\u00bbfull_width_background\u00bb full_screen_row_position=\u00bbmiddle\u00bb column_margin=\u00bbdefault\u00bb equal_height=\u00bbyes\u00bb content_placement=\u00bbbottom\u00bb column_direction=\u00bbdefault\u00bb column_direction_tablet=\u00bbdefault\u00bb column_direction_phone=\u00bbdefault\u00bb bg_color=\u00bb#ffffff\u00bb bg_image=\u00bb14527&#8243; bg_position=\u00bbcenter center\u00bb background_image_loading=\u00bbdefault\u00bb bg_repeat=\u00bbno-repeat\u00bb scene_position=\u00bbcenter\u00bb top_padding=\u00bb5%\u00bb bottom_padding=\u00bb8%\u00bb text_color=\u00bbdark\u00bb text_align=\u00bbleft\u00bb row_border_radius=\u00bbnone\u00bb row_border_radius_applies=\u00bbbg\u00bb overflow=\u00bbvisible\u00bb overlay_strength=\u00bb0.5&#8243; gradient_direction=\u00bbleft_to_right\u00bb shape_divider_position=\u00bbbottom\u00bb shape_divider_height=\u00bb350&#8243; bg_image_animation=\u00bbfade-in\u00bb parallax_bg=\u00bbtrue\u00bb parallax_bg_speed=\u00bbfast\u00bb shape_type=\u00bbmountains\u00bb gradient_type=\u00bbdefault\u00bb][vc_column column_padding=\u00bbno-extra-padding\u00bb column_padding_tablet=\u00bbinherit\u00bb column_padding_phone=\u00bbinherit\u00bb column_padding_position=\u00bball\u00bb column_element_direction_desktop=\u00bbdefault\u00bb column_element_spacing=\u00bbdefault\u00bb desktop_text_alignment=\u00bbdefault\u00bb tablet_text_alignment=\u00bbdefault\u00bb phone_text_alignment=\u00bbdefault\u00bb background_color_opacity=\u00bb1&#8243; background_hover_color_opacity=\u00bb1&#8243; column_backdrop_filter=\u00bbnone\u00bb column_shadow=\u00bbnone\u00bb column_border_radius=\u00bbnone\u00bb column_link_target=\u00bb_self\u00bb column_position=\u00bbdefault\u00bb gradient_direction=\u00bbleft_to_right\u00bb overlay_strength=\u00bb0.3&#8243; width=\u00bb1\/1&#8243; tablet_width_inherit=\u00bbdefault\u00bb animation_type=\u00bbdefault\u00bb bg_image_animation=\u00bbnone\u00bb border_type=\u00bbsimple\u00bb column_border_width=\u00bbnone\u00bb column_border_style=\u00bbsolid\u00bb][\/vc_column][\/vc_row][vc_row type=\u00bbfull_width_background\u00bb full_screen_row_position=\u00bbmiddle\u00bb column_margin=\u00bbdefault\u00bb equal_height=\u00bbyes\u00bb column_direction=\u00bbdefault\u00bb column_direction_tablet=\u00bbdefault\u00bb column_direction_phone=\u00bbdefault\u00bb scene_position=\u00bbcenter\u00bb top_padding=\u00bb5%\u00bb bottom_padding=\u00bb5%\u00bb text_color=\u00bbdark\u00bb text_align=\u00bbleft\u00bb row_border_radius=\u00bbnone\u00bb row_border_radius_applies=\u00bbbg\u00bb overflow=\u00bbvisible\u00bb overlay_strength=\u00bb0.5&#8243; gradient_direction=\u00bbleft_to_right\u00bb shape_divider_position=\u00bbbottom\u00bb shape_divider_height=\u00bb350&#8243; bg_image_animation=\u00bbfade-in\u00bb parallax_bg=\u00bbtrue\u00bb parallax_bg_speed=\u00bbfast\u00bb shape_type=\u00bbmountains\u00bb][vc_column column_padding=\u00bbno-extra-padding\u00bb column_padding_tablet=\u00bbinherit\u00bb column_padding_phone=\u00bbinherit\u00bb column_padding_position=\u00bball\u00bb column_element_direction_desktop=\u00bbdefault\u00bb column_element_spacing=\u00bbdefault\u00bb desktop_text_alignment=\u00bbdefault\u00bb tablet_text_alignment=\u00bbdefault\u00bb phone_text_alignment=\u00bbdefault\u00bb background_color_opacity=\u00bb1&#8243; background_hover_color_opacity=\u00bb1&#8243; column_backdrop_filter=\u00bbnone\u00bb column_shadow=\u00bbnone\u00bb column_border_radius=\u00bbnone\u00bb column_link_target=\u00bb_self\u00bb column_position=\u00bbdefault\u00bb gradient_direction=\u00bbleft_to_right\u00bb overlay_strength=\u00bb0.3&#8243; width=\u00bb1\/2&#8243; tablet_width_inherit=\u00bbdefault\u00bb animation_type=\u00bbdefault\u00bb bg_image_animation=\u00bbnone\u00bb border_type=\u00bbsimple\u00bb column_border_width=\u00bbnone\u00bb column_border_style=\u00bbsolid\u00bb][vc_column_text]\n<div>La Diabetolog\u00eda Argentina nace en la primera mitad del siglo XX bajo el influjo de dos personalidades m\u00e9dicas de gran valor: los doctores Bernardo Houssay y Pedro Escudero.<\/div>\n<div>El primero, creador de la Fisiolog\u00eda y de la Investigaci\u00f3n B\u00e1sica Argentina orient\u00f3 su tarea al esclarecimiento de la Diabetes Mellitus empleando animales de experimentaci\u00f3n, en tanto que el segundo, se dedic\u00f3 a la enfermedad desde el punto de vista de la Cl\u00ednica M\u00e9dica y de la Nutrici\u00f3n.<\/div>\n<div>Los dos fueron maestros y crearon sendas escuelas m\u00e9dicas con numerosos disc\u00edpulos que continuaron con su obra.<\/div>\n<div>El 28 de Diciembre de 1954 las corrientes de investigaci\u00f3n b\u00e1sica, investigaci\u00f3n cl\u00ednica y terap\u00e9utica se unieron para aunar objetivos y esfuerzos en la Sociedad Argentina de Diabetes que ha resultado ser la s\u00edntesis de la labor diabetol\u00f3gica en el pa\u00eds.<br \/>\nSu primer presidente fue Pedro B. Landabure, disc\u00edpulo dilecto de Escudero, a quien sigui\u00f3 Virgilio Foglia continuador de la obra de Houssay en la C\u00e1tedra de Fisiolog\u00eda.<\/div>\n[\/vc_column_text][\/vc_column][vc_column column_padding=\u00bbno-extra-padding\u00bb column_padding_tablet=\u00bbinherit\u00bb column_padding_phone=\u00bbinherit\u00bb column_padding_position=\u00bball\u00bb column_element_direction_desktop=\u00bbdefault\u00bb column_element_spacing=\u00bbdefault\u00bb desktop_text_alignment=\u00bbdefault\u00bb tablet_text_alignment=\u00bbdefault\u00bb phone_text_alignment=\u00bbdefault\u00bb background_color_opacity=\u00bb1&#8243; background_hover_color_opacity=\u00bb1&#8243; column_backdrop_filter=\u00bbnone\u00bb column_shadow=\u00bbnone\u00bb column_border_radius=\u00bbnone\u00bb column_link_target=\u00bb_self\u00bb column_position=\u00bbdefault\u00bb gradient_direction=\u00bbleft_to_right\u00bb overlay_strength=\u00bb0.3&#8243; width=\u00bb1\/2&#8243; tablet_width_inherit=\u00bbdefault\u00bb animation_type=\u00bbdefault\u00bb bg_image_animation=\u00bbnone\u00bb border_type=\u00bbsimple\u00bb column_border_width=\u00bbnone\u00bb column_border_style=\u00bbsolid\u00bb][vc_column_text]\n<div>En este m\u00e1s de medio siglo la actividad de la Sociedad ha sido contin\u00faa y fruct\u00edfera, en especial por la incorporaci\u00f3n de filiales que representan a todo el pa\u00eds.<\/div>\n<div>Se organizaron\u00a0m\u00e1s de veinte\u00a0Congresos Argentinos, se cre\u00f3 en 1975 la Escuela de Graduados de la que han egresado m\u00e1s de doscientos especializados en Diabetes de la Argentina y de pa\u00edses latinoamericanos, a partir del a\u00f1o 2000 la actividad cient\u00edfica se organiz\u00f3 en diversos grupos de trabajo, que generan investigaciones; la Sociedad es propietaria de su sede y posee una estructura administrativo-financiera eficaz.<\/div>\n<div>La herencia recibida ha sido multiplicada y la Sociedad Argentina de Diabetes es el espejo y la gu\u00eda de la diabetolog\u00eda en nuestro pa\u00eds.<\/div>\n<div><strong>Dr. Manuel L. Mart\u00ed<\/strong><\/div>\n[\/vc_column_text][\/vc_column][\/vc_row][vc_row type=\u00bbin_container\u00bb full_screen_row_position=\u00bbmiddle\u00bb column_margin=\u00bbdefault\u00bb column_direction=\u00bbdefault\u00bb column_direction_tablet=\u00bbdefault\u00bb column_direction_phone=\u00bbdefault\u00bb scene_position=\u00bbcenter\u00bb text_color=\u00bbdark\u00bb text_align=\u00bbleft\u00bb row_border_radius=\u00bbnone\u00bb row_border_radius_applies=\u00bbbg\u00bb overflow=\u00bbvisible\u00bb overlay_strength=\u00bb0.3&#8243; gradient_direction=\u00bbleft_to_right\u00bb shape_divider_position=\u00bbbottom\u00bb bg_image_animation=\u00bbnone\u00bb][vc_column column_padding=\u00bbno-extra-padding\u00bb column_padding_tablet=\u00bbinherit\u00bb column_padding_phone=\u00bbinherit\u00bb column_padding_position=\u00bball\u00bb column_element_direction_desktop=\u00bbdefault\u00bb column_element_spacing=\u00bbdefault\u00bb desktop_text_alignment=\u00bbdefault\u00bb tablet_text_alignment=\u00bbdefault\u00bb phone_text_alignment=\u00bbdefault\u00bb background_color_opacity=\u00bb1&#8243; background_hover_color_opacity=\u00bb1&#8243; column_backdrop_filter=\u00bbnone\u00bb column_shadow=\u00bbnone\u00bb column_border_radius=\u00bbnone\u00bb column_link_target=\u00bb_self\u00bb column_position=\u00bbdefault\u00bb gradient_direction=\u00bbleft_to_right\u00bb overlay_strength=\u00bb0.3&#8243; width=\u00bb1\/1&#8243; tablet_width_inherit=\u00bbdefault\u00bb animation_type=\u00bbdefault\u00bb bg_image_animation=\u00bbnone\u00bb border_type=\u00bbsimple\u00bb column_border_width=\u00bbnone\u00bb column_border_style=\u00bbsolid\u00bb][vc_column_text]\n<h3>Presidentes de la Sociedad Argentina de Diabetes<\/h3>\n[\/vc_column_text][\/vc_column][\/vc_row][vc_row type=\u00bbin_container\u00bb full_screen_row_position=\u00bbmiddle\u00bb column_margin=\u00bbdefault\u00bb column_direction=\u00bbdefault\u00bb column_direction_tablet=\u00bbdefault\u00bb column_direction_phone=\u00bbdefault\u00bb scene_position=\u00bbcenter\u00bb text_color=\u00bbdark\u00bb text_align=\u00bbleft\u00bb row_border_radius=\u00bbnone\u00bb row_border_radius_applies=\u00bbbg\u00bb overflow=\u00bbvisible\u00bb overlay_strength=\u00bb0.3&#8243; gradient_direction=\u00bbleft_to_right\u00bb shape_divider_position=\u00bbbottom\u00bb bg_image_animation=\u00bbnone\u00bb][vc_column column_padding=\u00bbno-extra-padding\u00bb column_padding_tablet=\u00bbinherit\u00bb column_padding_phone=\u00bbinherit\u00bb column_padding_position=\u00bball\u00bb column_element_direction_desktop=\u00bbdefault\u00bb column_element_spacing=\u00bbdefault\u00bb desktop_text_alignment=\u00bbdefault\u00bb tablet_text_alignment=\u00bbdefault\u00bb phone_text_alignment=\u00bbdefault\u00bb background_color_opacity=\u00bb1&#8243; background_hover_color_opacity=\u00bb1&#8243; column_backdrop_filter=\u00bbnone\u00bb column_shadow=\u00bbnone\u00bb column_border_radius=\u00bbnone\u00bb column_link_target=\u00bb_self\u00bb column_position=\u00bbdefault\u00bb gradient_direction=\u00bbleft_to_right\u00bb overlay_strength=\u00bb0.3&#8243; width=\u00bb1\/1&#8243; tablet_width_inherit=\u00bbdefault\u00bb animation_type=\u00bbdefault\u00bb bg_image_animation=\u00bbnone\u00bb border_type=\u00bbsimple\u00bb column_border_width=\u00bbnone\u00bb column_border_style=\u00bbsolid\u00bb][image_with_animation image_url=\u00bb15771&#8243; image_size=\u00bbfull\u00bb animation_type=\u00bbentrance\u00bb animation=\u00bbNone\u00bb animation_movement_type=\u00bbtransform_y\u00bb hover_animation=\u00bbnone\u00bb alignment=\u00bbcenter\u00bb img_link_large=\u00bbyes\u00bb border_radius=\u00bbnone\u00bb box_shadow=\u00bbnone\u00bb image_loading=\u00bbdefault\u00bb max_width=\u00bb125%\u00bb max_width_mobile=\u00bbdefault\u00bb][\/vc_column][\/vc_row][vc_row type=\u00bbfull_width_background\u00bb full_screen_row_position=\u00bbmiddle\u00bb column_margin=\u00bbdefault\u00bb equal_height=\u00bbyes\u00bb column_direction=\u00bbdefault\u00bb column_direction_tablet=\u00bbdefault\u00bb column_direction_phone=\u00bbdefault\u00bb scene_position=\u00bbcenter\u00bb bottom_padding=\u00bb5%\u00bb text_color=\u00bbdark\u00bb text_align=\u00bbleft\u00bb row_border_radius=\u00bbnone\u00bb row_border_radius_applies=\u00bbbg\u00bb overflow=\u00bbvisible\u00bb overlay_strength=\u00bb0.5&#8243; gradient_direction=\u00bbleft_to_right\u00bb shape_divider_position=\u00bbbottom\u00bb shape_divider_height=\u00bb350&#8243; bg_image_animation=\u00bbfade-in\u00bb parallax_bg=\u00bbtrue\u00bb parallax_bg_speed=\u00bbfast\u00bb shape_type=\u00bbmountains\u00bb][vc_column column_padding=\u00bbno-extra-padding\u00bb column_padding_tablet=\u00bbinherit\u00bb column_padding_phone=\u00bbinherit\u00bb column_padding_position=\u00bball\u00bb column_element_direction_desktop=\u00bbdefault\u00bb column_element_spacing=\u00bbdefault\u00bb desktop_text_alignment=\u00bbdefault\u00bb tablet_text_alignment=\u00bbdefault\u00bb phone_text_alignment=\u00bbdefault\u00bb background_color_opacity=\u00bb1&#8243; background_hover_color_opacity=\u00bb1&#8243; column_backdrop_filter=\u00bbnone\u00bb column_shadow=\u00bbnone\u00bb column_border_radius=\u00bbnone\u00bb column_link_target=\u00bb_self\u00bb column_position=\u00bbdefault\u00bb gradient_direction=\u00bbleft_to_right\u00bb overlay_strength=\u00bb0.3&#8243; width=\u00bb1\/1&#8243; tablet_width_inherit=\u00bbdefault\u00bb animation_type=\u00bbdefault\u00bb bg_image_animation=\u00bbnone\u00bb border_type=\u00bbsimple\u00bb column_border_width=\u00bbnone\u00bb column_border_style=\u00bbsolid\u00bb][vc_column_text]\n<h3>Biograf\u00edas Destacadas<\/h3>\n[\/vc_column_text][toggles style=\u00bbdefault\u00bb border_radius=\u00bbnone\u00bb][toggle color=\u00bbAccent-Color\u00bb heading_tag=\u00bbdefault\u00bb heading_tag_functionality=\u00bbdefault\u00bb title=\u00bbIsaac Faerman\u00bb][vc_column_text]\n<div>Hijo de Catalina Lifschitz y Samuel Faerman, naci\u00f3 en Buenos Aires el 25 de junio de 1923.<\/div>\n<div>Estudi\u00f3 Medicina en la Universidad de Buenos Aires gradu\u00e1ndose en 1947 y recibe el t\u00edtulo de Docto en Medicina en 1953, ese mismo a\u00f1o obtiene el t\u00edtulo de M\u00e9dico Diet\u00f3logo.<\/div>\n<div>Inicia su Carrera Docente en la C\u00e1tedra de Nutrici\u00f3n de la UBA en 1961 y a partir de 1965 es Docente Autorizado de la C\u00e1tedra de Nutrici\u00f3n de la Universidad de Buenos Aires, cargo que ejerce hasta el a\u00f1o 1985.<\/div>\n<div>M\u00e9dico por concurso en el Hospital Rawson (Pabell\u00f3n Olivera) de 1960 a 1967.<br \/>\nM\u00e9dico Jefe de Servicio del Hospital Durand (por concurso) desde mayo de 1967 a 1976, por razones ajenas a su voluntad estuvo alejado del Hospital Durand hasta el a\u00f1o 1984, cuando retoma como M\u00e9dico Jefe de Divisi\u00f3n de Endocrinolog\u00eda y Enfermedades Metab\u00f3licas.<\/div>\n<div>Desde 1976 a 1984 se desempe\u00f1\u00f3 como M\u00e9dico en la Secci\u00f3n Endocrinolog\u00eda del Hospital Espa\u00f1ol.<br \/>\nFue un gran honor y me siento privilegiada de haberlo conocido y recibir sus ense\u00f1anzas desde su incorporaci\u00f3n al Hospital Durand.<br \/>\nEl Servicio de Nutrici\u00f3n en 1967, funcionaba en un espacio f\u00edsico de no m\u00e1s de 6m2, pero \u00e9l con su personalidad, capacidad de trabajo, su creaci\u00f3n constante en el campo de la investigaci\u00f3n cl\u00ednica, su est\u00edmulo hacia sus colaboradores y su gran sentido del humor (que no abandon\u00f3 a\u00fan en los momentos mas dif\u00edciles de su vida), hizo que el Servicio de Nutrici\u00f3n y Diabetes creciera cada d\u00eda m\u00e1s.<br \/>\nDe personalidad carism\u00e1tica fue incorporando al grupo de trabajo neur\u00f3logos, cirujanos vasculares, ur\u00f3logos, dermat\u00f3logos, traumat\u00f3logos, especialistas en anatom\u00eda patol\u00f3gica para el equipo multidisciplinario.<\/div>\n<div>Investigar para detectar la aparici\u00f3n precoz de alguna complicaci\u00f3n o ir mucho mas atr\u00e1s tratando de encontrar alg\u00fan dato que pudiera informar sobre la posible etiolog\u00eda.<br \/>\nAdem\u00e1s organiz\u00f3 \u201cEl Club del Pie\u201d que marc\u00f3 un gran avance en el mejor enfoque y tratamiento adecuado del pie del paciente con Diabetes.<br \/>\nLos escasos medios econ\u00f3micos con que se contaba no lo detuvieron, pues su tenacidad y empuje, su dinamismo y por sobre todo su inteligencia, de ver siempre un poco mas all\u00e1, hizo de Isaac Faerman un ser excepcional y gracias a \u00e9l la Diabetolog\u00eda Argentina es reconocida mundialmente.<br \/>\n\u201cLa neuropat\u00eda Diab\u00e9tica\u201d, su importancia y el tratar de \u201cllegar antes\u201d evitando o retardando su aparici\u00f3n, fueron los temas de sus numerosos estudios y publicaciones nacionales e internacionales, trabajos que a\u00fan hoy tienen vigencia.<\/div>\n<div>Varios e importantes premios coronaron sus esfuerzos, el de la Sociedad Argentina de Diabetes, Sociedad de Urolog\u00eda, Premio Weitzman, Premio Escudero, etc.<br \/>\nEn septiembre de 1985 en Madrid, durante el desarrollo del XVI Congreso Internacional de la IDF, dict\u00f3 la Conferencia en homenaje al gran argentino Bernardo A. Houssay, titulada \u201cSistema Nervioso Aut\u00f3nomo y Diabetes. Una hip\u00f3tesis de trabajo\u201d. Fue su \u00faltima clase magistral, donde se vio reflejada su integridad, su amor por lo que defend\u00eda y conciente que era adem\u00e1s una despedida.<br \/>\nDos meses despu\u00e9s nos deja, fallece el 1 de diciembre de 1985, los que tuvimos la suerte de ser sus disc\u00edpulos nunca terminamos de agradecerle sus ense\u00f1anzas y su ausencia f\u00edsica no nos invalida para que permanezca presente en el ejemplo, la palabra y la acci\u00f3n.<\/div>\n<div><strong>Dra. Dora Fox<\/strong><\/div>\n[\/vc_column_text][\/toggle][toggle color=\u00bbAccent-Color\u00bb heading_tag=\u00bbdefault\u00bb heading_tag_functionality=\u00bbdefault\u00bb title=\u00bbBernardo Nusimovich\u00bb][vc_column_text]\n<div>EL LEGADO DE UN PIONERO DE LA CIENCIA<\/div>\n<div>Conoc\u00ed al Dr Bernardo Nusimovich en el Pabell\u00f3n Olivera en los comienzos de 1963 y quien me introdujo fue el Dr Jorge Braguinsky teniendo adem\u00e1s una carta de presentaci\u00f3n del Dr Luis Munist, Decano de la Facultad de Medicina para el Director del Pabell\u00f3n, Dr. Pedro Landabure.<\/div>\n<div>Lo encontr\u00e9 trabajando entre otros profesionales con las Dras Susana Leiderman y Marta Sereday. El dirig\u00eda la Secci\u00f3n de Endocrinolog\u00eda dentro de ese lugar, donde fui conociendo adem\u00e1s, como integrantes de otras areas a los Dres Serantes, Senderey, Etala, Garris, Mestre, Jalife.<\/div>\n<div>Hab\u00eda adem\u00e1s otros m\u00e9dicos j\u00f3venes entre los que debo mencionar a Guillermo Burlando y Jorge Alvari\u00f1as. Estoy obviando por razones de espacio numerosos nombres que prestigiaron de la misma manera que los mencionados a la Medicina Argentina en los aspectos relacionados con las Enfermedades de la Nutrici\u00f3n, del Metabolismo y de la Endocrinolog\u00eda en ese fant\u00e1stico lugar asistencial, de investigaci\u00f3n y de docencia.<\/div>\n<div>A partir de all\u00ed el Dr Nusimovich fue mi maestro hasta su muerte en 1982. Se hab\u00eda formado en el Hospital Rivadavia junto al Dr Del Castillo siendo condisc\u00edpulo del Dr De la Balze.<\/div>\n<div>Complet\u00f3 su formaci\u00f3n en Estados Unidos con Conn, Fajans y Albright.<\/div>\n<div>Nos ense\u00f1\u00f3 cl\u00ednica y endocrinolog\u00eda a muchos pues en su recorrido ulterior al Hospital Rawson, en el Policl\u00ednico Ricardo Finochietto y en el Hospital Franc\u00e9s bajo su supervisi\u00f3n decenas de hoy destacados especialistas dieron sus primeros pasos de aprendizaje o consolidaron los que ya ten\u00edan.<\/div>\n<div>Figura y esp\u00edritu seductores, una s\u00f3lida formaci\u00f3n y una percepci\u00f3n cl\u00ednica aguda y brillante eran sus caracter\u00edsticas.<br \/>\nMe deslumbraba, como a otros tantos le pas\u00f3.<\/div>\n<div>Le preocupaba la ciencia. Pero tambi\u00e9n la pol\u00edtica, el arte, la literatura. Pero sobre todo viv\u00eda intensamente la vida. Y la vivi\u00f3 apasionadamente.<\/div>\n<div>Fue presidente de nuestras queridas Sociedades Argentinas de Diabetes y de Endocrinolog\u00eda y Metabolismo, en las que volc\u00f3 enormes esfuerzos.<\/div>\n<div>Durante esos casi 20 a\u00f1os compart\u00ed con el las ma\u00f1anas, muchos Martes a la tarde, con la tolerancia de Pablo mi hijo mayor, en que conversabamos de todo y hasta algunas veces de Medicina. Innumerables noches de reuniones cient\u00edficas que terminaban en comidas donde el me ense\u00f1\u00f3 muchas cosas han quedado pegadas en mis recuerdos como una impronta perecedera e indeleble.<\/div>\n<div>Era amigo de famosos en el tango, en el cine, en la pintura, en las letras y en el f\u00fatbol. Despertaba pasiones, controversias, discusiones pero siempre despertaba cari\u00f1o.<\/div>\n<div>Era alto. Era buen mozo. Era un hombre grande.<br \/>\nPero sobre todo fue un gran hombre a quien le debo casi todo lo que humildemente soy.<\/div>\n<div><strong>Isaac Sinay<\/strong><\/div>\n[\/vc_column_text][\/toggle][toggle color=\u00bbAccent-Color\u00bb heading_tag=\u00bbdefault\u00bb heading_tag_functionality=\u00bbdefault\u00bb title=\u00bbLuis Federico Leloir\u00bb][vc_column_text]\n<div>Naci\u00f3 en Paris el 6 de Septiembre de 1906 y vivi\u00f3 en Argentina desde los dos a\u00f1os de edad.<\/div>\n<div>Se gradu\u00f3 como Doctor en Medicina en la Universidad de Buenos Aires en 1932 y comenz\u00f3 casi inmediatamente su carrera de investigador junto al Profesor Bernardo A. Houssay.<\/div>\n<div>En 1936 trabaj\u00f3 en el Laboratorio de Bioqu\u00edmica en Cambridge, Inglaterra, dirigido por Sir Frederick Gowland Hopkins. De vuelta en Buenos Aires, trabaj\u00f3 en la oxidaci\u00f3n de los \u00e1cidos grasos y junto a E. Braun Men\u00e9ndez, J.C. Fasciolo y A.C. Taquini, colabor\u00f3 en las investigaciones sobre angiotensina. En 1944 fue Investigador Asociado en el Laboratorio de Carl F. Cori, en Saint Louis (USA).<br \/>\nLuego de haber trabajado con D.E.Green en la Columbia University, New York, a su regreso a la Argentina se desempe\u00f1\u00f3 como Director del Instituto de Investigaciones Bioqu\u00edmicas, en la Fundaci\u00f3n Campomar.<\/div>\n<div>Desde entonces se dedic\u00f3 al estudio del metabolismo de los hidratos de carbono, entre cuyos hallazgos se puede mencionar la demostraci\u00f3n de que el fosfato de uridina glucosa est\u00e1 involucrado en la s\u00edntesis del gluc\u00f3geno y de que la adenosina glucosa difosfato interviene en la s\u00edntesis del almid\u00f3n. Tambi\u00e9n demostr\u00f3 con sus colaboradores el papel desempe\u00f1ado por el poliprenol y el dolichol en el metabolismo de la glucosa en tejidos animales.<\/div>\n<div>Casado en 1943 con Amelia Zuberb\u00fchler, tuvieron una hija, Amelia.<\/div>\n<div>El Dr. Leloir fue Profesor en la Universidad de Buenos Aires y recibi\u00f3 numerosas distinciones internacionales, entre ellas la de Miembro Honorario de la National Academy of Sciences, American Academy of Arts and Sciences, Academia Nacional de Medicina, American Philosophical Society, Academia Pontificia de Ciencias y de la Biochemical Society (England) y fue Presidente de la Asociaci\u00f3n Panamericana de Sociedades de Bioqu\u00edmica. Adem\u00e1s de los numerosos premios internacionales conferidos al Dr. Leloir, en 1970 recibi\u00f3 el Premio Nobel de Qu\u00edmica. Como curiosidad, se puede mencionar una an\u00e9cdota interesante: En la d\u00e9cada de 1920, se encontraba almorzando junto a unos amigos en el Ocean Club de Playa Grande, en Mar del Plata, cuando le sirvieron un plato de langostino pidi\u00f3 que le acercaran ciertos ingredientes (mayonesa, ketchup, salsa inglesa, jugo de lim\u00f3n, etc.) lo que al mezclarlos cre\u00f3 la Salsa Golf. Tiempo despu\u00e9s brome\u00f3 con que \u201csi la hubiese patentado ahora tendr\u00edamos mucho m\u00e1s dinero para investigar\u201d.<\/div>\n<div>En 1979 represent\u00f3 a la Sociedad Argentina de Diabetes dictando la Conferencia Bernardo Houssay en el 10\u00ba Congreso de la Federaci\u00f3n Internacional de Diabetes, en Viena.<\/div>\n<div>El Dr. Leloir ten\u00eda una actitud permanentemente amigable y modesta, como todos los grandes, y su trato era cordial con quienquiera se acercara a conversar con \u00e9l.<br \/>\nLuis Federico Leloir falleci\u00f3 en Buenos Aires, el 2 de Diciembre de 1987.<\/div>\n<div><strong>Pedro Tesone<\/strong><\/div>\n[\/vc_column_text][\/toggle][\/toggles][\/vc_column][\/vc_row]\n","protected":false},"excerpt":{"rendered":"<p>[vc_row type=\u00bbfull_width_background\u00bb full_screen_row_position=\u00bbmiddle\u00bb column_margin=\u00bbdefault\u00bb equal_height=\u00bbyes\u00bb content_placement=\u00bbbottom\u00bb column_direction=\u00bbdefault\u00bb column_direction_tablet=\u00bbdefault\u00bb column_direction_phone=\u00bbdefault\u00bb bg_color=\u00bb#ffffff\u00bb bg_image=\u00bb14527&#8243; bg_position=\u00bbcenter center\u00bb background_image_loading=\u00bbdefault\u00bb bg_repeat=\u00bbno-repeat\u00bb scene_position=\u00bbcenter\u00bb top_padding=\u00bb5%\u00bb bottom_padding=\u00bb8%\u00bb text_color=\u00bbdark\u00bb text_align=\u00bbleft\u00bb row_border_radius=\u00bbnone\u00bb row_border_radius_applies=\u00bbbg\u00bb overflow=\u00bbvisible\u00bb overlay_strength=\u00bb0.5&#8243; gradient_direction=\u00bbleft_to_right\u00bb shape_divider_position=\u00bbbottom\u00bb shape_divider_height=\u00bb350&#8243; bg_image_animation=\u00bbfade-in\u00bb parallax_bg=\u00bbtrue\u00bb parallax_bg_speed=\u00bbfast\u00bb&#8230;<\/p>\n","protected":false},"author":2,"featured_media":0,"parent":0,"menu_order":0,"comment_status":"closed","ping_status":"closed","template":"","meta":{"_mc_calendar":[],"_joinchat":[],"footnotes":""},"class_list":["post-6149","page","type-page","status-publish"],"_links":{"self":[{"href":"http:\/\/diabetes.org.ar\/2020\/wp-json\/wp\/v2\/pages\/6149","targetHints":{"allow":["GET"]}}],"collection":[{"href":"http:\/\/diabetes.org.ar\/2020\/wp-json\/wp\/v2\/pages"}],"about":[{"href":"http:\/\/diabetes.org.ar\/2020\/wp-json\/wp\/v2\/types\/page"}],"author":[{"embeddable":true,"href":"http:\/\/diabetes.org.ar\/2020\/wp-json\/wp\/v2\/users\/2"}],"replies":[{"embeddable":true,"href":"http:\/\/diabetes.org.ar\/2020\/wp-json\/wp\/v2\/comments?post=6149"}],"version-history":[{"count":118,"href":"http:\/\/diabetes.org.ar\/2020\/wp-json\/wp\/v2\/pages\/6149\/revisions"}],"predecessor-version":[{"id":15772,"href":"http:\/\/diabetes.org.ar\/2020\/wp-json\/wp\/v2\/pages\/6149\/revisions\/15772"}],"wp:attachment":[{"href":"http:\/\/diabetes.org.ar\/2020\/wp-json\/wp\/v2\/media?parent=6149"}],"curies":[{"name":"wp","href":"https:\/\/api.w.org\/{rel}","templated":true}]}}