{"id":6781,"date":"2020-06-16T19:36:52","date_gmt":"2020-06-16T19:36:52","guid":{"rendered":"http:\/\/diabetes.org.ar\/2020\/?page_id=6781"},"modified":"2021-07-14T15:38:54","modified_gmt":"2021-07-14T15:38:54","slug":"diabetesenpediatria","status":"publish","type":"page","link":"http:\/\/diabetes.org.ar\/2020\/diabetesenpediatria\/","title":{"rendered":"Diabetes en pediatr\u00eda"},"content":{"rendered":"[vc_row type=\u00bbfull_width_background\u00bb full_screen_row_position=\u00bbmiddle\u00bb equal_height=\u00bbyes\u00bb content_placement=\u00bbbottom\u00bb column_margin=\u00bbdefault\u00bb bg_color=\u00bb#4e9b96&#8243; scene_position=\u00bbcenter\u00bb text_color=\u00bbdark\u00bb text_align=\u00bbcenter\u00bb top_padding=\u00bb12%\u00bb bottom_padding=\u00bb8%\u00bb overlay_strength=\u00bb0.5&#8243; shape_divider_position=\u00bbbottom\u00bb shape_divider_height=\u00bb350&#8243; bg_image_animation=\u00bbfade-in\u00bb parallax_bg=\u00bbtrue\u00bb parallax_bg_speed=\u00bbfast\u00bb shape_type=\u00bbmountains\u00bb][vc_column column_padding=\u00bbno-extra-padding\u00bb column_padding_position=\u00bball\u00bb background_color_opacity=\u00bb1&#8243; background_hover_color_opacity=\u00bb1&#8243; column_link_target=\u00bb_self\u00bb column_shadow=\u00bbnone\u00bb column_border_radius=\u00bbnone\u00bb width=\u00bb1\/1&#8243; tablet_width_inherit=\u00bbdefault\u00bb tablet_text_alignment=\u00bbdefault\u00bb phone_text_alignment=\u00bbdefault\u00bb overlay_strength=\u00bb0.3&#8243; column_border_width=\u00bbnone\u00bb column_border_style=\u00bbsolid\u00bb bg_image_animation=\u00bbnone\u00bb][vc_row_inner column_margin=\u00bbdefault\u00bb text_align=\u00bbleft\u00bb][vc_column_inner column_padding=\u00bbno-extra-padding\u00bb column_padding_position=\u00bball\u00bb centered_text=\u00bbtrue\u00bb background_color_opacity=\u00bb1&#8243; background_hover_color_opacity=\u00bb1&#8243; font_color=\u00bb#ffffff\u00bb column_shadow=\u00bbnone\u00bb column_border_radius=\u00bbnone\u00bb column_link_target=\u00bb_self\u00bb width=\u00bb1\/1&#8243; tablet_width_inherit=\u00bbdefault\u00bb overlay_strength=\u00bb0.3&#8243; column_border_width=\u00bbnone\u00bb column_border_style=\u00bbsolid\u00bb bg_image_animation=\u00bbnone\u00bb][vc_column_text]\n<h1 class=\"sppb-addon-title\">Diabetes en pediatr\u00eda<\/h1>\n[\/vc_column_text][\/vc_column_inner][\/vc_row_inner][\/vc_column][\/vc_row][vc_row type=\u00bbfull_width_background\u00bb full_screen_row_position=\u00bbmiddle\u00bb equal_height=\u00bbyes\u00bb content_placement=\u00bbmiddle\u00bb column_margin=\u00bbdefault\u00bb scene_position=\u00bbcenter\u00bb text_color=\u00bbdark\u00bb text_align=\u00bbcenter\u00bb top_padding=\u00bb5%\u00bb bottom_padding=\u00bb1%\u00bb overlay_strength=\u00bb0.5&#8243; shape_divider_position=\u00bbbottom\u00bb shape_divider_height=\u00bb350&#8243; bg_image_animation=\u00bbfade-in\u00bb parallax_bg=\u00bbtrue\u00bb parallax_bg_speed=\u00bbfast\u00bb shape_type=\u00bbmountains\u00bb][vc_column column_padding=\u00bbno-extra-padding\u00bb column_padding_position=\u00bball\u00bb background_color_opacity=\u00bb1&#8243; background_hover_color_opacity=\u00bb1&#8243; column_link_target=\u00bb_self\u00bb column_shadow=\u00bbnone\u00bb column_border_radius=\u00bbnone\u00bb width=\u00bb1\/1&#8243; tablet_width_inherit=\u00bbdefault\u00bb tablet_text_alignment=\u00bbdefault\u00bb phone_text_alignment=\u00bbdefault\u00bb overlay_strength=\u00bb0.3&#8243; column_border_width=\u00bbnone\u00bb column_border_style=\u00bbsolid\u00bb bg_image_animation=\u00bbnone\u00bb][vc_column_text]\n<h3><strong>INSCRIPCIONES CERRADAS<\/strong><\/h3>\n[\/vc_column_text][divider line_type=\u00bbNo Line\u00bb][\/vc_column][\/vc_row][vc_row type=\u00bbfull_width_background\u00bb full_screen_row_position=\u00bbmiddle\u00bb equal_height=\u00bbyes\u00bb content_placement=\u00bbtop\u00bb column_margin=\u00bbdefault\u00bb bg_color=\u00bb#4e9b96&#8243; scene_position=\u00bbcenter\u00bb text_color=\u00bbdark\u00bb text_align=\u00bbleft\u00bb top_padding=\u00bb10&#8243; bottom_padding=\u00bb10&#8243; overlay_strength=\u00bb0.5&#8243; shape_divider_position=\u00bbbottom\u00bb shape_divider_height=\u00bb350&#8243; bg_image_animation=\u00bbfade-in\u00bb parallax_bg=\u00bbtrue\u00bb parallax_bg_speed=\u00bbfast\u00bb shape_type=\u00bbmountains\u00bb][vc_column column_padding=\u00bbpadding-2-percent\u00bb column_padding_position=\u00bball\u00bb background_color_opacity=\u00bb1&#8243; background_hover_color_opacity=\u00bb1&#8243; font_color=\u00bb#ffffff\u00bb column_link_target=\u00bb_self\u00bb column_shadow=\u00bbnone\u00bb column_border_radius=\u00bbnone\u00bb width=\u00bb1\/2&#8243; tablet_width_inherit=\u00bbdefault\u00bb tablet_text_alignment=\u00bbdefault\u00bb phone_text_alignment=\u00bbdefault\u00bb overlay_strength=\u00bb0.3&#8243; column_border_width=\u00bbnone\u00bb column_border_style=\u00bbsolid\u00bb bg_image_animation=\u00bbnone\u00bb][vc_column_text]<strong>INICIO<\/strong><\/p>\n<p>1 de Julio | Cierre de inscripciones: 7 de Julio<\/p>\n<p><strong>MODALIDAD<\/strong><\/p>\n<p>Sincr\u00f3nica y Asincr\u00f3nica<\/p>\n<p><strong>FECHAS sincr\u00f3nicos opcionales<\/strong><\/p>\n<p>S\u00e1bado 14 de agosto 9 a 11 h<\/p>\n<p>S\u00e1bado 11 de septiembre 9 a 11 h<\/p>\n<p>S\u00e1bado 23 de octubre 9 a 11 h<\/p>\n<p>S\u00e1bado 6 de noviembre 9 a 11 h<\/p>\n<p>&nbsp;<\/p>\n<p><strong>TEMARIO<\/strong><\/p>\n<p><strong>M\u00d3DULO 1<\/strong><\/p>\n<ul>\n<li>Epidemiologia.<\/li>\n<li>Definici\u00f3n, Criterios diagn\u00f3sticos.<\/li>\n<li>Complicaciones Agudas.<\/li>\n<li>Insulinoterapia en Pediatr\u00eda.<\/li>\n<\/ul>\n<p><strong>M\u00d3DULO 2<\/strong><\/p>\n<ul>\n<li>La alimentaci\u00f3n en Diabetes.<\/li>\n<li>Educaci\u00f3n diabet\u00f3logica.<\/li>\n<\/ul>\n<ul>\n<li>Complicaciones Cr\u00f3nica. Generalidades.<\/li>\n<li>Diagn\u00f3stico y Abordaje de los des\u00f3rdenes alimentarios en adolescentes con diabetes.<\/li>\n<\/ul>\n<p><strong>M\u00d3DULO 3<\/strong><\/p>\n<ul>\n<li>Asociaciones de la Diabetes: Enfermedad cel\u00edaca y tiroideopatias.<\/li>\n<li>Trastornos Psicoemocionales.<\/li>\n<li>Diabetes neonatal.<\/li>\n<li>MODY.<\/li>\n<li>El uso de la tecnolog\u00eda en Diabetes.<\/li>\n<\/ul>\n<p><strong>M\u00d3DULO 4<\/strong><\/p>\n<ul>\n<li>Obesidad en la infancia y la adolescencia.<\/li>\n<li>S\u00edndrome Metab\u00f3lico y Diabetes tipo 2 en pediatr\u00eda.<\/li>\n<\/ul>\n<p><strong>INFORMES <a href=\"mailto:info@diabetes.org.ar\">info@diabetes.org.ar<\/a><\/strong>[\/vc_column_text][\/vc_column][vc_column column_padding=\u00bbpadding-2-percent\u00bb column_padding_position=\u00bball\u00bb background_color_opacity=\u00bb1&#8243; background_hover_color_opacity=\u00bb1&#8243; font_color=\u00bb#ffffff\u00bb column_link_target=\u00bb_self\u00bb column_shadow=\u00bbnone\u00bb column_border_radius=\u00bbnone\u00bb width=\u00bb1\/2&#8243; tablet_width_inherit=\u00bbdefault\u00bb tablet_text_alignment=\u00bbdefault\u00bb phone_text_alignment=\u00bbdefault\u00bb overlay_strength=\u00bb0.3&#8243; column_border_width=\u00bbnone\u00bb column_border_style=\u00bbsolid\u00bb bg_image_animation=\u00bbnone\u00bb][vc_column_text]<b>DIRECCI\u00d3N<\/b><\/p>\n<p>Dra. Adriana Flores<\/p>\n<p>Dra. Liliana Trifone[\/vc_column_text][vc_column_text]<strong>DESTINADO A<\/strong><\/p>\n<p>Todo profesional del Equipo de Salud que desee adquirir o perfeccionar sus conocimientos sobre la Diabetes Mellitus en ni\u00f1os y adolescentes a trav\u00e9s de la formaci\u00f3n a distancia. Mediante esta modalidad existe la posibilidad de acceder a una capacitaci\u00f3n que resulta dif\u00edcil adquirir desde su lugar de residencia, ya sea por escasez de tiempo o de recursos para desplazarse hacia centros referenciales.<\/p>\n<p>&nbsp;<\/p>\n<p><strong>ARANCELES<\/strong><\/p>\n<p><strong>SOCIO SAD con cuota al d\u00eda<\/strong><\/p>\n<p>1 pago de $9.500 *se abona \u00fanicamente por transferencia*<\/p>\n<p>3 cuotas de $3.900 (Total $11.700) *se abona por mercado pago*<\/p>\n<p>&nbsp;<\/p>\n<p><strong>NO SOCIO o SOCIO con cuotas pendientes<\/strong><\/p>\n<p>1 pago de $13.500 *se abona \u00fanicamente por transferencia*<\/p>\n<p>3 cuotas de $5.200 (Total $15.600) *se abona por mercado pago*<\/p>\n<p>&nbsp;<\/p>\n<p><strong>EXTRANJEROS<\/strong><\/p>\n<p>1 pago de U$D 230 *se abona a trav\u00e9s de Paypal*[\/vc_column_text][nectar_btn size=\u00bbjumbo\u00bb button_style=\u00bbregular\u00bb button_color_2=\u00bbAccent-Color\u00bb icon_family=\u00bbnone\u00bb text=\u00bbINSCRIPCIONES Y PAGO ONLINE\u00bb url=\u00bbhttp:\/\/www.diabetes2.org.ar\/inscripcion_ficha.php?id=37&#8243;][\/vc_column][\/vc_row][vc_row type=\u00bbin_container\u00bb full_screen_row_position=\u00bbmiddle\u00bb column_margin=\u00bbdefault\u00bb scene_position=\u00bbcenter\u00bb text_color=\u00bbdark\u00bb text_align=\u00bbleft\u00bb overlay_strength=\u00bb0.3&#8243; shape_divider_position=\u00bbbottom\u00bb bg_image_animation=\u00bbnone\u00bb][vc_column column_padding=\u00bbno-extra-padding\u00bb column_padding_position=\u00bball\u00bb background_color_opacity=\u00bb1&#8243; background_hover_color_opacity=\u00bb1&#8243; column_link_target=\u00bb_self\u00bb column_shadow=\u00bbnone\u00bb column_border_radius=\u00bbnone\u00bb width=\u00bb1\/1&#8243; tablet_width_inherit=\u00bbdefault\u00bb tablet_text_alignment=\u00bbdefault\u00bb phone_text_alignment=\u00bbdefault\u00bb overlay_strength=\u00bb0.3&#8243; column_border_width=\u00bbnone\u00bb column_border_style=\u00bbsolid\u00bb bg_image_animation=\u00bbnone\u00bb][heading]\n<h3 class=\"\">SOCIOS COOPERADORES<\/h3>\n<p>Plenos[\/heading][carousel script=\u00bbowl_carousel\u00bb desktop_cols=\u00bb7&#8243; desktop_small_cols=\u00bb3&#8243; tablet_cols=\u00bb2&#8243; mobile_cols=\u00bb1&#8243; column_padding=\u00bb5px\u00bb loop=\u00bbtrue\u00bb autorotate=\u00bbtrue\u00bb][item id=\u00bb1626276856985-0&#8243; title=\u00bbElemento\u00bb tab_id=\u00bb1626276856987-4&#8243;][image_with_animation image_url=\u00bb6093&#8243; alignment=\u00bbcenter\u00bb animation=\u00bbFade In\u00bb hover_animation=\u00bbnone\u00bb border_radius=\u00bbnone\u00bb box_shadow=\u00bbnone\u00bb image_loading=\u00bbdefault\u00bb max_width=\u00bb100%\u00bb max_width_mobile=\u00bbdefault\u00bb img_link=\u00bbhttps:\/\/www.freestylelibre.com.ar\/index.html\u00bb][\/item][item id=\u00bb1626276857059-9&#8243; title=\u00bbElemento\u00bb tab_id=\u00bb1626276857060-10&#8243;][image_with_animation image_url=\u00bb8114&#8243; alignment=\u00bbcenter\u00bb animation=\u00bbFade In\u00bb hover_animation=\u00bbnone\u00bb border_radius=\u00bbnone\u00bb box_shadow=\u00bbnone\u00bb image_loading=\u00bbdefault\u00bb max_width=\u00bb100%\u00bb max_width_mobile=\u00bbdefault\u00bb img_link=\u00bbhttps:\/\/www.accu-chek.com.ar\/home\u00bb][\/item][item id=\u00bb1626276857103-1&#8243; title=\u00bbElemento\u00bb tab_id=\u00bb1626276857104-7&#8243;][image_with_animation image_url=\u00bb6099&#8243; alignment=\u00bbcenter\u00bb animation=\u00bbFade In\u00bb hover_animation=\u00bbnone\u00bb border_radius=\u00bbnone\u00bb box_shadow=\u00bbnone\u00bb image_loading=\u00bbdefault\u00bb max_width=\u00bb100%\u00bb max_width_mobile=\u00bbdefault\u00bb img_link=\u00bbhttps:\/\/www.gador.com.ar\/linea\/cardline\/\u00bb][\/item][item title=\u00bbElemento\u00bb id=\u00bb1626276857170-10&#8243; tab_id=\u00bb1626276857170-3&#8243;][image_with_animation image_url=\u00bb7457&#8243; alignment=\u00bbcenter\u00bb animation=\u00bbFade In\u00bb hover_animation=\u00bbnone\u00bb border_radius=\u00bbnone\u00bb box_shadow=\u00bbnone\u00bb image_loading=\u00bbdefault\u00bb max_width=\u00bb100%\u00bb max_width_mobile=\u00bbdefault\u00bb img_link=\u00bbhttps:\/\/www.lillylatam.com\/\u00bb][\/item][item title=\u00bbElemento\u00bb id=\u00bb1626276857246-2&#8243; tab_id=\u00bb1626276857247-9&#8243;][image_with_animation image_url=\u00bb6107&#8243; alignment=\u00bbcenter\u00bb animation=\u00bbFade In\u00bb hover_animation=\u00bbnone\u00bb border_radius=\u00bbnone\u00bb box_shadow=\u00bbnone\u00bb image_loading=\u00bbdefault\u00bb max_width=\u00bb100%\u00bb max_width_mobile=\u00bbdefault\u00bb img_link=\u00bbhttps:\/\/www.sanofi.com.ar\/es\u00bb][\/item][item title=\u00bbElemento\u00bb id=\u00bb1626276857313-8&#8243; tab_id=\u00bb1626276857314-1&#8243;][image_with_animation image_url=\u00bb8055&#8243; alignment=\u00bbcenter\u00bb animation=\u00bbFade In\u00bb hover_animation=\u00bbnone\u00bb border_radius=\u00bbnone\u00bb box_shadow=\u00bbnone\u00bb image_loading=\u00bbdefault\u00bb max_width=\u00bb100%\u00bb max_width_mobile=\u00bbdefault\u00bb img_link=\u00bbhttp:\/\/www.novonordisk.com.ar\/\u00bb][\/item][item title=\u00bbElemento\u00bb id=\u00bb1626276857404-8&#8243; tab_id=\u00bb1626276857405-8&#8243;][image_with_animation image_url=\u00bb6104&#8243; alignment=\u00bbcenter\u00bb animation=\u00bbFade In\u00bb hover_animation=\u00bbnone\u00bb border_radius=\u00bbnone\u00bb box_shadow=\u00bbnone\u00bb image_loading=\u00bbdefault\u00bb max_width=\u00bb100%\u00bb max_width_mobile=\u00bbdefault\u00bb img_link=\u00bbhttps:\/\/www.montpellier.com.ar\/\u00bb][\/item][\/carousel][vc_column_text]\n<p style=\"text-align: center;\">Semiplenos<\/p>\n<p style=\"text-align: center;\">BAG\u00d3\u00a0 \u00a0 CRAVERI\u00a0 \u00a0 DENVERFARMA\u00a0 \u00a0 SERVIER<\/p>\n[\/vc_column_text][\/vc_column][\/vc_row]\n","protected":false},"excerpt":{"rendered":"<p>[vc_row type=\u00bbfull_width_background\u00bb full_screen_row_position=\u00bbmiddle\u00bb equal_height=\u00bbyes\u00bb content_placement=\u00bbbottom\u00bb column_margin=\u00bbdefault\u00bb bg_color=\u00bb#4e9b96&#8243; scene_position=\u00bbcenter\u00bb text_color=\u00bbdark\u00bb text_align=\u00bbcenter\u00bb top_padding=\u00bb12%\u00bb bottom_padding=\u00bb8%\u00bb overlay_strength=\u00bb0.5&#8243; shape_divider_position=\u00bbbottom\u00bb shape_divider_height=\u00bb350&#8243; bg_image_animation=\u00bbfade-in\u00bb parallax_bg=\u00bbtrue\u00bb parallax_bg_speed=\u00bbfast\u00bb shape_type=\u00bbmountains\u00bb][vc_column column_padding=\u00bbno-extra-padding\u00bb column_padding_position=\u00bball\u00bb background_color_opacity=\u00bb1&#8243; background_hover_color_opacity=\u00bb1&#8243; column_link_target=\u00bb_self\u00bb column_shadow=\u00bbnone\u00bb column_border_radius=\u00bbnone\u00bb width=\u00bb1\/1&#8243; tablet_width_inherit=\u00bbdefault\u00bb tablet_text_alignment=\u00bbdefault\u00bb phone_text_alignment=\u00bbdefault\u00bb&#8230;<\/p>\n","protected":false},"author":2,"featured_media":0,"parent":0,"menu_order":0,"comment_status":"closed","ping_status":"closed","template":"","meta":{"_mc_calendar":[],"_joinchat":[],"footnotes":""},"class_list":["post-6781","page","type-page","status-publish"],"_links":{"self":[{"href":"http:\/\/diabetes.org.ar\/2020\/wp-json\/wp\/v2\/pages\/6781","targetHints":{"allow":["GET"]}}],"collection":[{"href":"http:\/\/diabetes.org.ar\/2020\/wp-json\/wp\/v2\/pages"}],"about":[{"href":"http:\/\/diabetes.org.ar\/2020\/wp-json\/wp\/v2\/types\/page"}],"author":[{"embeddable":true,"href":"http:\/\/diabetes.org.ar\/2020\/wp-json\/wp\/v2\/users\/2"}],"replies":[{"embeddable":true,"href":"http:\/\/diabetes.org.ar\/2020\/wp-json\/wp\/v2\/comments?post=6781"}],"version-history":[{"count":26,"href":"http:\/\/diabetes.org.ar\/2020\/wp-json\/wp\/v2\/pages\/6781\/revisions"}],"predecessor-version":[{"id":8944,"href":"http:\/\/diabetes.org.ar\/2020\/wp-json\/wp\/v2\/pages\/6781\/revisions\/8944"}],"wp:attachment":[{"href":"http:\/\/diabetes.org.ar\/2020\/wp-json\/wp\/v2\/media?parent=6781"}],"curies":[{"name":"wp","href":"https:\/\/api.w.org\/{rel}","templated":true}]}}