{"id":7278,"date":"2020-07-02T17:40:09","date_gmt":"2020-07-02T17:40:09","guid":{"rendered":"http:\/\/diabetes.org.ar\/2020\/?page_id=7278"},"modified":"2020-11-20T17:22:21","modified_gmt":"2020-11-20T17:22:21","slug":"links-utiles-profesional","status":"publish","type":"page","link":"http:\/\/diabetes.org.ar\/2020\/links-utiles-profesional\/","title":{"rendered":"Links \u00fatiles profesional"},"content":{"rendered":"[vc_row type=\u00bbfull_width_background\u00bb full_screen_row_position=\u00bbmiddle\u00bb equal_height=\u00bbyes\u00bb content_placement=\u00bbbottom\u00bb column_margin=\u00bbdefault\u00bb bg_color=\u00bb#4e9b96&#8243; scene_position=\u00bbcenter\u00bb text_color=\u00bbdark\u00bb text_align=\u00bbleft\u00bb top_padding=\u00bb12%\u00bb bottom_padding=\u00bb8%\u00bb overlay_strength=\u00bb0.5&#8243; shape_divider_position=\u00bbbottom\u00bb shape_divider_height=\u00bb350&#8243; bg_image_animation=\u00bbfade-in\u00bb parallax_bg=\u00bbtrue\u00bb parallax_bg_speed=\u00bbfast\u00bb shape_type=\u00bbmountains\u00bb][vc_column column_padding=\u00bbno-extra-padding\u00bb column_padding_position=\u00bball\u00bb background_color_opacity=\u00bb1&#8243; background_hover_color_opacity=\u00bb1&#8243; column_link_target=\u00bb_self\u00bb column_shadow=\u00bbnone\u00bb column_border_radius=\u00bbnone\u00bb width=\u00bb1\/1&#8243; tablet_width_inherit=\u00bbdefault\u00bb tablet_text_alignment=\u00bbdefault\u00bb phone_text_alignment=\u00bbdefault\u00bb overlay_strength=\u00bb0.3&#8243; column_border_width=\u00bbnone\u00bb column_border_style=\u00bbsolid\u00bb bg_image_animation=\u00bbnone\u00bb][vc_row_inner column_margin=\u00bbdefault\u00bb text_align=\u00bbleft\u00bb][vc_column_inner column_padding=\u00bbno-extra-padding\u00bb column_padding_position=\u00bball\u00bb centered_text=\u00bbtrue\u00bb background_color_opacity=\u00bb1&#8243; background_hover_color_opacity=\u00bb1&#8243; font_color=\u00bb#ffffff\u00bb column_shadow=\u00bbnone\u00bb column_border_radius=\u00bbnone\u00bb column_link_target=\u00bb_self\u00bb width=\u00bb1\/1&#8243; tablet_width_inherit=\u00bbdefault\u00bb overlay_strength=\u00bb0.3&#8243; column_border_width=\u00bbnone\u00bb column_border_style=\u00bbsolid\u00bb bg_image_animation=\u00bbnone\u00bb][vc_column_text]\n<h1>Links \u00fatiles<\/h1>\n[\/vc_column_text][\/vc_column_inner][\/vc_row_inner][\/vc_column][\/vc_row][vc_row type=\u00bbfull_width_background\u00bb full_screen_row_position=\u00bbmiddle\u00bb equal_height=\u00bbyes\u00bb column_margin=\u00bbdefault\u00bb scene_position=\u00bbcenter\u00bb text_color=\u00bbdark\u00bb text_align=\u00bbleft\u00bb top_padding=\u00bb5%\u00bb bottom_padding=\u00bb13%\u00bb overlay_strength=\u00bb0.5&#8243; shape_divider_position=\u00bbbottom\u00bb shape_divider_height=\u00bb350&#8243; bg_image_animation=\u00bbfade-in\u00bb parallax_bg=\u00bbtrue\u00bb parallax_bg_speed=\u00bbfast\u00bb shape_type=\u00bbmountains\u00bb][vc_column column_padding=\u00bbno-extra-padding\u00bb column_padding_position=\u00bball\u00bb background_color_opacity=\u00bb1&#8243; background_hover_color_opacity=\u00bb1&#8243; column_link_target=\u00bb_self\u00bb column_shadow=\u00bbnone\u00bb column_border_radius=\u00bbnone\u00bb width=\u00bb2\/6&#8243; tablet_width_inherit=\u00bbdefault\u00bb tablet_text_alignment=\u00bbdefault\u00bb phone_text_alignment=\u00bbdefault\u00bb overlay_strength=\u00bb0.3&#8243; column_border_width=\u00bbnone\u00bb column_border_style=\u00bbsolid\u00bb bg_image_animation=\u00bbnone\u00bb][vc_row_inner equal_height=\u00bbyes\u00bb content_placement=\u00bbtop\u00bb column_margin=\u00bbdefault\u00bb text_align=\u00bbleft\u00bb][vc_column_inner column_padding=\u00bbno-extra-padding\u00bb column_padding_position=\u00bball\u00bb background_color_opacity=\u00bb1&#8243; background_hover_color_opacity=\u00bb1&#8243; column_shadow=\u00bbnone\u00bb column_border_radius=\u00bbnone\u00bb column_link_target=\u00bb_self\u00bb width=\u00bb1\/1&#8243; tablet_width_inherit=\u00bbdefault\u00bb overlay_strength=\u00bb0.3&#8243; column_border_width=\u00bbnone\u00bb column_border_style=\u00bbsolid\u00bb bg_image_animation=\u00bbnone\u00bb][nectar_btn size=\u00bbjumbo\u00bb button_style=\u00bbregular\u00bb button_color_2=\u00bbExtra-Color-1&#8243; icon_family=\u00bbnone\u00bb text=\u00bbGu\u00edas, Recomendaciones y Consensos\u00bb url=\u00bbhttp:\/\/diabetes.org.ar\/2020\/guias-recomendaciones-consensos\/\u00bb][nectar_btn size=\u00bbjumbo\u00bb button_style=\u00bbregular\u00bb button_color_2=\u00bbExtra-Color-1&#8243; icon_family=\u00bbnone\u00bb text=\u00bbLinks \u00fatiles\u00bb][\/vc_column_inner][\/vc_row_inner][\/vc_column][vc_column column_padding=\u00bbno-extra-padding\u00bb column_padding_position=\u00bball\u00bb background_color_opacity=\u00bb1&#8243; background_hover_color_opacity=\u00bb1&#8243; column_link_target=\u00bb_self\u00bb column_shadow=\u00bbnone\u00bb column_border_radius=\u00bbnone\u00bb width=\u00bb4\/6&#8243; tablet_width_inherit=\u00bbdefault\u00bb tablet_text_alignment=\u00bbdefault\u00bb phone_text_alignment=\u00bbdefault\u00bb overlay_strength=\u00bb0.3&#8243; column_border_width=\u00bbnone\u00bb column_border_style=\u00bbsolid\u00bb bg_image_animation=\u00bbnone\u00bb][vc_column_text]\n<h4 class=\"links-cat-title\">Argentina<\/h4>\n<ul class=\"links-list\">\n<li class=\"clear\"><a title=\"ANMAT: Foro de Discusi\u00f3n de la Gu\u00eda para Estudios Cl\u00ednicos en Diabetes tipo 2\" href=\"http:\/\/www.anmat.gov.ar\/Medicamentos\/investigacion_clinica.asp\" target=\"_blank\" rel=\"noopener noreferrer\">ANMAT: Foro de Discusi\u00f3n de la Gu\u00eda para Estudios Cl\u00ednicos en Diabetes tipo 2<\/a><\/li>\n<li class=\"clear\"><a title=\"Asociaci\u00f3n Nefrol\u00f3gica de Buenos Aires\" href=\"http:\/\/www.ancba.org.ar\/\" target=\"_blank\" rel=\"noopener noreferrer\">Asociaci\u00f3n Nefrol\u00f3gica de Buenos Aires<\/a><\/li>\n<li class=\"clear\"><a title=\"Federaci\u00f3n Argentina de Diabetes\" href=\"http:\/\/www.fad.org.ar\/\" target=\"_blank\" rel=\"noopener noreferrer\">Federaci\u00f3n Argentina de Diabetes<\/a><\/li>\n<li class=\"clear\"><a title=\"Federaci\u00f3n Argentina de Cardiolog\u00eda\" href=\"http:\/\/www.fac.org.ar\/\" target=\"_blank\" rel=\"noopener noreferrer\">Federaci\u00f3n Argentina de Cardiolog\u00eda<\/a><\/li>\n<li class=\"clear\"><a title=\"Federaci\u00f3n Argentina de Sociedades de Endocrinolog\u00eda (FASEN)\" href=\"http:\/\/www.fasen.org.ar\/\" target=\"_blank\" rel=\"noopener noreferrer\">Federaci\u00f3n Argentina de Sociedades de Endocrinolog\u00eda (FASEN)<\/a><\/li>\n<li class=\"clear\"><a title=\"Ministerio de Salud de la Naci\u00f3n\" href=\"http:\/\/www.msal.gov.ar\/\" target=\"_blank\" rel=\"noopener noreferrer\">Ministerio de Salud de la Naci\u00f3n<\/a><\/li>\n<li class=\"clear\"><a title=\"Sociedad Argentina de Cardiolog\u00eda\" href=\"http:\/\/www.sac.org.ar\/\" target=\"_blank\" rel=\"noopener noreferrer\">Sociedad Argentina de Cardiolog\u00eda<\/a><\/li>\n<li class=\"clear\"><a title=\"Sociedad Argentina de Endocrinolog\u00eda y Metabolismo (SAEM)\" href=\"http:\/\/www.saem.org.ar\/\" target=\"_blank\" rel=\"noopener noreferrer\">Sociedad Argentina de Endocrinolog\u00eda y Metabolismo (SAEM)<\/a><\/li>\n<li class=\"clear\"><a title=\"Sociedad Argentina de Hipertensi\u00f3n Argentina (SAHA)\" href=\"http:\/\/www.saha.org.ar\/\" target=\"_blank\" rel=\"noopener noreferrer\">Sociedad Argentina de Hipertensi\u00f3n Argentina (SAHA)<\/a><\/li>\n<li class=\"clear\"><a title=\"Sociedad Argentina de Nutrici\u00f3n\" href=\"http:\/\/www.sanutricion.org.ar\/\" target=\"_blank\" rel=\"noopener noreferrer\">Sociedad Argentina de Nutrici\u00f3n (SAN)<\/a><\/li>\n<li class=\"clear\"><a title=\"Sociedad Argentina de Obesidad y Trastornos Alimentarios (SAOTA)\" href=\"http:\/\/www.saota.org.ar\/\" target=\"_blank\" rel=\"noopener noreferrer\">Sociedad Argentina de Obesidad y Trastornos Alimentarios (SAOTA)<\/a><\/li>\n<\/ul>\n<h4 class=\"links-cat-title\">Otros pa\u00edses de Latinoam\u00e9rica<\/h4>\n<ul class=\"links-list\">\n<li class=\"clear\"><a title=\"Asociaci\u00f3n Latinoamericana de Diabetes (ALAD)\" href=\"http:\/\/www.alad-americalatina.org\/\" target=\"_blank\" rel=\"noopener noreferrer\">Asociaci\u00f3n Latinoamericana de Diabetes (ALAD<\/a>)<\/li>\n<li class=\"clear\"><a title=\"Asociaci\u00f3n de Diabetes de Per\u00fa\" href=\"https:\/\/es-es.facebook.com\/pages\/Asociaci%C3%B3n-de-Diabetes-del-Per%C3%BA_Secr_ADIPER\/251280031592799\" target=\"_blank\" rel=\"noopener noreferrer\">Asociaci\u00f3n de Diabetes de Per\u00fa<\/a><\/li>\n<li class=\"clear\"><a href=\"http:\/\/www.endocrino.org.co\/\" target=\"_blank\" rel=\"noopener\">Asocaci\u00f3n Colombiana\u00a0de Endocrinolog\u00eda, Diabetes y Metabolismo<\/a><\/li>\n<li class=\"clear\"><a title=\"Sociedad Boliviana de Endocrinolog\u00eda, Metabolismo y Nutrici\u00f3n\" href=\"https:\/\/www.facebook.com\/SBEMyNCochabamba\/\" target=\"_blank\" rel=\"noopener noreferrer\">Sociedad Boliviana de Endocrinolog\u00eda, Metabolismo y Nutrici\u00f3n<\/a><\/li>\n<li class=\"clear\"><a title=\"Sociedad Brasile\u00f1a de Diabetes\" href=\"http:\/\/www.diabetes.org.br\/\" target=\"_blank\" rel=\"noopener noreferrer\">Sociedad Brasile\u00f1a de Diabetes<\/a><\/li>\n<li class=\"clear\"><a title=\"Sociedad Chilena de Endocrinolog\u00eda y Diabetes\" href=\"http:\/\/www.soched.cl\/\" target=\"_blank\" rel=\"noopener noreferrer\">Sociedad Chilena de Endocrinolog\u00eda y Diabetes<\/a><\/li>\n<li class=\"clear\"><a title=\"Sociedad de Diabetolog\u00eda y Nutrici\u00f3n del Uruguay\" href=\"http:\/\/diabetesuruguay.org.uy\/\" target=\"_blank\" rel=\"noopener noreferrer\">Sociedad de Diabetolog\u00eda y Nutrici\u00f3n del Uruguay<\/a><\/li>\n<li class=\"clear\"><a title=\"Sociedad Paraguaya de Diabetolog\u00eda\/ Facebook\" href=\"https:\/\/es-la.facebook.com\/sociedad.dediabetologia\" target=\"_blank\" rel=\"noopener noreferrer\">Sociedad Paraguaya de Diabetolog\u00eda<\/a><\/li>\n<li class=\"clear\"><a title=\"Sociedad Venezolana de Endocrinolog\u00eda y Metabolismo\" href=\"http:\/\/www.svemonline.org\/\" target=\"_blank\" rel=\"noopener noreferrer\">Sociedad Venezolana de Endocrinolog\u00eda y Metabolismo<\/a><\/li>\n<li class=\"clear\"><a title=\"Sociedad Mexicana de Nutrici\u00f3n y Endocrinolog\u00eda\" href=\"http:\/\/endocrinologia.org.mx\/\" target=\"_blank\" rel=\"noopener noreferrer\">Sociedad Mexicana de Nutrici\u00f3n y Endocrinolog\u00eda<\/a><\/li>\n<\/ul>\n<h4 class=\"links-cat-title\">Resto del mundo<\/h4>\n<ul class=\"links-list\">\n<li class=\"clear\"><a title=\"Federaci\u00f3n Internacional de Diabetes (IDF)\" href=\"http:\/\/www.idf.org\/\" target=\"_blank\" rel=\"noopener noreferrer\">Federaci\u00f3n Internacional de Diabetes (IDF)<\/a><\/li>\n<li class=\"clear\"><a title=\"Organizaci\u00f3n Mundial de la Salud (OMS\/WHO) - Diabetes - Espa\u00f1ol \" href=\"http:\/\/www.who.int\/topics\/diabetes_mellitus\/es\/\" target=\"_blank\" rel=\"noopener noreferrer\">Organizaci\u00f3n Mundial de la Salud (OMS\/WHO) &#8211; Diabetes &#8211; Espa\u00f1ol<\/a><\/li>\n<li class=\"clear\"><a title=\"Asociaci\u00f3n Europea para el Estudio de la Diabetes (EASD) - UC\" href=\"http:\/\/www.easd.org\/\" target=\"_blank\" rel=\"noopener noreferrer\">Asociaci\u00f3n Europea para el Estudio de la Diabetes (EASD)<\/a><\/li>\n<li class=\"clear\"><a title=\"Asociaci\u00f3n Americana de Diabetes (ADA) - EUA\" href=\"http:\/\/www.diabetes.org\/\" target=\"_blank\" rel=\"noopener noreferrer\">Asociaci\u00f3n Americana de Diabetes (ADA)<\/a><\/li>\n<li class=\"clear\"><a title=\"Agencia Europea de Medicinas (EMEA) - UC\" href=\"http:\/\/www.ema.europa.eu\/ema\/\" target=\"_blank\" rel=\"noopener noreferrer\">Agencia Europea de Medicinas<\/a><\/li>\n<li class=\"clear\"><a title=\"Asociaci\u00f3n Americana de Educadores de Diabetes (AADE) - EUA\" href=\"http:\/\/www.diabeteseducator.org\/\" target=\"_blank\" rel=\"noopener noreferrer\">Asociaci\u00f3n Americana de Educadores de Diabetes (AADE<\/a>)<\/li>\n<li class=\"clear\"><a title=\"Asociaci\u00f3n Canadiense de Diabetes - Canad\u00e1\" href=\"http:\/\/www.diabetes.ca\/\" target=\"_blank\" rel=\"noopener noreferrer\">Asociaci\u00f3n Canadiense de Diabetes &#8211; Canad\u00e1<\/a><\/li>\n<li class=\"clear\"><a title=\"Diabetes Reino Unido (DUK)\" href=\"http:\/\/www.diabetes.org.uk\/\" target=\"_blank\" rel=\"noopener noreferrer\">Diabetes Reino Unido<\/a><\/li>\n<li class=\"clear\"><a title=\"Federaci\u00f3n Europea de Enfermeros en Diabetes\" href=\"http:\/\/www.fend.org\/\" target=\"_blank\" rel=\"noopener noreferrer\">Fundaci\u00f3n Europea de Enfermeros en Diabetes<\/a><\/li>\n<li class=\"clear\"><a title=\"Instituto Nacional de Enfermedades Digestivas, Diabetes y Ri\u00f1\u00f3n - EUA\" href=\"http:\/\/diabetes.niddk.nih.gov\/\" target=\"_blank\" rel=\"noopener noreferrer\">Instituto Nacional de Enfermedades Digestivas, Diabetes y Ri\u00f1\u00f3n &#8211; EUA<\/a><\/li>\n<li class=\"clear\"><a title=\"Operador Sanitario de la Diabetolog\u00eda Italiana\" href=\"http:\/\/www.osdi.it\/\" target=\"_blank\" rel=\"noopener noreferrer\">Operador Sanitario de la Diabetolog\u00eda Italiana<\/a><\/li>\n<li class=\"clear\"><a title=\"Sociedad Espa\u00f1ola de Diabetes\" href=\"http:\/\/www.sediabetes.org\/\" target=\"_blank\" rel=\"noopener noreferrer\">Sociedad Espa\u00f1ola de Diabetes<\/a><\/li>\n<\/ul>\n[\/vc_column_text][\/vc_column][\/vc_row][vc_row type=\u00bbin_container\u00bb full_screen_row_position=\u00bbmiddle\u00bb column_margin=\u00bbdefault\u00bb scene_position=\u00bbcenter\u00bb text_color=\u00bbdark\u00bb text_align=\u00bbleft\u00bb overlay_strength=\u00bb0.3&#8243; shape_divider_position=\u00bbbottom\u00bb bg_image_animation=\u00bbnone\u00bb][vc_column column_padding=\u00bbno-extra-padding\u00bb column_padding_position=\u00bball\u00bb background_color_opacity=\u00bb1&#8243; background_hover_color_opacity=\u00bb1&#8243; column_link_target=\u00bb_self\u00bb column_shadow=\u00bbnone\u00bb column_border_radius=\u00bbnone\u00bb width=\u00bb1\/1&#8243; tablet_width_inherit=\u00bbdefault\u00bb tablet_text_alignment=\u00bbdefault\u00bb phone_text_alignment=\u00bbdefault\u00bb overlay_strength=\u00bb0.3&#8243; column_border_width=\u00bbnone\u00bb column_border_style=\u00bbsolid\u00bb bg_image_animation=\u00bbnone\u00bb][heading]\n<h3 class=\"\">SOCIOS COOPERADORES<\/h3>\n<p>Plenos[\/heading][carousel script=\u00bbowl_carousel\u00bb desktop_cols=\u00bb7&#8243; desktop_small_cols=\u00bb3&#8243; tablet_cols=\u00bb2&#8243; mobile_cols=\u00bb1&#8243; column_padding=\u00bb5px\u00bb loop=\u00bbtrue\u00bb autorotate=\u00bbtrue\u00bb][item id=\u00bb1605892757732-2&#8243; title=\u00bbElemento\u00bb tab_id=\u00bb1605892757735-10&#8243;][image_with_animation image_url=\u00bb6093&#8243; alignment=\u00bbcenter\u00bb animation=\u00bbFade In\u00bb hover_animation=\u00bbnone\u00bb border_radius=\u00bbnone\u00bb box_shadow=\u00bbnone\u00bb image_loading=\u00bbdefault\u00bb max_width=\u00bb100%\u00bb max_width_mobile=\u00bbdefault\u00bb img_link=\u00bbhttps:\/\/www.freestylelibre.com.ar\/index.html\u00bb][\/item][item id=\u00bb1605892761163-0&#8243; title=\u00bbElemento\u00bb tab_id=\u00bb1605892761175-4&#8243;][image_with_animation image_url=\u00bb8114&#8243; alignment=\u00bbcenter\u00bb animation=\u00bbFade In\u00bb hover_animation=\u00bbnone\u00bb border_radius=\u00bbnone\u00bb box_shadow=\u00bbnone\u00bb image_loading=\u00bbdefault\u00bb max_width=\u00bb100%\u00bb max_width_mobile=\u00bbdefault\u00bb img_link=\u00bbhttps:\/\/www.accu-chek.com.ar\/home\u00bb][\/item][item id=\u00bb1605892762986-1&#8243; title=\u00bbElemento\u00bb tab_id=\u00bb1605892762994-7&#8243;][image_with_animation image_url=\u00bb6099&#8243; alignment=\u00bbcenter\u00bb animation=\u00bbFade In\u00bb hover_animation=\u00bbnone\u00bb border_radius=\u00bbnone\u00bb box_shadow=\u00bbnone\u00bb image_loading=\u00bbdefault\u00bb max_width=\u00bb100%\u00bb max_width_mobile=\u00bbdefault\u00bb img_link=\u00bbhttps:\/\/www.gador.com.ar\/linea\/cardline\/\u00bb][\/item][item title=\u00bbElemento\u00bb id=\u00bb1605892764524-4&#8243; tab_id=\u00bb1605892764528-10&#8243;][image_with_animation image_url=\u00bb7457&#8243; alignment=\u00bbcenter\u00bb animation=\u00bbFade In\u00bb hover_animation=\u00bbnone\u00bb border_radius=\u00bbnone\u00bb box_shadow=\u00bbnone\u00bb image_loading=\u00bbdefault\u00bb max_width=\u00bb100%\u00bb max_width_mobile=\u00bbdefault\u00bb img_link=\u00bbhttps:\/\/www.lillylatam.com\/\u00bb][\/item][item title=\u00bbElemento\u00bb id=\u00bb1605892766045-4&#8243; tab_id=\u00bb1605892766062-0&#8243;][image_with_animation image_url=\u00bb6107&#8243; alignment=\u00bbcenter\u00bb animation=\u00bbFade In\u00bb hover_animation=\u00bbnone\u00bb border_radius=\u00bbnone\u00bb box_shadow=\u00bbnone\u00bb image_loading=\u00bbdefault\u00bb max_width=\u00bb100%\u00bb max_width_mobile=\u00bbdefault\u00bb img_link=\u00bbhttps:\/\/www.sanofi.com.ar\/es\u00bb][\/item][item title=\u00bbElemento\u00bb id=\u00bb1605892767703-6&#8243; tab_id=\u00bb1605892767708-1&#8243;][image_with_animation image_url=\u00bb8055&#8243; alignment=\u00bbcenter\u00bb animation=\u00bbFade In\u00bb hover_animation=\u00bbnone\u00bb border_radius=\u00bbnone\u00bb box_shadow=\u00bbnone\u00bb image_loading=\u00bbdefault\u00bb max_width=\u00bb100%\u00bb max_width_mobile=\u00bbdefault\u00bb img_link=\u00bbhttp:\/\/www.novonordisk.com.ar\/\u00bb][\/item][item title=\u00bbElemento\u00bb id=\u00bb1605892768760-4&#8243; tab_id=\u00bb1605892768765-2&#8243;][image_with_animation image_url=\u00bb6104&#8243; alignment=\u00bbcenter\u00bb animation=\u00bbFade In\u00bb hover_animation=\u00bbnone\u00bb border_radius=\u00bbnone\u00bb box_shadow=\u00bbnone\u00bb image_loading=\u00bbdefault\u00bb max_width=\u00bb100%\u00bb max_width_mobile=\u00bbdefault\u00bb img_link=\u00bbhttps:\/\/www.montpellier.com.ar\/\u00bb][\/item][\/carousel][vc_column_text]\n<p style=\"text-align: center;\">Semiplenos<\/p>\n<p style=\"text-align: center;\">BAG\u00d3\u00a0 \u00a0 CRAVERI\u00a0 \u00a0 DENVERFARMA\u00a0 \u00a0 SERVIER<\/p>\n[\/vc_column_text][\/vc_column][\/vc_row]\n","protected":false},"excerpt":{"rendered":"<p>[vc_row type=\u00bbfull_width_background\u00bb full_screen_row_position=\u00bbmiddle\u00bb equal_height=\u00bbyes\u00bb content_placement=\u00bbbottom\u00bb column_margin=\u00bbdefault\u00bb bg_color=\u00bb#4e9b96&#8243; scene_position=\u00bbcenter\u00bb text_color=\u00bbdark\u00bb text_align=\u00bbleft\u00bb top_padding=\u00bb12%\u00bb bottom_padding=\u00bb8%\u00bb overlay_strength=\u00bb0.5&#8243; shape_divider_position=\u00bbbottom\u00bb shape_divider_height=\u00bb350&#8243; bg_image_animation=\u00bbfade-in\u00bb parallax_bg=\u00bbtrue\u00bb parallax_bg_speed=\u00bbfast\u00bb shape_type=\u00bbmountains\u00bb][vc_column column_padding=\u00bbno-extra-padding\u00bb column_padding_position=\u00bball\u00bb background_color_opacity=\u00bb1&#8243; background_hover_color_opacity=\u00bb1&#8243; column_link_target=\u00bb_self\u00bb column_shadow=\u00bbnone\u00bb column_border_radius=\u00bbnone\u00bb width=\u00bb1\/1&#8243; tablet_width_inherit=\u00bbdefault\u00bb tablet_text_alignment=\u00bbdefault\u00bb phone_text_alignment=\u00bbdefault\u00bb&#8230;<\/p>\n","protected":false},"author":2,"featured_media":0,"parent":0,"menu_order":0,"comment_status":"closed","ping_status":"closed","template":"","meta":{"_mc_calendar":[],"_joinchat":[],"footnotes":""},"class_list":["post-7278","page","type-page","status-publish"],"_links":{"self":[{"href":"http:\/\/diabetes.org.ar\/2020\/wp-json\/wp\/v2\/pages\/7278","targetHints":{"allow":["GET"]}}],"collection":[{"href":"http:\/\/diabetes.org.ar\/2020\/wp-json\/wp\/v2\/pages"}],"about":[{"href":"http:\/\/diabetes.org.ar\/2020\/wp-json\/wp\/v2\/types\/page"}],"author":[{"embeddable":true,"href":"http:\/\/diabetes.org.ar\/2020\/wp-json\/wp\/v2\/users\/2"}],"replies":[{"embeddable":true,"href":"http:\/\/diabetes.org.ar\/2020\/wp-json\/wp\/v2\/comments?post=7278"}],"version-history":[{"count":4,"href":"http:\/\/diabetes.org.ar\/2020\/wp-json\/wp\/v2\/pages\/7278\/revisions"}],"predecessor-version":[{"id":8185,"href":"http:\/\/diabetes.org.ar\/2020\/wp-json\/wp\/v2\/pages\/7278\/revisions\/8185"}],"wp:attachment":[{"href":"http:\/\/diabetes.org.ar\/2020\/wp-json\/wp\/v2\/media?parent=7278"}],"curies":[{"name":"wp","href":"https:\/\/api.w.org\/{rel}","templated":true}]}}