{"id":8850,"date":"2021-07-02T15:15:12","date_gmt":"2021-07-02T15:15:12","guid":{"rendered":"http:\/\/diabetes.org.ar\/2020\/?page_id=8850"},"modified":"2022-11-02T13:12:02","modified_gmt":"2022-11-02T16:12:02","slug":"adolescenciaydm","status":"publish","type":"page","link":"http:\/\/diabetes.org.ar\/2020\/adolescenciaydm\/","title":{"rendered":"Actualizaci\u00f3n en Nutrici\u00f3n en el paciente adolescente con Diabetes tipo 1"},"content":{"rendered":"[vc_row type=\u00bbfull_width_background\u00bb full_screen_row_position=\u00bbmiddle\u00bb equal_height=\u00bbyes\u00bb content_placement=\u00bbbottom\u00bb column_margin=\u00bbdefault\u00bb bg_color=\u00bb#00aae8&#8243; scene_position=\u00bbcenter\u00bb text_color=\u00bbdark\u00bb text_align=\u00bbcenter\u00bb top_padding=\u00bb12%\u00bb bottom_padding=\u00bb8%\u00bb overlay_strength=\u00bb0.5&#8243; shape_divider_position=\u00bbbottom\u00bb shape_divider_height=\u00bb350&#8243; bg_image_animation=\u00bbfade-in\u00bb parallax_bg=\u00bbtrue\u00bb parallax_bg_speed=\u00bbfast\u00bb shape_type=\u00bbmountains\u00bb][vc_column column_padding=\u00bbno-extra-padding\u00bb column_padding_position=\u00bball\u00bb background_color_opacity=\u00bb1&#8243; background_hover_color_opacity=\u00bb1&#8243; column_link_target=\u00bb_self\u00bb column_shadow=\u00bbnone\u00bb column_border_radius=\u00bbnone\u00bb width=\u00bb1\/1&#8243; tablet_width_inherit=\u00bbdefault\u00bb tablet_text_alignment=\u00bbdefault\u00bb phone_text_alignment=\u00bbdefault\u00bb overlay_strength=\u00bb0.3&#8243; column_border_width=\u00bbnone\u00bb column_border_style=\u00bbsolid\u00bb bg_image_animation=\u00bbnone\u00bb][vc_row_inner column_margin=\u00bbdefault\u00bb text_align=\u00bbleft\u00bb][vc_column_inner column_padding=\u00bbno-extra-padding\u00bb column_padding_position=\u00bball\u00bb centered_text=\u00bbtrue\u00bb background_color_opacity=\u00bb1&#8243; background_hover_color_opacity=\u00bb1&#8243; font_color=\u00bb#ffffff\u00bb column_shadow=\u00bbnone\u00bb column_border_radius=\u00bbnone\u00bb column_link_target=\u00bb_self\u00bb width=\u00bb1\/1&#8243; tablet_width_inherit=\u00bbdefault\u00bb overlay_strength=\u00bb0.3&#8243; column_border_width=\u00bbnone\u00bb column_border_style=\u00bbsolid\u00bb bg_image_animation=\u00bbnone\u00bb][vc_column_text]\n<h1 class=\"sppb-addon-title\">Actualizaci\u00f3n en Nutrici\u00f3n en el paciente adolescente con Diabetes tipo 1<\/h1>\n[\/vc_column_text][\/vc_column_inner][\/vc_row_inner][\/vc_column][\/vc_row][vc_row type=\u00bbfull_width_background\u00bb full_screen_row_position=\u00bbmiddle\u00bb equal_height=\u00bbyes\u00bb content_placement=\u00bbmiddle\u00bb column_margin=\u00bbdefault\u00bb scene_position=\u00bbcenter\u00bb text_color=\u00bbdark\u00bb text_align=\u00bbcenter\u00bb top_padding=\u00bb5%\u00bb bottom_padding=\u00bb1%\u00bb overlay_strength=\u00bb0.5&#8243; shape_divider_position=\u00bbbottom\u00bb shape_divider_height=\u00bb350&#8243; bg_image_animation=\u00bbfade-in\u00bb parallax_bg=\u00bbtrue\u00bb parallax_bg_speed=\u00bbfast\u00bb shape_type=\u00bbmountains\u00bb][vc_column column_padding=\u00bbno-extra-padding\u00bb column_padding_position=\u00bball\u00bb background_color_opacity=\u00bb1&#8243; background_hover_color_opacity=\u00bb1&#8243; column_link_target=\u00bb_self\u00bb column_shadow=\u00bbnone\u00bb column_border_radius=\u00bbnone\u00bb width=\u00bb1\/1&#8243; tablet_width_inherit=\u00bbdefault\u00bb tablet_text_alignment=\u00bbdefault\u00bb phone_text_alignment=\u00bbdefault\u00bb overlay_strength=\u00bb0.3&#8243; column_border_width=\u00bbnone\u00bb column_border_style=\u00bbsolid\u00bb bg_image_animation=\u00bbnone\u00bb][vc_column_text]\u00bbEsperamos que este curso permita contribuir a mejorar la calidad de la atenci\u00f3n del paciente adolescente con diabetes y que el profesional pueda desarrollar competencias que permitan atender al paciente en la problem\u00e1tica b\u00e1sica en el crecimiento y desarrollo que encuentra el adolescente y conocer las necesidades nutricionales de esta etapa cr\u00edtica. Esperamos tambi\u00e9n facilitar la actualizaci\u00f3n cient\u00edfica al mejor nivel, en cualquier lugar del pa\u00eds\u00bb.[\/vc_column_text][\/vc_column][\/vc_row][vc_row type=\u00bbfull_width_background\u00bb full_screen_row_position=\u00bbmiddle\u00bb equal_height=\u00bbyes\u00bb content_placement=\u00bbtop\u00bb column_margin=\u00bbdefault\u00bb bg_color=\u00bb#00aae8&#8243; scene_position=\u00bbcenter\u00bb text_color=\u00bbdark\u00bb text_align=\u00bbleft\u00bb top_padding=\u00bb10&#8243; bottom_padding=\u00bb10&#8243; overlay_strength=\u00bb0.5&#8243; shape_divider_position=\u00bbbottom\u00bb shape_divider_height=\u00bb350&#8243; bg_image_animation=\u00bbfade-in\u00bb parallax_bg=\u00bbtrue\u00bb parallax_bg_speed=\u00bbfast\u00bb shape_type=\u00bbmountains\u00bb][vc_column column_padding=\u00bbpadding-2-percent\u00bb column_padding_position=\u00bball\u00bb background_color_opacity=\u00bb1&#8243; background_hover_color_opacity=\u00bb1&#8243; font_color=\u00bb#ffffff\u00bb column_link_target=\u00bb_self\u00bb column_shadow=\u00bbnone\u00bb column_border_radius=\u00bbnone\u00bb width=\u00bb1\/2&#8243; tablet_width_inherit=\u00bbdefault\u00bb tablet_text_alignment=\u00bbdefault\u00bb phone_text_alignment=\u00bbdefault\u00bb overlay_strength=\u00bb0.3&#8243; column_border_width=\u00bbnone\u00bb column_border_style=\u00bbsolid\u00bb bg_image_animation=\u00bbnone\u00bb][vc_column_text]<strong>INICIO:\u00a0 <\/strong>16\u00a0de mayo<\/p>\n<p><strong>DURACI\u00d3N:<\/strong> 2 meses<\/p>\n<p><strong>MODALIDAD: <\/strong>Virtual<\/p>\n<p><strong>CARGA HORARIA:<\/strong> 30 h[\/vc_column_text][vc_column_text]<strong>DIRECCI\u00d3N: <\/strong>Dra. Maria Eugenia Andres[\/vc_column_text][vc_column_text]<strong>ARANCELES:<\/strong><\/p>\n<ul>\n<li><strong>Socio SAD:<\/strong> $17.100,-. (en <em>3 cuotas sin inter\u00e9s solo por Mercado Pago)<\/em><\/li>\n<li><strong>No Socio: <\/strong>$24.000,-. (en <em>3 cuotas sin inter\u00e9s solo por Mercado Pago)<\/em><\/li>\n<li><strong>Extranjero:<\/strong> USD 180 (<em>PayPal)<\/em><\/li>\n<\/ul>\n<p><em>Opci\u00f3n en un pago <strong>solo por transferencia bancaria<\/strong>:\u00a0<\/em><\/p>\n<ul>\n<li><em>SOCIO SAD: $15.000,-.<\/em><\/li>\n<li><em>No Socio: $21.000,-.<\/em><\/li>\n<\/ul>\n<p><strong>Nota: El precio preferencial de Socio SAD es exclusivo para socios con cuota al d\u00eda.\u00a0<\/strong>[\/vc_column_text][\/vc_column][vc_column column_padding=\u00bbpadding-2-percent\u00bb column_padding_position=\u00bball\u00bb background_color_opacity=\u00bb1&#8243; background_hover_color_opacity=\u00bb1&#8243; font_color=\u00bb#ffffff\u00bb column_link_target=\u00bb_self\u00bb column_shadow=\u00bbnone\u00bb column_border_radius=\u00bbnone\u00bb width=\u00bb1\/2&#8243; tablet_width_inherit=\u00bbdefault\u00bb tablet_text_alignment=\u00bbdefault\u00bb phone_text_alignment=\u00bbdefault\u00bb overlay_strength=\u00bb0.3&#8243; column_border_width=\u00bbnone\u00bb column_border_style=\u00bbsolid\u00bb bg_image_animation=\u00bbnone\u00bb][vc_column_text]<strong>DESTINADO A<\/strong><\/p>\n<ul>\n<li>M\u00e9dicos pediatras<\/li>\n<li>M\u00e9dicos generalistas<\/li>\n<li>M\u00e9dicos especialistas en Nutrici\u00f3n<\/li>\n<li>M\u00e9dicos Endocrin\u00f3logos<\/li>\n<li>M\u00e9dicos Diabet\u00f3logos<\/li>\n<li>Lic. en Nutrici\u00f3n<\/li>\n<\/ul>\n[\/vc_column_text][vc_column_text]<strong>CONSULTAS: <a href=\"mailto:info@diabetes.org.ar\">info@diabetes.org.ar<\/a><\/strong>[\/vc_column_text][\/vc_column][\/vc_row][vc_row type=\u00bbin_container\u00bb full_screen_row_position=\u00bbmiddle\u00bb column_margin=\u00bbdefault\u00bb scene_position=\u00bbcenter\u00bb text_color=\u00bbdark\u00bb text_align=\u00bbleft\u00bb overlay_strength=\u00bb0.3&#8243; shape_divider_position=\u00bbbottom\u00bb bg_image_animation=\u00bbnone\u00bb][vc_column column_padding=\u00bbno-extra-padding\u00bb column_padding_position=\u00bball\u00bb background_color_opacity=\u00bb1&#8243; background_hover_color_opacity=\u00bb1&#8243; column_link_target=\u00bb_self\u00bb column_shadow=\u00bbnone\u00bb column_border_radius=\u00bbnone\u00bb width=\u00bb1\/1&#8243; tablet_width_inherit=\u00bbdefault\u00bb tablet_text_alignment=\u00bbdefault\u00bb phone_text_alignment=\u00bbdefault\u00bb overlay_strength=\u00bb0.3&#8243; column_border_width=\u00bbnone\u00bb column_border_style=\u00bbsolid\u00bb bg_image_animation=\u00bbnone\u00bb][heading]\n<h3 class=\"\">SOCIOS COOPERADORES<\/h3>\n<p>Plenos[\/heading][carousel script=\u00bbowl_carousel\u00bb desktop_cols=\u00bb7&#8243; desktop_small_cols=\u00bb3&#8243; tablet_cols=\u00bb2&#8243; mobile_cols=\u00bb1&#8243; column_padding=\u00bb5px\u00bb loop=\u00bbtrue\u00bb autorotate=\u00bbtrue\u00bb][item id=\u00bb1667404961721-6&#8243; title=\u00bbElemento\u00bb tab_id=\u00bb1667404961723-6&#8243;][image_with_animation image_url=\u00bb6093&#8243; alignment=\u00bbcenter\u00bb animation=\u00bbFade In\u00bb hover_animation=\u00bbnone\u00bb border_radius=\u00bbnone\u00bb box_shadow=\u00bbnone\u00bb image_loading=\u00bbdefault\u00bb max_width=\u00bb100%\u00bb max_width_mobile=\u00bbdefault\u00bb img_link=\u00bbhttps:\/\/www.freestylelibre.com.ar\/index.html\u00bb][\/item][item id=\u00bb1667404961837-1&#8243; title=\u00bbElemento\u00bb tab_id=\u00bb1667404961838-8&#8243;][image_with_animation image_url=\u00bb8114&#8243; alignment=\u00bbcenter\u00bb animation=\u00bbFade In\u00bb hover_animation=\u00bbnone\u00bb border_radius=\u00bbnone\u00bb box_shadow=\u00bbnone\u00bb image_loading=\u00bbdefault\u00bb max_width=\u00bb100%\u00bb max_width_mobile=\u00bbdefault\u00bb img_link=\u00bbhttps:\/\/www.accu-chek.com.ar\/home\u00bb][\/item][item id=\u00bb1667404961895-0&#8243; title=\u00bbElemento\u00bb tab_id=\u00bb1667404961897-5&#8243;][image_with_animation image_url=\u00bb9700&#8243; alignment=\u00bbcenter\u00bb animation=\u00bbFade In\u00bb hover_animation=\u00bbnone\u00bb border_radius=\u00bbnone\u00bb box_shadow=\u00bbnone\u00bb image_loading=\u00bbdefault\u00bb max_width=\u00bb100%\u00bb max_width_mobile=\u00bbdefault\u00bb img_link=\u00bbhttps:\/\/www.gador.com.ar\/linea\/cardline\/\u00bb][\/item][item title=\u00bbElemento\u00bb id=\u00bb1667404961970-4&#8243; tab_id=\u00bb1667404961971-6&#8243;][image_with_animation image_url=\u00bb9832&#8243; alignment=\u00bbcenter\u00bb animation=\u00bbFade In\u00bb hover_animation=\u00bbnone\u00bb border_radius=\u00bbnone\u00bb box_shadow=\u00bbnone\u00bb image_loading=\u00bbdefault\u00bb max_width=\u00bb100%\u00bb max_width_mobile=\u00bbdefault\u00bb img_link=\u00bbhttps:\/\/www.lillylatam.com\/\u00bb][\/item][item title=\u00bbElemento\u00bb id=\u00bb1667404962036-7&#8243; tab_id=\u00bb1667404962037-7&#8243;][image_with_animation image_url=\u00bb10661&#8243; alignment=\u00bbcenter\u00bb animation=\u00bbFade In\u00bb hover_animation=\u00bbnone\u00bb border_radius=\u00bbnone\u00bb box_shadow=\u00bbnone\u00bb image_loading=\u00bbdefault\u00bb max_width=\u00bb100%\u00bb max_width_mobile=\u00bbdefault\u00bb img_link=\u00bbhttps:\/\/www.sanofi.com.ar\/es\u00bb][\/item][item title=\u00bbElemento\u00bb id=\u00bb1667404962090-0&#8243; tab_id=\u00bb1667404962091-5&#8243;][image_with_animation image_url=\u00bb8055&#8243; alignment=\u00bbcenter\u00bb animation=\u00bbFade In\u00bb hover_animation=\u00bbnone\u00bb border_radius=\u00bbnone\u00bb box_shadow=\u00bbnone\u00bb image_loading=\u00bbdefault\u00bb max_width=\u00bb100%\u00bb max_width_mobile=\u00bbdefault\u00bb img_link=\u00bbhttp:\/\/www.novonordisk.com.ar\/\u00bb][\/item][item title=\u00bbElemento\u00bb id=\u00bb1667404962158-7&#8243; tab_id=\u00bb1667404962159-3&#8243;][image_with_animation image_url=\u00bb9831&#8243; alignment=\u00bbcenter\u00bb animation=\u00bbFade In\u00bb hover_animation=\u00bbnone\u00bb border_radius=\u00bbnone\u00bb box_shadow=\u00bbnone\u00bb image_loading=\u00bbdefault\u00bb max_width=\u00bb100%\u00bb max_width_mobile=\u00bbdefault\u00bb img_link=\u00bbhttps:\/\/www.montpellier.com.ar\/\u00bb][\/item][item title=\u00bbElemento\u00bb id=\u00bb1667404962222-8&#8243; tab_id=\u00bb1667404962223-0&#8243;][image_with_animation image_url=\u00bb11269&#8243; alignment=\u00bbcenter\u00bb animation=\u00bbFade In\u00bb hover_animation=\u00bbnone\u00bb border_radius=\u00bbnone\u00bb box_shadow=\u00bbnone\u00bb image_loading=\u00bbdefault\u00bb max_width=\u00bb100%\u00bb max_width_mobile=\u00bbdefault\u00bb img_link=\u00bbhttps:\/\/www.montpellier.com.ar\/\u00bb][\/item][\/carousel][vc_column_text]\n<p style=\"text-align: center;\">Semiplenos<\/p>\n<p style=\"text-align: center;\">BAG\u00d3| CASASCO | CELNOVA | CRAVERI | DENVER | SIDUS<\/p>\n[\/vc_column_text][\/vc_column][\/vc_row]\n","protected":false},"excerpt":{"rendered":"<p>[vc_row type=\u00bbfull_width_background\u00bb full_screen_row_position=\u00bbmiddle\u00bb equal_height=\u00bbyes\u00bb content_placement=\u00bbbottom\u00bb column_margin=\u00bbdefault\u00bb bg_color=\u00bb#00aae8&#8243; scene_position=\u00bbcenter\u00bb text_color=\u00bbdark\u00bb text_align=\u00bbcenter\u00bb top_padding=\u00bb12%\u00bb bottom_padding=\u00bb8%\u00bb overlay_strength=\u00bb0.5&#8243; shape_divider_position=\u00bbbottom\u00bb shape_divider_height=\u00bb350&#8243; bg_image_animation=\u00bbfade-in\u00bb parallax_bg=\u00bbtrue\u00bb parallax_bg_speed=\u00bbfast\u00bb shape_type=\u00bbmountains\u00bb][vc_column column_padding=\u00bbno-extra-padding\u00bb column_padding_position=\u00bball\u00bb background_color_opacity=\u00bb1&#8243; background_hover_color_opacity=\u00bb1&#8243; column_link_target=\u00bb_self\u00bb column_shadow=\u00bbnone\u00bb column_border_radius=\u00bbnone\u00bb width=\u00bb1\/1&#8243; tablet_width_inherit=\u00bbdefault\u00bb tablet_text_alignment=\u00bbdefault\u00bb phone_text_alignment=\u00bbdefault\u00bb&#8230;<\/p>\n","protected":false},"author":2,"featured_media":0,"parent":0,"menu_order":0,"comment_status":"closed","ping_status":"closed","template":"","meta":{"_mc_calendar":[],"_joinchat":[],"footnotes":""},"class_list":["post-8850","page","type-page","status-publish"],"_links":{"self":[{"href":"http:\/\/diabetes.org.ar\/2020\/wp-json\/wp\/v2\/pages\/8850","targetHints":{"allow":["GET"]}}],"collection":[{"href":"http:\/\/diabetes.org.ar\/2020\/wp-json\/wp\/v2\/pages"}],"about":[{"href":"http:\/\/diabetes.org.ar\/2020\/wp-json\/wp\/v2\/types\/page"}],"author":[{"embeddable":true,"href":"http:\/\/diabetes.org.ar\/2020\/wp-json\/wp\/v2\/users\/2"}],"replies":[{"embeddable":true,"href":"http:\/\/diabetes.org.ar\/2020\/wp-json\/wp\/v2\/comments?post=8850"}],"version-history":[{"count":45,"href":"http:\/\/diabetes.org.ar\/2020\/wp-json\/wp\/v2\/pages\/8850\/revisions"}],"predecessor-version":[{"id":8853,"href":"http:\/\/diabetes.org.ar\/2020\/wp-json\/wp\/v2\/pages\/8850\/revisions\/8853"}],"wp:attachment":[{"href":"http:\/\/diabetes.org.ar\/2020\/wp-json\/wp\/v2\/media?parent=8850"}],"curies":[{"name":"wp","href":"https:\/\/api.w.org\/{rel}","templated":true}]}}