{"id":13441,"date":"2024-05-27T13:21:01","date_gmt":"2024-05-27T16:21:01","guid":{"rendered":"https:\/\/diabetes.org.ar\/2020\/?page_id=13441"},"modified":"2024-12-06T14:37:41","modified_gmt":"2024-12-06T17:37:41","slug":"terminos-y-condiciones-app-pie-diabetico-2","status":"publish","type":"page","link":"https:\/\/diabetes.org.ar\/2020\/terminos-y-condiciones-app-pie-diabetico-2\/","title":{"rendered":"T\u00e9rminos y condiciones App Pie diab\u00e9tico"},"content":{"rendered":"[vc_row type=\u00bbfull_width_background\u00bb full_screen_row_position=\u00bbmiddle\u00bb column_margin=\u00bbdefault\u00bb equal_height=\u00bbyes\u00bb content_placement=\u00bbbottom\u00bb column_direction=\u00bbdefault\u00bb column_direction_tablet=\u00bbdefault\u00bb column_direction_phone=\u00bbdefault\u00bb bg_color=\u00bb#34bcb8&#8243; scene_position=\u00bbcenter\u00bb top_padding=\u00bb12%\u00bb bottom_padding=\u00bb8%\u00bb text_color=\u00bbdark\u00bb text_align=\u00bbleft\u00bb row_border_radius=\u00bbnone\u00bb row_border_radius_applies=\u00bbbg\u00bb overflow=\u00bbvisible\u00bb overlay_strength=\u00bb0.5&#8243; gradient_direction=\u00bbleft_to_right\u00bb shape_divider_position=\u00bbbottom\u00bb shape_divider_height=\u00bb350&#8243; bg_image_animation=\u00bbfade-in\u00bb parallax_bg=\u00bbtrue\u00bb parallax_bg_speed=\u00bbfast\u00bb shape_type=\u00bbmountains\u00bb][vc_column column_padding=\u00bbno-extra-padding\u00bb column_padding_tablet=\u00bbinherit\u00bb column_padding_phone=\u00bbinherit\u00bb column_padding_position=\u00bball\u00bb column_element_direction_desktop=\u00bbdefault\u00bb column_element_spacing=\u00bbdefault\u00bb desktop_text_alignment=\u00bbdefault\u00bb tablet_text_alignment=\u00bbdefault\u00bb phone_text_alignment=\u00bbdefault\u00bb background_color_opacity=\u00bb1&#8243; background_hover_color_opacity=\u00bb1&#8243; column_backdrop_filter=\u00bbnone\u00bb column_shadow=\u00bbnone\u00bb column_border_radius=\u00bbnone\u00bb column_link_target=\u00bb_self\u00bb column_position=\u00bbdefault\u00bb gradient_direction=\u00bbleft_to_right\u00bb overlay_strength=\u00bb0.3&#8243; width=\u00bb1\/1&#8243; tablet_width_inherit=\u00bbdefault\u00bb animation_type=\u00bbdefault\u00bb bg_image_animation=\u00bbnone\u00bb border_type=\u00bbsimple\u00bb column_border_width=\u00bbnone\u00bb column_border_style=\u00bbsolid\u00bb][vc_row_inner column_margin=\u00bbdefault\u00bb column_direction=\u00bbdefault\u00bb column_direction_tablet=\u00bbdefault\u00bb column_direction_phone=\u00bbdefault\u00bb text_align=\u00bbleft\u00bb row_position=\u00bbdefault\u00bb row_position_tablet=\u00bbinherit\u00bb row_position_phone=\u00bbinherit\u00bb overflow=\u00bbvisible\u00bb pointer_events=\u00bball\u00bb][vc_column_inner column_padding=\u00bbno-extra-padding\u00bb column_padding_tablet=\u00bbinherit\u00bb column_padding_phone=\u00bbinherit\u00bb column_padding_position=\u00bball\u00bb column_element_direction_desktop=\u00bbdefault\u00bb column_element_spacing=\u00bbdefault\u00bb centered_text=\u00bbtrue\u00bb desktop_text_alignment=\u00bbdefault\u00bb tablet_text_alignment=\u00bbdefault\u00bb phone_text_alignment=\u00bbdefault\u00bb background_color_opacity=\u00bb1&#8243; background_hover_color_opacity=\u00bb1&#8243; column_backdrop_filter=\u00bbnone\u00bb font_color=\u00bb#ffffff\u00bb column_shadow=\u00bbnone\u00bb column_border_radius=\u00bbnone\u00bb column_link_target=\u00bb_self\u00bb overflow=\u00bbvisible\u00bb gradient_direction=\u00bbleft_to_right\u00bb overlay_strength=\u00bb0.3&#8243; width=\u00bb1\/1&#8243; tablet_width_inherit=\u00bbdefault\u00bb animation_type=\u00bbdefault\u00bb bg_image_animation=\u00bbnone\u00bb border_type=\u00bbsimple\u00bb column_border_width=\u00bbnone\u00bb column_border_style=\u00bbsolid\u00bb][vc_column_text]\n<h1>T\u00e9rminos y condiciones App Pie diab\u00e9tico<\/h1>\n[\/vc_column_text][\/vc_column_inner][\/vc_row_inner][\/vc_column][\/vc_row][vc_row type=\u00bbfull_width_background\u00bb full_screen_row_position=\u00bbmiddle\u00bb column_margin=\u00bbdefault\u00bb equal_height=\u00bbyes\u00bb column_direction=\u00bbdefault\u00bb column_direction_tablet=\u00bbdefault\u00bb column_direction_phone=\u00bbdefault\u00bb scene_position=\u00bbcenter\u00bb top_padding=\u00bb5%\u00bb bottom_padding=\u00bb13%\u00bb text_color=\u00bbdark\u00bb text_align=\u00bbleft\u00bb row_border_radius=\u00bbnone\u00bb row_border_radius_applies=\u00bbbg\u00bb overflow=\u00bbvisible\u00bb overlay_strength=\u00bb0.5&#8243; gradient_direction=\u00bbleft_to_right\u00bb shape_divider_position=\u00bbbottom\u00bb shape_divider_height=\u00bb350&#8243; bg_image_animation=\u00bbfade-in\u00bb parallax_bg=\u00bbtrue\u00bb parallax_bg_speed=\u00bbfast\u00bb shape_type=\u00bbmountains\u00bb][vc_column column_padding=\u00bbno-extra-padding\u00bb column_padding_tablet=\u00bbinherit\u00bb column_padding_phone=\u00bbinherit\u00bb column_padding_position=\u00bball\u00bb column_element_direction_desktop=\u00bbdefault\u00bb column_element_spacing=\u00bbdefault\u00bb desktop_text_alignment=\u00bbdefault\u00bb tablet_text_alignment=\u00bbdefault\u00bb phone_text_alignment=\u00bbdefault\u00bb background_color_opacity=\u00bb1&#8243; background_hover_color_opacity=\u00bb1&#8243; column_backdrop_filter=\u00bbnone\u00bb column_shadow=\u00bbnone\u00bb column_border_radius=\u00bbnone\u00bb column_link_target=\u00bb_self\u00bb column_position=\u00bbdefault\u00bb gradient_direction=\u00bbleft_to_right\u00bb overlay_strength=\u00bb0.3&#8243; width=\u00bb1\/1&#8243; tablet_width_inherit=\u00bbdefault\u00bb animation_type=\u00bbdefault\u00bb bg_image_animation=\u00bbnone\u00bb border_type=\u00bbsimple\u00bb column_border_width=\u00bbnone\u00bb column_border_style=\u00bbsolid\u00bb][vc_column_text]<strong>T\u00e9rminos y condiciones<\/strong><br \/>\nBienvenido a la aplicaci\u00f3n para m\u00e9dicos \u00abClasificaciones en pie diab\u00e9tico\/ scores de riesgo\u201d para personas f\u00edsicas, dise\u00f1ada para calcular clasificaciones en pie diab\u00e9tico a partir de datos ingresados en pantallas interactivas. Estas Condiciones de Uso se aplican al uso que usted haga de la app.<br \/>\n<strong>Uso de la Aplicaci\u00f3n<\/strong><br \/>\nAl utilizar esta aplicaci\u00f3n, aceptas cumplir con los t\u00e9rminos y condiciones establecidos.<br \/>\nLa aplicaci\u00f3n permite la carga de datos cl\u00ednicos y la captura de im\u00e1genes solo con el consentimiento previo del paciente.<br \/>\nLa informaci\u00f3n proporcionada por la aplicaci\u00f3n no reemplaza el juicio cl\u00ednico del profesional de la salud y se debe utilizar como una herramienta complementaria. Los datos cargados en la app y las im\u00e1genes ser\u00e1n solamente de uso personal para el usuario de la misma y su distribuci\u00f3n, interpretaci\u00f3n, publicaci\u00f3n y conducta ser\u00e1n responsabilidad del usuario. El usuario de la app debe pedir permiso expl\u00edcito al paciente para la toma de im\u00e1genes y su uso ser\u00e1 su responsabilidad.<br \/>\n<strong>Qui\u00e9nes Somos<\/strong><br \/>\nSomos m\u00e9dicos del Comit\u00e9 de pie diab\u00e9tico de la Sociedad Argentina de Diabetes. Visitar http:\/\/diabetes.org.ar para m\u00e1s informaci\u00f3n.<br \/>\n<strong>Registro y Acceso<\/strong><br \/>\nDeber\u00e1 tener al menos 18 a\u00f1os y ser m\u00e9dico o personal de salud (pod\u00f3logo, enfermero, kinesi\u00f3logo). No es una app para el uso de menores de edad. Sin embargo, no representa peligros en caso de que un menor pudiera acceder a la misma dado que no contiene im\u00e1genes ni textos sensibles. Los usuarios de la app deben ser personal de salud (m\u00e9dicos, enfermeros, kinesi\u00f3logos, pod\u00f3logos) preferentemente que atiendan pacientes con pie diab\u00e9tico. Es una app dise\u00f1ada para mejorar la evaluaci\u00f3n de las lesiones en pie diab\u00e9tico, aunque no sugiere ni indica ninguna conducta.<br \/>\n<strong>Uso de Nuestros Servicios<\/strong><br \/>\nAcciones Permitidas. Podr\u00e1 acceder y utilizar las funciones de la app, que consisten en la evaluaci\u00f3n y clasificaci\u00f3n de lesiones en pie diab\u00e9tico de acuerdo a la informaci\u00f3n que sea ingresada por el usuario. La misma se utiliza para calcular los puntajes de 5 clasificaciones de acuerdo a los datos ingresados.<br \/>\nAcciones Permitidas. Podr\u00e1 Utilizar la app para el c\u00e1lculo de clasificaciones en lesiones de pie diab\u00e9tico de sus pacientes. Tambi\u00e9n puede ingresar datos personales de los mismos y se pueden sacar fotos de las lesiones para incluir en el documento final de la devoluci\u00f3n que brinda la app. La acci\u00f3n de tomar fotograf\u00edas y compartir los documentos con otros profesionales o publicarlas queda exclusivamente bajo responsabilidad del usuario de la app, y debe estar expresamente permitida y avalada por el paciente, quedando exenta de responsabilidad la Sociedad Argentina de Diabetes del uso que se le de a la informaci\u00f3n y a las im\u00e1genes obtenidas.<br \/>\n<strong>Contenido<\/strong><br \/>\nPodr\u00e1 introducir datos en cada pantalla donde se realiza el registro de los mismos (input) y a partir de los mismos se obtiene un resultado (output o devoluci\u00f3n) donde se informa cu\u00e1l es el valor o puntaje que corresponde al paciente seg\u00fan las 5 clasificaciones para ese caso. Las mismas se calculan a trav\u00e9s de un algoritmo que contempla los puntajes utilizados por las<br \/>\nclasificaciones en las publicaciones cient\u00edficas donde han sido presentadas. Este c\u00e1lculo se realiza seg\u00fan cada condici\u00f3n o caracter\u00edstica del pie que el usuario de la app debe introducir a trav\u00e9s de las diferentes pantallas. La app solo informa este puntaje, pero no indica ni sugiere ninguna conducta con respecto a los resultados. El uso que se le de a la informaci\u00f3n y las conductas que se tomen con cada paciente es puramente responsabilidad del profesional que utiliza la app y se encuentra evaluando al paciente. Usted manifiesta y garantiza que dispone de todos los derechos, licencias y permisos necesarios para introducir Input en nuestros Servicios.<br \/>\n<strong>Protecci\u00f3n de Datos y propiedad del contenido<\/strong><br \/>\nTodos los datos ingresados y las im\u00e1genes capturadas son confidenciales y est\u00e1n protegidos por medidas de seguridad adecuadas.<br \/>\nLos propietarios de la aplicaci\u00f3n no divulgar\u00e1n ni compartir\u00e1n informaci\u00f3n del paciente sin su consentimiento expreso, excepto cuando sea requerido por ley.<br \/>\nEn lo que respecta a usted y a la Sociedad Argentina de Diabetes y en la medida permitida por la legislaci\u00f3n aplicable, usted conservar\u00e1 sus derechos de propiedad y privacidad sobre el Input y sobre el Output (ambos son privados y los propietarios de la app no pueden acceder a los mismos). En virtud de las presentes<br \/>\nEl resultado de las clasificaciones que se informe (output) depende de los datos que se carguen en las diferentes pantallas (input) y se calcula en forma autom\u00e1tica a trav\u00e9s de un algoritmo que contempla el c\u00e1lculo de las 5 clasificaciones de acuerdo a los valores que se registren. La app no sugiere conducta, s\u00f3lo informa el valor de los puntajes.<br \/>\nDebe evaluar la idoneidad del Output en relaci\u00f3n con su caso de uso concreto, las decisiones que se tomen en cuanto a los datos son responsabilidad del usuario (ej tratamientos, derivaci\u00f3n, internaci\u00f3n, cirug\u00eda, etc).<br \/>\n<strong>Nuestros Derechos de Propiedad Intelectual<\/strong><br \/>\nNosotros y nuestras entidades vinculadas somos propietarios de todos los derechos, t\u00edtulos e intereses sobre la app. Todos los derechos de propiedad intelectual de la aplicaci\u00f3n y su contenido pertenecen a los propietarios de la misma. Queda prohibida la reproducci\u00f3n, distribuci\u00f3n o modificaci\u00f3n no autorizada de la aplicaci\u00f3n o su contenido.<br \/>\nLa app puede sufrir cambios o modificaciones con el fin de actualizar el c\u00e1lculo toda vez que las clasificaciones sean actualizadas por las sociedades cient\u00edficas o sus autores. Dichas actualizaciones exceden la responsabilidad de la Sociedad Argentina de Diabetes.<br \/>\n<strong>Interrupci\u00f3n de los Servicios\/ Modificaciones<\/strong><br \/>\nPodemos decidir dar de baja la app por cualquier problema o necesidad. Los t\u00e9rminos y condiciones pueden ser modificados en cualquier momento sin previo aviso. Se recomienda revisar peri\u00f3dicamente los t\u00e9rminos actualizados.<br \/>\n<strong>Limitaci\u00f3n de Responsabilidad<\/strong><br \/>\nSe eximir\u00e1 a la Sociedad Argentina de Diabetes de cualquier coste, p\u00e9rdida, responsabilidad y gasto (incluidos los honorarios de abogados) derivados de reclamaciones de terceros que se deriven o est\u00e9n relacionados con el uso que usted haga de los contenidos que registre en la app como fotos y datos de los pacientes (divulgaci\u00f3n y toma de decisiones). Los usuarios son responsables de la precisi\u00f3n y veracidad de los datos ingresados en la aplicaci\u00f3n. La aplicaci\u00f3n y sus propietarios no asumen responsabilidad por decisiones m\u00e9dicas basadas<br \/>\n\u00fanicamente en los resultados proporcionados por la app. Se recomienda consultar a un profesional de la salud para evaluaciones y tratamientos adecuados.<br \/>\n<strong>Contacto<\/strong><br \/>\nAnte cualquier duda sobre la app, comentarios, errores detectados o mejoras sugeridas se puede comunicar con la Sociedad Argentina de Diabetes por medio de su p\u00e1gina <a href=\"http:\/\/diabetes.org.ar\">http:\/\/diabetes.org.ar<\/a> .<br \/>\nAl aceptar estos t\u00e9rminos y condiciones, reconoces haber le\u00eddo, comprendido y aceptado las pol\u00edticas establecidas para el uso de la aplicaci\u00f3n.[\/vc_column_text][\/vc_column][\/vc_row]\n","protected":false},"excerpt":{"rendered":"<p>[vc_row type=\u00bbfull_width_background\u00bb full_screen_row_position=\u00bbmiddle\u00bb column_margin=\u00bbdefault\u00bb equal_height=\u00bbyes\u00bb content_placement=\u00bbbottom\u00bb column_direction=\u00bbdefault\u00bb column_direction_tablet=\u00bbdefault\u00bb column_direction_phone=\u00bbdefault\u00bb bg_color=\u00bb#34bcb8&#8243; scene_position=\u00bbcenter\u00bb top_padding=\u00bb12%\u00bb bottom_padding=\u00bb8%\u00bb text_color=\u00bbdark\u00bb text_align=\u00bbleft\u00bb row_border_radius=\u00bbnone\u00bb row_border_radius_applies=\u00bbbg\u00bb overflow=\u00bbvisible\u00bb overlay_strength=\u00bb0.5&#8243; gradient_direction=\u00bbleft_to_right\u00bb shape_divider_position=\u00bbbottom\u00bb shape_divider_height=\u00bb350&#8243; bg_image_animation=\u00bbfade-in\u00bb parallax_bg=\u00bbtrue\u00bb parallax_bg_speed=\u00bbfast\u00bb shape_type=\u00bbmountains\u00bb][vc_column column_padding=\u00bbno-extra-padding\u00bb column_padding_tablet=\u00bbinherit\u00bb column_padding_phone=\u00bbinherit\u00bb column_padding_position=\u00bball\u00bb&#8230;<\/p>\n","protected":false},"author":2,"featured_media":0,"parent":0,"menu_order":0,"comment_status":"closed","ping_status":"closed","template":"","meta":{"_mc_calendar":[],"_joinchat":[],"footnotes":""},"class_list":["post-13441","page","type-page","status-publish"],"_links":{"self":[{"href":"https:\/\/diabetes.org.ar\/2020\/wp-json\/wp\/v2\/pages\/13441","targetHints":{"allow":["GET"]}}],"collection":[{"href":"https:\/\/diabetes.org.ar\/2020\/wp-json\/wp\/v2\/pages"}],"about":[{"href":"https:\/\/diabetes.org.ar\/2020\/wp-json\/wp\/v2\/types\/page"}],"author":[{"embeddable":true,"href":"https:\/\/diabetes.org.ar\/2020\/wp-json\/wp\/v2\/users\/2"}],"replies":[{"embeddable":true,"href":"https:\/\/diabetes.org.ar\/2020\/wp-json\/wp\/v2\/comments?post=13441"}],"version-history":[{"count":4,"href":"https:\/\/diabetes.org.ar\/2020\/wp-json\/wp\/v2\/pages\/13441\/revisions"}],"predecessor-version":[{"id":15444,"href":"https:\/\/diabetes.org.ar\/2020\/wp-json\/wp\/v2\/pages\/13441\/revisions\/15444"}],"wp:attachment":[{"href":"https:\/\/diabetes.org.ar\/2020\/wp-json\/wp\/v2\/media?parent=13441"}],"curies":[{"name":"wp","href":"https:\/\/api.w.org\/{rel}","templated":true}]}}