{"id":14960,"date":"2024-11-25T14:54:08","date_gmt":"2024-11-25T17:54:08","guid":{"rendered":"https:\/\/diabetes.org.ar\/2020\/?page_id=14960"},"modified":"2024-12-03T16:08:16","modified_gmt":"2024-12-03T19:08:16","slug":"manejo-adulto-mayor","status":"publish","type":"page","link":"https:\/\/diabetes.org.ar\/2020\/manejo-adulto-mayor\/","title":{"rendered":"Manejo del Adulto mayor con Diabetes"},"content":{"rendered":"[vc_row type=\u00bbfull_width_background\u00bb full_screen_row_position=\u00bbmiddle\u00bb column_margin=\u00bbdefault\u00bb equal_height=\u00bbyes\u00bb content_placement=\u00bbbottom\u00bb column_direction=\u00bbdefault\u00bb column_direction_tablet=\u00bbdefault\u00bb column_direction_phone=\u00bbdefault\u00bb bg_color=\u00bb#ffffff\u00bb bg_image=\u00bb14979&#8243; bg_position=\u00bbcenter center\u00bb background_image_loading=\u00bbdefault\u00bb bg_repeat=\u00bbno-repeat\u00bb scene_position=\u00bbcenter\u00bb top_padding=\u00bb5%\u00bb bottom_padding=\u00bb8%\u00bb text_color=\u00bbdark\u00bb text_align=\u00bbcenter\u00bb row_border_radius=\u00bbnone\u00bb row_border_radius_applies=\u00bbbg\u00bb overflow=\u00bbvisible\u00bb overlay_strength=\u00bb0.3&#8243; gradient_direction=\u00bbleft_to_right\u00bb shape_divider_position=\u00bbbottom\u00bb bg_image_animation=\u00bbnone\u00bb gradient_type=\u00bbdefault\u00bb shape_type=\u00bb\u00bb][vc_column column_padding=\u00bbno-extra-padding\u00bb column_padding_tablet=\u00bbinherit\u00bb column_padding_phone=\u00bbinherit\u00bb column_padding_position=\u00bball\u00bb column_element_direction_desktop=\u00bbdefault\u00bb column_element_spacing=\u00bbdefault\u00bb desktop_text_alignment=\u00bbdefault\u00bb tablet_text_alignment=\u00bbdefault\u00bb phone_text_alignment=\u00bbdefault\u00bb background_color_opacity=\u00bb1&#8243; background_hover_color_opacity=\u00bb1&#8243; column_backdrop_filter=\u00bbnone\u00bb column_shadow=\u00bbnone\u00bb column_border_radius=\u00bbnone\u00bb column_link_target=\u00bb_self\u00bb column_position=\u00bbdefault\u00bb gradient_direction=\u00bbleft_to_right\u00bb overlay_strength=\u00bb0.3&#8243; width=\u00bb1\/1&#8243; tablet_width_inherit=\u00bbdefault\u00bb animation_type=\u00bbdefault\u00bb bg_image_animation=\u00bbnone\u00bb border_type=\u00bbsimple\u00bb column_border_width=\u00bbnone\u00bb column_border_style=\u00bbsolid\u00bb][vc_column_text]\r\n<h1 style=\"text-align: center;\"><\/h1>\r\n[\/vc_column_text][\/vc_column][\/vc_row][vc_row type=\u00bbin_container\u00bb full_screen_row_position=\u00bbmiddle\u00bb column_margin=\u00bbdefault\u00bb column_direction=\u00bbdefault\u00bb column_direction_tablet=\u00bbdefault\u00bb column_direction_phone=\u00bbdefault\u00bb scene_position=\u00bbcenter\u00bb text_color=\u00bbdark\u00bb text_align=\u00bbleft\u00bb row_border_radius=\u00bbnone\u00bb row_border_radius_applies=\u00bbbg\u00bb overflow=\u00bbvisible\u00bb overlay_strength=\u00bb0.3&#8243; gradient_direction=\u00bbleft_to_right\u00bb shape_divider_position=\u00bbbottom\u00bb bg_image_animation=\u00bbnone\u00bb][vc_column column_padding=\u00bbno-extra-padding\u00bb column_padding_tablet=\u00bbinherit\u00bb column_padding_phone=\u00bbinherit\u00bb column_padding_position=\u00bball\u00bb column_element_direction_desktop=\u00bbdefault\u00bb column_element_spacing=\u00bbdefault\u00bb desktop_text_alignment=\u00bbdefault\u00bb tablet_text_alignment=\u00bbdefault\u00bb phone_text_alignment=\u00bbdefault\u00bb background_color_opacity=\u00bb1&#8243; background_hover_color_opacity=\u00bb1&#8243; column_backdrop_filter=\u00bbnone\u00bb column_shadow=\u00bbnone\u00bb column_border_radius=\u00bbnone\u00bb column_link_target=\u00bb_self\u00bb column_position=\u00bbdefault\u00bb gradient_direction=\u00bbleft_to_right\u00bb overlay_strength=\u00bb0.3&#8243; width=\u00bb1\/1&#8243; tablet_width_inherit=\u00bbdefault\u00bb animation_type=\u00bbdefault\u00bb bg_image_animation=\u00bbnone\u00bb border_type=\u00bbsimple\u00bb column_border_width=\u00bbnone\u00bb column_border_style=\u00bbsolid\u00bb][divider line_type=\u00bbNo Line\u00bb][\/vc_column][\/vc_row][vc_row type=\u00bbin_container\u00bb full_screen_row_position=\u00bbmiddle\u00bb column_margin=\u00bbdefault\u00bb column_direction=\u00bbdefault\u00bb column_direction_tablet=\u00bbdefault\u00bb column_direction_phone=\u00bbdefault\u00bb scene_position=\u00bbcenter\u00bb text_color=\u00bbdark\u00bb text_align=\u00bbleft\u00bb row_border_radius=\u00bbnone\u00bb row_border_radius_applies=\u00bbbg\u00bb overflow=\u00bbvisible\u00bb overlay_strength=\u00bb0.3&#8243; gradient_direction=\u00bbleft_to_right\u00bb shape_divider_position=\u00bbbottom\u00bb bg_image_animation=\u00bbnone\u00bb][vc_column column_padding=\u00bbno-extra-padding\u00bb column_padding_tablet=\u00bbinherit\u00bb column_padding_phone=\u00bbinherit\u00bb column_padding_position=\u00bbbottom-right\u00bb column_element_direction_desktop=\u00bbhorizontal\u00bb column_element_alignment=\u00bbcenter\u00bb column_element_spacing=\u00bbdefault\u00bb desktop_text_alignment=\u00bbdefault\u00bb tablet_text_alignment=\u00bbdefault\u00bb phone_text_alignment=\u00bbdefault\u00bb background_color_opacity=\u00bb1&#8243; background_hover_color_opacity=\u00bb1&#8243; column_backdrop_filter=\u00bbnone\u00bb column_shadow=\u00bbnone\u00bb column_border_radius=\u00bbnone\u00bb column_link_target=\u00bb_self\u00bb column_position=\u00bbdefault\u00bb gradient_direction=\u00bbleft_to_right\u00bb overlay_strength=\u00bb0.3&#8243; width=\u00bb1\/4&#8243; tablet_width_inherit=\u00bbdefault\u00bb animation_type=\u00bbdefault\u00bb bg_image_animation=\u00bbnone\u00bb border_type=\u00bbsimple\u00bb column_border_width=\u00bbnone\u00bb column_border_style=\u00bbsolid\u00bb column_padding_type=\u00bbdefault\u00bb gradient_type=\u00bbdefault\u00bb][nectar_icon icon_family=\u00bbfontawesome\u00bb icon_style=\u00bbdefault\u00bb icon_color_type=\u00bbcolor_scheme\u00bb icon_color=\u00bbblack\u00bb icon_padding=\u00bb20px\u00bb pointer_events=\u00bball\u00bb icon_fontawesome=\u00bbfa fa-calendar\u00bb][vc_column_text css=\u00bb\u00bb text_direction=\u00bbdefault\u00bb]<strong>Fecha de realizaci\u00f3n:\r\n<\/strong>Del 07\/06\/2024 al 05\/10\/2024<strong>\r\n<\/strong>[\/vc_column_text][\/vc_column][vc_column column_padding=\u00bbno-extra-padding\u00bb column_padding_tablet=\u00bbinherit\u00bb column_padding_phone=\u00bbinherit\u00bb column_padding_position=\u00bball\u00bb column_element_direction_desktop=\u00bbhorizontal\u00bb column_element_alignment=\u00bbcenter\u00bb column_element_spacing=\u00bbdefault\u00bb desktop_text_alignment=\u00bbdefault\u00bb tablet_text_alignment=\u00bbdefault\u00bb phone_text_alignment=\u00bbdefault\u00bb background_color_opacity=\u00bb1&#8243; background_hover_color_opacity=\u00bb1&#8243; column_backdrop_filter=\u00bbnone\u00bb column_shadow=\u00bbnone\u00bb column_border_radius=\u00bbnone\u00bb column_link_target=\u00bb_self\u00bb column_position=\u00bbdefault\u00bb gradient_direction=\u00bbleft_to_right\u00bb overlay_strength=\u00bb0.3&#8243; width=\u00bb1\/4&#8243; tablet_width_inherit=\u00bbdefault\u00bb animation_type=\u00bbdefault\u00bb bg_image_animation=\u00bbnone\u00bb border_type=\u00bbsimple\u00bb column_border_width=\u00bbnone\u00bb column_border_style=\u00bbsolid\u00bb column_padding_type=\u00bbdefault\u00bb gradient_type=\u00bbdefault\u00bb][nectar_icon icon_family=\u00bbfontawesome\u00bb icon_style=\u00bbdefault\u00bb icon_color_type=\u00bbcolor_scheme\u00bb icon_color=\u00bbblack\u00bb icon_padding=\u00bb20px\u00bb pointer_events=\u00bball\u00bb icon_fontawesome=\u00bbfa fa-lock\u00bb][vc_column_text css=\u00bb\u00bb text_direction=\u00bbdefault\u00bb]<strong>Cierre de Inscripci\u00f3n:\r\n<\/strong>01 de mayo[\/vc_column_text][\/vc_column][vc_column column_padding=\u00bbno-extra-padding\u00bb column_padding_tablet=\u00bbinherit\u00bb column_padding_phone=\u00bbinherit\u00bb column_padding_position=\u00bball\u00bb column_element_direction_desktop=\u00bbhorizontal\u00bb column_element_alignment=\u00bbcenter\u00bb column_element_spacing=\u00bbdefault\u00bb desktop_text_alignment=\u00bbdefault\u00bb tablet_text_alignment=\u00bbdefault\u00bb phone_text_alignment=\u00bbdefault\u00bb background_color_opacity=\u00bb1&#8243; background_hover_color_opacity=\u00bb1&#8243; column_backdrop_filter=\u00bbnone\u00bb column_shadow=\u00bbnone\u00bb column_border_radius=\u00bbnone\u00bb column_link_target=\u00bb_self\u00bb column_position=\u00bbdefault\u00bb gradient_direction=\u00bbleft_to_right\u00bb overlay_strength=\u00bb0.3&#8243; width=\u00bb1\/4&#8243; tablet_width_inherit=\u00bbdefault\u00bb animation_type=\u00bbdefault\u00bb bg_image_animation=\u00bbnone\u00bb border_type=\u00bbsimple\u00bb column_border_width=\u00bbnone\u00bb column_border_style=\u00bbsolid\u00bb column_padding_type=\u00bbdefault\u00bb gradient_type=\u00bbdefault\u00bb][nectar_icon icon_family=\u00bbfontawesome\u00bb icon_style=\u00bbdefault\u00bb icon_color_type=\u00bbcolor_scheme\u00bb icon_color=\u00bbblack\u00bb icon_padding=\u00bb20px\u00bb pointer_events=\u00bball\u00bb icon_fontawesome=\u00bbfa fa-user\u00bb][vc_column_text css=\u00bb\u00bb text_direction=\u00bbdefault\u00bb]<b>Autoridades:\r\n<\/b>Director: Prof. Dr. D\u00edaz Gustavo\r\nSecretaria Acad\u00e9mica: Dra. Carina Parisi[\/vc_column_text][\/vc_column][vc_column column_padding=\u00bbno-extra-padding\u00bb column_padding_tablet=\u00bbinherit\u00bb column_padding_phone=\u00bbinherit\u00bb column_padding_position=\u00bball\u00bb column_element_direction_desktop=\u00bbhorizontal\u00bb column_element_alignment=\u00bbcenter\u00bb column_element_spacing=\u00bbdefault\u00bb desktop_text_alignment=\u00bbdefault\u00bb tablet_text_alignment=\u00bbdefault\u00bb phone_text_alignment=\u00bbdefault\u00bb background_color_opacity=\u00bb1&#8243; background_hover_color_opacity=\u00bb1&#8243; column_backdrop_filter=\u00bbnone\u00bb column_shadow=\u00bbnone\u00bb column_border_radius=\u00bbnone\u00bb column_link_target=\u00bb_self\u00bb column_position=\u00bbdefault\u00bb gradient_direction=\u00bbleft_to_right\u00bb overlay_strength=\u00bb0.3&#8243; width=\u00bb1\/4&#8243; tablet_width_inherit=\u00bbdefault\u00bb animation_type=\u00bbdefault\u00bb bg_image_animation=\u00bbnone\u00bb border_type=\u00bbsimple\u00bb column_border_width=\u00bbnone\u00bb column_border_style=\u00bbsolid\u00bb column_padding_type=\u00bbdefault\u00bb gradient_type=\u00bbdefault\u00bb][nectar_icon icon_family=\u00bbfontawesome\u00bb icon_style=\u00bbdefault\u00bb icon_color_type=\u00bbcolor_scheme\u00bb icon_color=\u00bbblack\u00bb icon_padding=\u00bb20px\u00bb pointer_events=\u00bball\u00bb icon_fontawesome=\u00bbfa fa-calendar-check-o\u00bb][vc_column_text css=\u00bb\u00bb text_direction=\u00bbdefault\u00bb]<strong>Fecha examen:\r\n<\/strong>Final: 20\/09\/2024\r\nRecuperatorio: 05\/10\/2024[\/vc_column_text][\/vc_column][\/vc_row][vc_row type=\u00bbin_container\u00bb full_screen_row_position=\u00bbmiddle\u00bb column_margin=\u00bbdefault\u00bb column_direction=\u00bbdefault\u00bb column_direction_tablet=\u00bbdefault\u00bb column_direction_phone=\u00bbdefault\u00bb scene_position=\u00bbcenter\u00bb text_color=\u00bbdark\u00bb text_align=\u00bbleft\u00bb row_border_radius=\u00bbnone\u00bb row_border_radius_applies=\u00bbbg\u00bb overflow=\u00bbvisible\u00bb overlay_strength=\u00bb0.3&#8243; gradient_direction=\u00bbleft_to_right\u00bb shape_divider_position=\u00bbbottom\u00bb bg_image_animation=\u00bbnone\u00bb][vc_column column_padding=\u00bbno-extra-padding\u00bb column_padding_tablet=\u00bbinherit\u00bb column_padding_phone=\u00bbinherit\u00bb column_padding_position=\u00bball\u00bb column_element_direction_desktop=\u00bbdefault\u00bb column_element_spacing=\u00bbdefault\u00bb desktop_text_alignment=\u00bbdefault\u00bb tablet_text_alignment=\u00bbdefault\u00bb phone_text_alignment=\u00bbdefault\u00bb background_color_opacity=\u00bb1&#8243; background_hover_color_opacity=\u00bb1&#8243; column_backdrop_filter=\u00bbnone\u00bb column_shadow=\u00bbnone\u00bb column_border_radius=\u00bbnone\u00bb column_link_target=\u00bb_self\u00bb column_position=\u00bbdefault\u00bb gradient_direction=\u00bbleft_to_right\u00bb overlay_strength=\u00bb0.3&#8243; width=\u00bb1\/1&#8243; tablet_width_inherit=\u00bbdefault\u00bb animation_type=\u00bbdefault\u00bb bg_image_animation=\u00bbnone\u00bb border_type=\u00bbsimple\u00bb column_border_width=\u00bbnone\u00bb column_border_style=\u00bbsolid\u00bb][divider line_type=\u00bbFull Width Line\u00bb line_thickness=\u00bb2&#8243; divider_color=\u00bbaccent-color\u00bb][\/vc_column][\/vc_row][vc_row type=\u00bbin_container\u00bb full_screen_row_position=\u00bbmiddle\u00bb column_margin=\u00bbdefault\u00bb column_direction=\u00bbdefault\u00bb column_direction_tablet=\u00bbdefault\u00bb column_direction_phone=\u00bbdefault\u00bb scene_position=\u00bbcenter\u00bb text_color=\u00bbdark\u00bb text_align=\u00bbleft\u00bb row_border_radius=\u00bbnone\u00bb row_border_radius_applies=\u00bbbg\u00bb overflow=\u00bbvisible\u00bb overlay_strength=\u00bb0.3&#8243; gradient_direction=\u00bbleft_to_right\u00bb shape_divider_position=\u00bbbottom\u00bb bg_image_animation=\u00bbnone\u00bb][vc_column column_padding=\u00bbno-extra-padding\u00bb column_padding_tablet=\u00bbinherit\u00bb column_padding_phone=\u00bbinherit\u00bb column_padding_position=\u00bball\u00bb column_element_direction_desktop=\u00bbdefault\u00bb column_element_spacing=\u00bbdefault\u00bb desktop_text_alignment=\u00bbdefault\u00bb tablet_text_alignment=\u00bbdefault\u00bb phone_text_alignment=\u00bbdefault\u00bb background_color_opacity=\u00bb1&#8243; background_hover_color_opacity=\u00bb1&#8243; column_backdrop_filter=\u00bbnone\u00bb column_shadow=\u00bbnone\u00bb column_border_radius=\u00bbnone\u00bb column_link_target=\u00bb_self\u00bb column_position=\u00bbdefault\u00bb gradient_direction=\u00bbleft_to_right\u00bb overlay_strength=\u00bb0.3&#8243; width=\u00bb2\/3&#8243; tablet_width_inherit=\u00bbdefault\u00bb animation_type=\u00bbdefault\u00bb bg_image_animation=\u00bbnone\u00bb border_type=\u00bbsimple\u00bb column_border_width=\u00bbnone\u00bb column_border_style=\u00bbsolid\u00bb][vc_column_text css=\u00bb\u00bb text_direction=\u00bbdefault\u00bb]<strong>PRESENTACI\u00d3N<\/strong>\r\n\r\nSe observa un incremento marcado y sostenido de la poblaci\u00f3n de Adulto Mayor y de Adulto Mayor con Diabetes Quienes presentan una problem\u00e1tica compleja ya que se ve afectada la esfera social, f\u00edsica y psicol\u00f3gica. Con peculiaridades propias de esta etapa de la vida.\r\nEl curso est\u00e1 destinado a profesionales de la salud que trabajan con Adultos Mayores, quienes deben conocer la problem\u00e1tica del adulto mayor, social, de salud, psicol\u00f3gica, como impactan los Gigantes de la Geriatr\u00eda en las personas gerontes con Diabetes, que recursos preventivos, terap\u00e9uticos y de rehabilitaci\u00f3n se dispone, como se emplean, ya sea que el profesional lo realice directamente como en el caso de un m\u00e9dico, nutricionista (alimentaci\u00f3n),actividad f\u00edsica,(un profesor de educaci\u00f3n f\u00edsica) o formen parte de quipos de trabajo.[\/vc_column_text][vc_column_text css=\u00bb\u00bb text_direction=\u00bbdefault\u00bb]<strong>OBJETIVOS<\/strong>\r\n\r\nComprender la problem\u00e1tica del Adulto mayor con Diabetes.\r\nDesarrollar recursos para la prevenci\u00f3n primaria secundaria y terciaria.\r\nProfundizar la formaci\u00f3n de los alumnos en el manejo de la informaci\u00f3n para transformar en formaci\u00f3n contin\u00faa.\r\nDurante el curso, los docentes abarcar\u00e1n temas que van desde la fisiopatolog\u00eda, semiolog\u00eda del adulto mayor, caracter\u00edsticas peculiares de su cl\u00ednica y manejo. Se profundizar\u00e1 la ense\u00f1anza de las medidas a tomar en los diferentes niveles de Atenci\u00f3n (Primaria, Secundaria y Terciaria).\r\nLos alumnos tendr\u00e1n la oportunidad de adquirir conocimientos y habilidades para realizar prevenci\u00f3n, diagn\u00f3stico precoz de anomal\u00edas, intervenci\u00f3n adecuada, seguimiento y tratamiento de las mismas.[\/vc_column_text][vc_column_text css=\u00bb\u00bb text_direction=\u00bbdefault\u00bb]<strong>PERFIL DEL PARTICIPANTE<\/strong>\r\n\r\nM\u00e9dicos cl\u00ednicos, endocrin\u00f3logos, diabet\u00f3logos, geriatras, geront\u00f3logos, psic\u00f3logos, bioqu\u00edmicos, fisioterapeutas, licenciados en nutrici\u00f3n, en enfermer\u00eda y profesores de educaci\u00f3n f\u00edsica.[\/vc_column_text][vc_column_text css=\u00bb\u00bb text_direction=\u00bbdefault\u00bb]<strong>EJES TEM\u00c1TICOS<\/strong>\r\n\r\nM\u00d3DULO 1. Introducci\u00f3n Comprensi\u00f3n del Adulto Mayor\r\nM\u00d3DULO 2. COMORBILIDADES-COMPLICACIONES.\r\nM\u00d3DULO 3. ABORDAJE TERAP\u00c9UTICO, ESTRATEGIAS TECNOL\u00d3GICAS y CIERRE del CURSO.\r\nM\u00d3DULO 4. Cierre Integrador[\/vc_column_text][\/vc_column][vc_column column_padding=\u00bbno-extra-padding\u00bb column_padding_tablet=\u00bbinherit\u00bb column_padding_phone=\u00bbinherit\u00bb column_padding_position=\u00bball\u00bb column_element_direction_desktop=\u00bbdefault\u00bb column_element_spacing=\u00bbdefault\u00bb desktop_text_alignment=\u00bbdefault\u00bb tablet_text_alignment=\u00bbdefault\u00bb phone_text_alignment=\u00bbdefault\u00bb background_color_opacity=\u00bb1&#8243; background_hover_color_opacity=\u00bb1&#8243; column_backdrop_filter=\u00bbnone\u00bb column_shadow=\u00bbnone\u00bb column_border_radius=\u00bbnone\u00bb column_link_target=\u00bb_self\u00bb column_position=\u00bbdefault\u00bb gradient_direction=\u00bbleft_to_right\u00bb overlay_strength=\u00bb0.3&#8243; width=\u00bb1\/3&#8243; tablet_width_inherit=\u00bbdefault\u00bb animation_type=\u00bbdefault\u00bb bg_image_animation=\u00bbnone\u00bb border_type=\u00bbsimple\u00bb column_border_width=\u00bbnone\u00bb column_border_style=\u00bbsolid\u00bb column_padding_type=\u00bbdefault\u00bb gradient_type=\u00bbdefault\u00bb][nectar_btn size=\u00bbjumbo\u00bb button_style=\u00bbregular\u00bb button_color_2=\u00bbAccent-Color\u00bb icon_family=\u00bbnone\u00bb text=\u00bbInscripci\u00f3n Cerrada\u00bb][divider line_type=\u00bbFull Width Line\u00bb line_thickness=\u00bb1&#8243; divider_color=\u00bbaccent-color\u00bb][vc_row_inner column_margin=\u00bbdefault\u00bb column_direction=\u00bbdefault\u00bb column_direction_tablet=\u00bbdefault\u00bb column_direction_phone=\u00bbdefault\u00bb text_align=\u00bbleft\u00bb row_position=\u00bbdefault\u00bb row_position_tablet=\u00bbinherit\u00bb row_position_phone=\u00bbinherit\u00bb overflow=\u00bbvisible\u00bb pointer_events=\u00bball\u00bb css=\u00bb.vc_custom_1732560590134{background-color: rgba(0,88,112,0.15) !important;*background-color: rgb(0,88,112) !important;}\u00bb][vc_column_inner column_padding=\u00bbno-extra-padding\u00bb column_padding_tablet=\u00bbinherit\u00bb column_padding_phone=\u00bbinherit\u00bb column_padding_position=\u00bball\u00bb column_element_direction_desktop=\u00bbhorizontal\u00bb column_element_alignment=\u00bbcenter\u00bb column_element_spacing=\u00bbdefault\u00bb desktop_text_alignment=\u00bbdefault\u00bb tablet_text_alignment=\u00bbdefault\u00bb phone_text_alignment=\u00bbdefault\u00bb background_color=\u00bbrgba(255,255,255,0.15)\u00bb background_color_opacity=\u00bb1&#8243; background_hover_color_opacity=\u00bb1&#8243; column_backdrop_filter=\u00bbnone\u00bb column_shadow=\u00bbnone\u00bb column_border_radius=\u00bbnone\u00bb column_link_target=\u00bb_self\u00bb overflow=\u00bbvisible\u00bb color_overlay=\u00bbrgba(255,255,255,0.01)\u00bb color_overlay_2=\u00bb#ffffff\u00bb gradient_direction=\u00bbleft_to_right\u00bb overlay_strength=\u00bb0.3&#8243; width=\u00bb1\/1&#8243; tablet_width_inherit=\u00bbdefault\u00bb animation_type=\u00bbdefault\u00bb bg_image_animation=\u00bbnone\u00bb border_type=\u00bbsimple\u00bb column_border_width=\u00bbnone\u00bb column_border_style=\u00bbsolid\u00bb column_padding_type=\u00bbdefault\u00bb gradient_type=\u00bbdefault\u00bb][nectar_icon icon_family=\u00bblinea\u00bb icon_style=\u00bbdefault\u00bb icon_color_type=\u00bbcolor_scheme\u00bb icon_color=\u00bbAccent-Color\u00bb icon_padding=\u00bb20px\u00bb pointer_events=\u00bball\u00bb icon_linea=\u00bbicon-basic-clock\u00bb][vc_column_text css=\u00bb\u00bb text_direction=\u00bbdefault\u00bb]<strong>Duraci\u00f3n<\/strong>\r\n4 meses[\/vc_column_text][\/vc_column_inner][vc_column_inner column_padding=\u00bbno-extra-padding\u00bb column_padding_tablet=\u00bbinherit\u00bb column_padding_phone=\u00bbinherit\u00bb column_padding_position=\u00bball\u00bb column_element_direction_desktop=\u00bbhorizontal\u00bb column_element_alignment=\u00bbcenter\u00bb column_element_spacing=\u00bbdefault\u00bb desktop_text_alignment=\u00bbdefault\u00bb tablet_text_alignment=\u00bbdefault\u00bb phone_text_alignment=\u00bbdefault\u00bb background_color_opacity=\u00bb1&#8243; background_hover_color_opacity=\u00bb1&#8243; column_backdrop_filter=\u00bbnone\u00bb column_shadow=\u00bbnone\u00bb column_border_radius=\u00bbnone\u00bb column_link_target=\u00bb_self\u00bb overflow=\u00bbvisible\u00bb gradient_direction=\u00bbleft_to_right\u00bb overlay_strength=\u00bb0.3&#8243; width=\u00bb1\/1&#8243; tablet_width_inherit=\u00bbdefault\u00bb animation_type=\u00bbdefault\u00bb bg_image_animation=\u00bbnone\u00bb border_type=\u00bbsimple\u00bb column_border_width=\u00bbnone\u00bb column_border_style=\u00bbsolid\u00bb column_padding_type=\u00bbdefault\u00bb gradient_type=\u00bbdefault\u00bb][nectar_icon icon_family=\u00bblinea\u00bb icon_style=\u00bbdefault\u00bb icon_color_type=\u00bbcolor_scheme\u00bb icon_color=\u00bbAccent-Color\u00bb icon_padding=\u00bb20px\u00bb pointer_events=\u00bball\u00bb icon_linea=\u00bbicon-basic-mail-multiple\u00bb][vc_column_text css=\u00bb\u00bb text_direction=\u00bbdefault\u00bb]<strong>Contacto<\/strong>\r\ncursos@diabetes.org.ar[\/vc_column_text][\/vc_column_inner][vc_column_inner column_padding=\u00bbno-extra-padding\u00bb column_padding_tablet=\u00bbinherit\u00bb column_padding_phone=\u00bbinherit\u00bb column_padding_position=\u00bball\u00bb column_element_direction_desktop=\u00bbhorizontal\u00bb column_element_alignment=\u00bbcenter\u00bb column_element_spacing=\u00bbdefault\u00bb desktop_text_alignment=\u00bbdefault\u00bb tablet_text_alignment=\u00bbdefault\u00bb phone_text_alignment=\u00bbdefault\u00bb background_color_opacity=\u00bb1&#8243; background_hover_color_opacity=\u00bb1&#8243; column_backdrop_filter=\u00bbnone\u00bb column_shadow=\u00bbnone\u00bb column_border_radius=\u00bbnone\u00bb column_link_target=\u00bb_self\u00bb overflow=\u00bbvisible\u00bb gradient_direction=\u00bbleft_to_right\u00bb overlay_strength=\u00bb0.3&#8243; width=\u00bb1\/1&#8243; tablet_width_inherit=\u00bbdefault\u00bb animation_type=\u00bbdefault\u00bb bg_image_animation=\u00bbnone\u00bb border_type=\u00bbsimple\u00bb column_border_width=\u00bbnone\u00bb column_border_style=\u00bbsolid\u00bb column_padding_type=\u00bbdefault\u00bb gradient_type=\u00bbdefault\u00bb][nectar_icon icon_family=\u00bblinea\u00bb icon_style=\u00bbdefault\u00bb icon_color_type=\u00bbcolor_scheme\u00bb icon_color=\u00bbAccent-Color\u00bb icon_padding=\u00bb20px\u00bb pointer_events=\u00bball\u00bb icon_linea=\u00bbicon-basic-elaboration-document-download\u00bb][vc_column_text css=\u00bb\u00bb text_direction=\u00bbdefault\u00bb]<strong>Dise\u00f1o de la actividad<\/strong>\r\n<a href=\"http:\/\/diabetes.org.ar\/2020\/wp-content\/uploads\/2024\/12\/Manejo-del-Adulto-mayor-con-Diabetes.pdf\">Descargar PDF<\/a>[\/vc_column_text][\/vc_column_inner][vc_column_inner column_padding=\u00bbno-extra-padding\u00bb column_padding_tablet=\u00bbinherit\u00bb column_padding_phone=\u00bbinherit\u00bb column_padding_position=\u00bball\u00bb column_element_direction_desktop=\u00bbhorizontal\u00bb column_element_alignment=\u00bbcenter\u00bb column_element_spacing=\u00bbdefault\u00bb desktop_text_alignment=\u00bbdefault\u00bb tablet_text_alignment=\u00bbdefault\u00bb phone_text_alignment=\u00bbdefault\u00bb background_color_opacity=\u00bb1&#8243; background_hover_color_opacity=\u00bb1&#8243; column_backdrop_filter=\u00bbnone\u00bb column_shadow=\u00bbnone\u00bb column_border_radius=\u00bbnone\u00bb column_link_target=\u00bb_self\u00bb overflow=\u00bbvisible\u00bb gradient_direction=\u00bbleft_to_right\u00bb overlay_strength=\u00bb0.3&#8243; width=\u00bb1\/1&#8243; tablet_width_inherit=\u00bbdefault\u00bb animation_type=\u00bbdefault\u00bb bg_image_animation=\u00bbnone\u00bb border_type=\u00bbsimple\u00bb column_border_width=\u00bbnone\u00bb column_border_style=\u00bbsolid\u00bb column_padding_type=\u00bbdefault\u00bb gradient_type=\u00bbdefault\u00bb][nectar_icon icon_family=\u00bblinea\u00bb icon_style=\u00bbdefault\u00bb icon_color_type=\u00bbcolor_scheme\u00bb icon_color=\u00bbAccent-Color\u00bb icon_padding=\u00bb20px\u00bb pointer_events=\u00bball\u00bb icon_linea=\u00bbicon-basic-laptop\u00bb][vc_column_text css=\u00bb\u00bb text_direction=\u00bbdefault\u00bb]<strong>Modalidad<\/strong>\r\nVirtual sincr\u00f3nica[\/vc_column_text][\/vc_column_inner][\/vc_row_inner][\/vc_column][\/vc_row]<!-- \/wp:post-content -->","protected":false},"excerpt":{"rendered":"<p>[vc_row type=\u00bbfull_width_background\u00bb full_screen_row_position=\u00bbmiddle\u00bb column_margin=\u00bbdefault\u00bb equal_height=\u00bbyes\u00bb content_placement=\u00bbbottom\u00bb column_direction=\u00bbdefault\u00bb column_direction_tablet=\u00bbdefault\u00bb column_direction_phone=\u00bbdefault\u00bb bg_color=\u00bb#ffffff\u00bb bg_image=\u00bb14979&#8243; bg_position=\u00bbcenter center\u00bb background_image_loading=\u00bbdefault\u00bb bg_repeat=\u00bbno-repeat\u00bb scene_position=\u00bbcenter\u00bb top_padding=\u00bb5%\u00bb bottom_padding=\u00bb8%\u00bb text_color=\u00bbdark\u00bb text_align=\u00bbcenter\u00bb row_border_radius=\u00bbnone\u00bb row_border_radius_applies=\u00bbbg\u00bb overflow=\u00bbvisible\u00bb overlay_strength=\u00bb0.3&#8243; gradient_direction=\u00bbleft_to_right\u00bb shape_divider_position=\u00bbbottom\u00bb bg_image_animation=\u00bbnone\u00bb gradient_type=\u00bbdefault\u00bb shape_type=\u00bb\u00bb][vc_column column_padding=\u00bbno-extra-padding\u00bb&#8230;<\/p>\n","protected":false},"author":2,"featured_media":0,"parent":0,"menu_order":0,"comment_status":"closed","ping_status":"closed","template":"","meta":{"_mc_calendar":[],"_joinchat":[],"footnotes":""},"class_list":["post-14960","page","type-page","status-publish"],"_links":{"self":[{"href":"https:\/\/diabetes.org.ar\/2020\/wp-json\/wp\/v2\/pages\/14960","targetHints":{"allow":["GET"]}}],"collection":[{"href":"https:\/\/diabetes.org.ar\/2020\/wp-json\/wp\/v2\/pages"}],"about":[{"href":"https:\/\/diabetes.org.ar\/2020\/wp-json\/wp\/v2\/types\/page"}],"author":[{"embeddable":true,"href":"https:\/\/diabetes.org.ar\/2020\/wp-json\/wp\/v2\/users\/2"}],"replies":[{"embeddable":true,"href":"https:\/\/diabetes.org.ar\/2020\/wp-json\/wp\/v2\/comments?post=14960"}],"version-history":[{"count":32,"href":"https:\/\/diabetes.org.ar\/2020\/wp-json\/wp\/v2\/pages\/14960\/revisions"}],"predecessor-version":[{"id":15398,"href":"https:\/\/diabetes.org.ar\/2020\/wp-json\/wp\/v2\/pages\/14960\/revisions\/15398"}],"wp:attachment":[{"href":"https:\/\/diabetes.org.ar\/2020\/wp-json\/wp\/v2\/media?parent=14960"}],"curies":[{"name":"wp","href":"https:\/\/api.w.org\/{rel}","templated":true}]}}