{"id":7275,"date":"2020-07-02T17:33:14","date_gmt":"2020-07-02T17:33:14","guid":{"rendered":"http:\/\/diabetes.org.ar\/2020\/?page_id=7275"},"modified":"2025-10-23T16:46:59","modified_gmt":"2025-10-23T19:46:59","slug":"guias-recomendaciones-consensos","status":"publish","type":"page","link":"https:\/\/diabetes.org.ar\/2020\/guias-recomendaciones-consensos\/","title":{"rendered":"Gu\u00edas, Recomendaciones y Consensos"},"content":{"rendered":"[vc_row type=\u00bbfull_width_background\u00bb full_screen_row_position=\u00bbmiddle\u00bb column_margin=\u00bbdefault\u00bb equal_height=\u00bbyes\u00bb content_placement=\u00bbbottom\u00bb column_direction=\u00bbdefault\u00bb column_direction_tablet=\u00bbdefault\u00bb column_direction_phone=\u00bbdefault\u00bb bg_color=\u00bb#ffffff\u00bb bg_image=\u00bb13920&#8243; bg_position=\u00bbleft top\u00bb background_image_loading=\u00bbdefault\u00bb bg_repeat=\u00bbno-repeat\u00bb scene_position=\u00bbcenter\u00bb top_padding=\u00bb12%\u00bb bottom_padding=\u00bb8%\u00bb text_color=\u00bbdark\u00bb text_align=\u00bbleft\u00bb row_border_radius=\u00bbnone\u00bb row_border_radius_applies=\u00bbbg\u00bb overflow=\u00bbvisible\u00bb overlay_strength=\u00bb0.5&#8243; gradient_direction=\u00bbleft_to_right\u00bb shape_divider_position=\u00bbbottom\u00bb shape_divider_height=\u00bb350&#8243; bg_image_animation=\u00bbfade-in\u00bb parallax_bg=\u00bbtrue\u00bb parallax_bg_speed=\u00bbfast\u00bb shape_type=\u00bbmountains\u00bb gradient_type=\u00bbdefault\u00bb][vc_column column_padding=\u00bbno-extra-padding\u00bb column_padding_tablet=\u00bbinherit\u00bb column_padding_phone=\u00bbinherit\u00bb column_padding_position=\u00bball\u00bb column_element_direction_desktop=\u00bbdefault\u00bb column_element_spacing=\u00bbdefault\u00bb desktop_text_alignment=\u00bbdefault\u00bb tablet_text_alignment=\u00bbdefault\u00bb phone_text_alignment=\u00bbdefault\u00bb background_color_opacity=\u00bb1&#8243; background_hover_color_opacity=\u00bb1&#8243; column_backdrop_filter=\u00bbnone\u00bb column_shadow=\u00bbnone\u00bb column_border_radius=\u00bbnone\u00bb column_link_target=\u00bb_self\u00bb column_position=\u00bbdefault\u00bb gradient_direction=\u00bbleft_to_right\u00bb overlay_strength=\u00bb0.3&#8243; width=\u00bb1\/1&#8243; tablet_width_inherit=\u00bbdefault\u00bb animation_type=\u00bbdefault\u00bb bg_image_animation=\u00bbnone\u00bb border_type=\u00bbsimple\u00bb column_border_width=\u00bbnone\u00bb column_border_style=\u00bbsolid\u00bb][\/vc_column][\/vc_row][vc_row type=\u00bbfull_width_background\u00bb full_screen_row_position=\u00bbmiddle\u00bb column_margin=\u00bbdefault\u00bb equal_height=\u00bbyes\u00bb column_direction=\u00bbdefault\u00bb column_direction_tablet=\u00bbdefault\u00bb column_direction_phone=\u00bbdefault\u00bb scene_position=\u00bbcenter\u00bb top_padding=\u00bb5%\u00bb bottom_padding=\u00bb13%\u00bb text_color=\u00bbdark\u00bb text_align=\u00bbleft\u00bb row_border_radius=\u00bbnone\u00bb row_border_radius_applies=\u00bbbg\u00bb overflow=\u00bbvisible\u00bb overlay_strength=\u00bb0.5&#8243; gradient_direction=\u00bbleft_to_right\u00bb shape_divider_position=\u00bbbottom\u00bb shape_divider_height=\u00bb350&#8243; bg_image_animation=\u00bbfade-in\u00bb parallax_bg=\u00bbtrue\u00bb parallax_bg_speed=\u00bbfast\u00bb shape_type=\u00bbmountains\u00bb][vc_column column_padding=\u00bbno-extra-padding\u00bb column_padding_tablet=\u00bbinherit\u00bb column_padding_phone=\u00bbinherit\u00bb column_padding_position=\u00bball\u00bb column_element_direction_desktop=\u00bbdefault\u00bb column_element_spacing=\u00bbdefault\u00bb desktop_text_alignment=\u00bbdefault\u00bb tablet_text_alignment=\u00bbdefault\u00bb phone_text_alignment=\u00bbdefault\u00bb background_color_opacity=\u00bb1&#8243; background_hover_color_opacity=\u00bb1&#8243; column_backdrop_filter=\u00bbnone\u00bb column_shadow=\u00bbnone\u00bb column_border_radius=\u00bbnone\u00bb column_link_target=\u00bb_self\u00bb column_position=\u00bbdefault\u00bb gradient_direction=\u00bbleft_to_right\u00bb overlay_strength=\u00bb0.3&#8243; width=\u00bb2\/6&#8243; tablet_width_inherit=\u00bbdefault\u00bb animation_type=\u00bbdefault\u00bb bg_image_animation=\u00bbnone\u00bb border_type=\u00bbsimple\u00bb column_border_width=\u00bbnone\u00bb column_border_style=\u00bbsolid\u00bb][vc_row_inner equal_height=\u00bbyes\u00bb content_placement=\u00bbtop\u00bb column_margin=\u00bbdefault\u00bb column_direction=\u00bbdefault\u00bb column_direction_tablet=\u00bbdefault\u00bb column_direction_phone=\u00bbdefault\u00bb text_align=\u00bbleft\u00bb row_position=\u00bbdefault\u00bb row_position_tablet=\u00bbinherit\u00bb row_position_phone=\u00bbinherit\u00bb overflow=\u00bbvisible\u00bb pointer_events=\u00bball\u00bb][vc_column_inner column_padding=\u00bbno-extra-padding\u00bb column_padding_tablet=\u00bbinherit\u00bb column_padding_phone=\u00bbinherit\u00bb column_padding_position=\u00bball\u00bb column_element_direction_desktop=\u00bbdefault\u00bb column_element_spacing=\u00bbdefault\u00bb desktop_text_alignment=\u00bbdefault\u00bb tablet_text_alignment=\u00bbdefault\u00bb phone_text_alignment=\u00bbdefault\u00bb background_color_opacity=\u00bb1&#8243; background_hover_color_opacity=\u00bb1&#8243; column_backdrop_filter=\u00bbnone\u00bb column_shadow=\u00bbnone\u00bb column_border_radius=\u00bbnone\u00bb column_link_target=\u00bb_self\u00bb overflow=\u00bbvisible\u00bb gradient_direction=\u00bbleft_to_right\u00bb overlay_strength=\u00bb0.3&#8243; width=\u00bb1\/1&#8243; tablet_width_inherit=\u00bbdefault\u00bb animation_type=\u00bbdefault\u00bb bg_image_animation=\u00bbnone\u00bb border_type=\u00bbsimple\u00bb column_border_width=\u00bbnone\u00bb column_border_style=\u00bbsolid\u00bb][nectar_btn size=\u00bbjumbo\u00bb button_style=\u00bbregular\u00bb button_color_2=\u00bbExtra-Color-1&#8243; icon_family=\u00bbnone\u00bb text=\u00bbLinks \u00fatiles\u00bb url=\u00bbhttp:\/\/diabetes.org.ar\/2020\/links-utiles-profesional\/\u00bb][\/vc_column_inner][\/vc_row_inner][\/vc_column][vc_column column_padding=\u00bbno-extra-padding\u00bb column_padding_tablet=\u00bbinherit\u00bb column_padding_phone=\u00bbinherit\u00bb column_padding_position=\u00bball\u00bb column_element_direction_desktop=\u00bbdefault\u00bb column_element_spacing=\u00bbdefault\u00bb desktop_text_alignment=\u00bbdefault\u00bb tablet_text_alignment=\u00bbdefault\u00bb phone_text_alignment=\u00bbdefault\u00bb background_color_opacity=\u00bb1&#8243; background_hover_color_opacity=\u00bb1&#8243; column_backdrop_filter=\u00bbnone\u00bb column_shadow=\u00bbnone\u00bb column_border_radius=\u00bbnone\u00bb column_link_target=\u00bb_self\u00bb column_position=\u00bbdefault\u00bb gradient_direction=\u00bbleft_to_right\u00bb overlay_strength=\u00bb0.3&#8243; width=\u00bb4\/6&#8243; tablet_width_inherit=\u00bbdefault\u00bb animation_type=\u00bbdefault\u00bb bg_image_animation=\u00bbnone\u00bb border_type=\u00bbsimple\u00bb column_border_width=\u00bbnone\u00bb column_border_style=\u00bbsolid\u00bb][vc_column_text css=\u00bb\u00bb text_direction=\u00bbdefault\u00bb]\n<ul class=\"opiniones-list\">\n<li><a href=\"http:\/\/diabetes.org.ar\/2020\/wp-content\/uploads\/2025\/10\/Recomendaciones-de-vacunacioin-adultos-SAD-REVISION-SADI.pdf\">Recomendaciones de Vacunaci\u00f3n en Personas con Diabetes en Adultos<\/a><\/li>\n<li><a href=\"http:\/\/diabetes.org.ar\/2020\/wp-content\/uploads\/2023\/06\/Toma-de-Posicion.-Efecto-de-los-iSGLT2-sobre-la-presion-arterial-el-dano-vascular-la-enfermedad-renal-y-el-riesgo-CV-asociado.pdf\">Toma de Posici\u00f3n Conjunta Efecto de los iSGLT2 sobre la presi\u00f3n arterial, el da\u00f1o vascular, la enfermedad renal y el riesgo cardiovascular asociado, llevada a cabo entre la SAC, la SAHA, la SAD y la SAN.<\/a><\/li>\n<\/ul>\n<ul class=\"opiniones-list\">\n<li><a href=\"http:\/\/diabetes.org.ar\/2020\/wp-content\/uploads\/2023\/06\/676-2373-1-PB_230609_172831.pdf\">Opiniones y recomendaciones de la Sociedad Argentina de Diabetes. Glucemia en ayunas alterada: \u00bfes oportuno utilizar el punto de corte en 100 mg\/dl en Argentina?<\/a><\/li>\n<\/ul>\n<ul class=\"opiniones-list\">\n<li><a href=\"http:\/\/diabetes.org.ar\/2020\/wp-content\/uploads\/2023\/06\/677-2356-1-SM-1_230609_173212.pdf\">Opiniones y recomendaciones de la Sociedad Argentina de Diabetes. Hemoglobina A1c.<\/a><\/li>\n<\/ul>\n<ul class=\"opiniones-list\">\n<li><a href=\"http:\/\/diabetes.org.ar\/2020\/wp-content\/uploads\/2020\/09\/guia-nacional-practica-clinica-diabetes-mellitius-tipo2-2019-1.pdf\">Nueva gu\u00eda nacional de pr\u00e1ctica cl\u00ednica en Diabetes 2, basada en la evidencia cient\u00edfica.<\/a> Todo el material y aplicativos estar\u00e1n disponibles en el \u00c1rea salud de ENT: <a href=\"http:\/\/www.argentina.gob.ar\" target=\"_blank\" rel=\"noopener\">www.argentina.gob.ar\u00a0<\/a><\/li>\n<\/ul>\n<ul class=\"opiniones-list\">\n<li><a href=\"http:\/\/diabetes.org.ar\/2020\/wp-content\/uploads\/2023\/07\/GPC-Atencion-Prenatal-de-Bajo-Riesgo-2023.pdf\">Gu\u00eda de pr\u00e1ctica cl\u00ednica &#8211; Atenci\u00f3n prenatal de bajo riesgo.<\/a><\/li>\n<\/ul>\n<ul class=\"opiniones-list\">\n<li><a href=\"http:\/\/diabetes.org.ar\/2020\/wp-content\/uploads\/2023\/05\/Posicion-sobre-edulcorantes-Comite-Nutricion-F.pdf\">Posici\u00f3n sobre la seguridad de los edulcorantes no cal\u00f3ricos<\/a><\/li>\n<\/ul>\n<ul class=\"opiniones-list\">\n<li><a href=\"http:\/\/diabetes.org.ar\/2020\/images\/biosimilares.pdf\">BIOSIMILARES, Informe del Comit\u00e9 de Farmacolog\u00eda<\/a>\u00a0-2019<\/li>\n<\/ul>\n<ul class=\"opiniones-list\">\n<li class=\"clear\"><a href=\"http:\/\/diabetes.org.ar\/2020\/images\/Opiniones\/Pacientes-con-diabetes-gestacional.pdf\">Recomendaciones para el manejo de las pacientes con diabetes pregestacional\u00a0&#8211; 2017<\/a><\/li>\n<\/ul>\n<ul class=\"opiniones-list\">\n<li class=\"clear\"><a href=\"http:\/\/diabetes.org.ar\/2020\/images\/Opiniones\/Nuevas-Tecnologas.pdf\">Toma de Posici\u00f3n: Nuevos dispositivos tecnol\u00f3gicos de aplicaci\u00f3n para el control y el tratamiento de la diabetes &#8211; 2017<\/a><\/li>\n<\/ul>\n<ul class=\"opiniones-list\">\n<li class=\"clear\"><a href=\"http:\/\/diabetes.org.ar\/2020\/images\/Opiniones\/Diabetes-y-catastrofes.pdf\">Recomendaciones para el manejo de la diabetes mellitus durante las cat\u00e1strofes &#8211; 2017<\/a><\/li>\n<\/ul>\n<ul class=\"opiniones-list\">\n<li class=\"clear\"><a href=\"http:\/\/diabetes.org.ar\/2020\/images\/Opiniones\/IDF-Recomendaciones-sobre-Pie-diabetico.pdf\">Recomendaciones IDF sobre pie diab\u00e9tico &#8211; 2017<\/a><\/li>\n<\/ul>\n<ul class=\"opiniones-list\">\n<li class=\"clear\"><a href=\"http:\/\/diabetes.org.ar\/2020\/images\/Opiniones\/Vacunacion.pdf\">Recomendaciones sobre Vacunaci\u00f3n en personas con diabetes mellitus &#8211; Actualizaci\u00f3n 2017<\/a><\/li>\n<\/ul>\n<ul class=\"consensoes-list\">\n<li class=\"clear\"><a href=\"http:\/\/diabetes.org.ar\/2020\/images\/Opiniones\/Guias-Tto-DM2.pdf\">Gu\u00edas para el tratamiento de la diabetes mellitus tipo 2 &#8211; 2016<\/a><\/li>\n<\/ul>\n<ul class=\"opiniones-list\">\n<li class=\"clear\"><a href=\"http:\/\/diabetes.org.ar\/2020\/images\/Opiniones\/Guas-diabetes-gestacional-ALAD.pdf\">Gu\u00edas de diagn\u00f3stico y tratamiento de diabetes gestacional ALAD 2016<\/a><\/li>\n<\/ul>\n<ul class=\"opiniones-list\">\n<li class=\"clear\"><a href=\"http:\/\/diabetes.org.ar\/2020\/images\/Opiniones\/HTA-Guias-2015.pdf\">Hipertensi\u00f3n arterial y diabetes: Gu\u00edas de recomendaciones para la pr\u00e1ctica cl\u00ednica &#8211; 2016<\/a><\/li>\n<\/ul>\n<ul class=\"opiniones-list\">\n<li class=\"clear\"><a href=\"http:\/\/diabetes.org.ar\/2020\/images\/Opiniones\/HTA-en-situaiones-especiales.pdf\">Hipertensi\u00f3n arterial y diabetes en situaciones especiales y complicaciones cr\u00f3nicas: Gu\u00edas de recomendaciones para la pr\u00e1ctica cl\u00ednica \u2013 2016<\/a><\/li>\n<\/ul>\n<ul class=\"opiniones-list\">\n<li class=\"clear\"><a href=\"http:\/\/diabetes.org.ar\/2020\/images\/Opiniones\/Cirugia-Bariatrica-en-mujeres.pdf\">Cirug\u00eda bari\u00e1trica en mujeres en edad f\u00e9rtil &#8211; 2015<\/a><\/li>\n<\/ul>\n<ul class=\"consensoes-list\">\n<li class=\"clear\"><a href=\"http:\/\/diabetes.org.ar\/2020\/images\/Opiniones\/Consenso-Ciruga-Metablica.pdf\">Consenso Argentino de Cirug\u00eda Metab\u00f3lica &#8211; 2015<\/a><\/li>\n<\/ul>\n<ul class=\"consensoes-list\">\n<li class=\"clear\"><a href=\"http:\/\/diabetes.org.ar\/2020\/images\/Opiniones\/Tecnicas-inyeccion-insulinas.pdf\">Recomendaciones sobre t\u00e9cnicas de inyecci\u00f3n y titulaci\u00f3n de insulinas para personas con diabetes &#8211; 2015<\/a><\/li>\n<\/ul>\n<ul class=\"consensoes-list\">\n<li class=\"clear\"><a href=\"http:\/\/diabetes.org.ar\/2020\/images\/Opiniones\/Manejo-HG-paciente-internado.pdf\">Consenso: Manejo de la hiperglucemia en el paciente internado<\/a><\/li>\n<\/ul>\n<ul class=\"consensoes-list\">\n<li class=\"clear\"><a href=\"http:\/\/diabetes.org.ar\/2020\/images\/Opiniones\/IDF-Adulto-mayor-con-DM2.pdf\">International Diabetes Federation &#8211; Managing Older People with Type 2 Diabetes &#8211; Global Guideline<\/a><\/li>\n<\/ul>\n<ul class=\"opiniones-list\">\n<li class=\"clear\"><a href=\"http:\/\/diabetes.org.ar\/2020\/images\/Opiniones\/Guia-Bombas-Insulina-2011.pdf\">Actualizaci\u00f3n de la gu\u00eda para el uso de bombas de insulina en Argentina &#8211; 2011<\/a><\/li>\n<\/ul>\n<ul class=\"opiniones-list\">\n<li class=\"clear\"><a href=\"http:\/\/diabetes.org.ar\/2020\/images\/Opiniones\/Tto-DM2.pdf\">Gu\u00eda de tratamiento de la Diabetes Mellitus Tipo 2\u00a0&#8211; 2010<\/a><\/li>\n<\/ul>\n<ul class=\"opiniones-list\">\n<li class=\"clear\"><a href=\"http:\/\/diabetes.org.ar\/2020\/images\/Opiniones\/Jornadas-rioplatenses.pdf\">Jornadas rioplatenses: Convergencias, divergencias, variabilidad, puntos de corte e indicaci\u00f3n de la glucemia de ayuno, la hemoglobina glicosilada e insulinemia &#8211; 2010<\/a><\/li>\n<\/ul>\n<ul class=\"opiniones-list\">\n<li class=\"clear\"><a href=\"http:\/\/diabetes.org.ar\/2020\/images\/Opiniones\/Rosiglitazona-2010.pdf\">Nueva informaci\u00f3n sobre Rosiglitazona &#8211; 2010<\/a><\/li>\n<\/ul>\n<ul class=\"opiniones-list\">\n<li class=\"clear\"><a href=\"http:\/\/diabetes.org.ar\/2020\/images\/Opiniones\/FAD---SAD-DM-no-es-discapacidad.pdf\">Declaraci\u00f3n de FAD &#8211; SAD respecto a que la Diabetes Mellitus no es en s\u00ed misma una discapacidad<\/a><\/li>\n<\/ul>\n<ul class=\"opiniones-list\">\n<li class=\"clear\"><a href=\"http:\/\/diabetes.org.ar\/2020\/images\/Opiniones\/Celulas-madre---2010.pdf\">Tratamiento de la diabetes mellitus con c\u00e9lulas madre extra\u00eddas de la m\u00e9dula \u00f3sea- Informe 2010<\/a><\/li>\n<\/ul>\n<ul class=\"opiniones-list\">\n<li class=\"clear\"><a href=\"http:\/\/diabetes.org.ar\/2020\/images\/Opiniones\/Celulas-madre-Cde-Prensa.pdf\">C\u00e9lulas madre &#8211; Comunicado de Prensa\u00a0SAD<\/a><\/li>\n<\/ul>\n<ul class=\"opiniones-list\">\n<li class=\"clear\"><a href=\"http:\/\/diabetes.org.ar\/2020\/images\/Opiniones\/Manejo-DM1.pdf\">Gu\u00eda de pr\u00e1ctica cl\u00ednica para el manejo de la Diabetes Tipo 1<\/a><\/li>\n<\/ul>\n<ul class=\"opiniones-list\">\n<li class=\"clear\"><a href=\"http:\/\/diabetes.org.ar\/2020\/images\/Opiniones\/Neuropatia-diabetica.pdf\">Consenso de neuropat\u00eda diab\u00e9tica &#8211; Actualizaci\u00f3n 2009<\/a><\/li>\n<\/ul>\n<ul class=\"opiniones-list\">\n<li class=\"clear\"><a href=\"http:\/\/diabetes.org.ar\/2020\/images\/Opiniones\/Recomendaciones-Pie-Diabetico.pdf\">Recomendaciones SAD sobre prevenci\u00f3n, diagn\u00f3stico y tratamiento del pie diab\u00e9tico &#8211; 2009<\/a><\/li>\n<\/ul>\n<ul class=\"consensoes-list\">\n<li class=\"clear\"><a href=\"http:\/\/diabetes.org.ar\/2020\/images\/Opiniones\/Gestantes-con-diabetes-pregestacional.pdf\">Recomendaciones SAD para gestantes con diabetes pregestaional &#8211; 2009<\/a><\/li>\n<\/ul>\n<ul class=\"consensoes-list\">\n<li class=\"clear\"><a href=\"http:\/\/diabetes.org.ar\/2020\/images\/Opiniones\/Laboratorio-en-diabetes.pdf\">Primeras Jornadas conjuntas de consenso del laboratorio en diabetes &#8211; 2009<\/a><\/li>\n<\/ul>\n<ul class=\"consensoes-list\">\n<li class=\"clear\"><a href=\"http:\/\/diabetes.org.ar\/2020\/images\/Opiniones\/gestantes-con-diabetes.pdf\">Recomendaciones para gestantes con diabetes &#8211; 2008<\/a><\/li>\n<\/ul>\n<ul class=\"opiniones-list\">\n<li class=\"clear\"><a href=\"http:\/\/diabetes.org.ar\/2020\/images\/Opiniones\/Cuidados-oculares.pdf\">Cuidados oculares en las personas con diabetes.\u00a0SAD &#8211; SARYV &#8211; 2007<\/a><\/li>\n<\/ul>\n<ul class=\"opiniones-list\">\n<li class=\"clear\"><a href=\"http:\/\/diabetes.org.ar\/2020\/images\/Opiniones\/Tto-con-insulina.pdf\">Tratamiento de la Diabetes Mellitus con insulina &#8211; Actualizaci\u00f3n 2007<\/a><\/li>\n<\/ul>\n<ul class=\"consensoes-list\">\n<li class=\"clear\"><a href=\"http:\/\/diabetes.org.ar\/2020\/images\/Opiniones\/glucemia-alterada-en-ayunas.pdf\">Consenso SAD sobre Criterio diagn\u00f3stico de la glucemia alterada de ayunas &#8211; 2006<\/a><\/li>\n<\/ul>\n<ul class=\"opiniones-list\">\n<li class=\"clear\"><a href=\"http:\/\/diabetes.org.ar\/2020\/images\/Opiniones\/Insulina-Glargina.pdf\">Posici\u00f3n SAD &#8211; Insulina Glargina<\/a><\/li>\n<\/ul>\n<ul class=\"opiniones-list\">\n<li class=\"clear\"><a href=\"http:\/\/diabetes.org.ar\/2020\/images\/Opiniones\/Virus-AH1N1.pdf\">Posici\u00f3n SAD &#8211; Virus AH1N1<\/a><\/li>\n<\/ul>\n<ul class=\"opiniones-list\">\n<li class=\"clear\"><a href=\"http:\/\/diabetes.org.ar\/2020\/images\/Opiniones\/Automonitoreo-y-cetonas.pdf\">Automonitoreo y monitoreo de la glucosa y cetonas en la persona con diabetes<\/a><\/li>\n<\/ul>\n<ul class=\"opiniones-list\">\n<li class=\"clear\"><a href=\"http:\/\/diabetes.org.ar\/2020\/images\/Opiniones\/Restricciones-Rosiglitazona.pdf\">ANMAT: Restricciones en el uso del principio activo Rosiglitazona<\/a><\/li>\n<li><a href=\"http:\/\/diabetes.org.ar\/2020\/wp-content\/uploads\/2023\/11\/Teplizumab.pdf\">TPZ Toma de posici\u00f3n SAD.docx<\/a><\/li>\n<\/ul>\n[\/vc_column_text][\/vc_column][\/vc_row]\n","protected":false},"excerpt":{"rendered":"<p>[vc_row type=\u00bbfull_width_background\u00bb full_screen_row_position=\u00bbmiddle\u00bb column_margin=\u00bbdefault\u00bb equal_height=\u00bbyes\u00bb content_placement=\u00bbbottom\u00bb column_direction=\u00bbdefault\u00bb column_direction_tablet=\u00bbdefault\u00bb column_direction_phone=\u00bbdefault\u00bb bg_color=\u00bb#ffffff\u00bb bg_image=\u00bb13920&#8243; bg_position=\u00bbleft top\u00bb background_image_loading=\u00bbdefault\u00bb bg_repeat=\u00bbno-repeat\u00bb scene_position=\u00bbcenter\u00bb top_padding=\u00bb12%\u00bb bottom_padding=\u00bb8%\u00bb text_color=\u00bbdark\u00bb text_align=\u00bbleft\u00bb row_border_radius=\u00bbnone\u00bb row_border_radius_applies=\u00bbbg\u00bb overflow=\u00bbvisible\u00bb overlay_strength=\u00bb0.5&#8243; gradient_direction=\u00bbleft_to_right\u00bb shape_divider_position=\u00bbbottom\u00bb shape_divider_height=\u00bb350&#8243; bg_image_animation=\u00bbfade-in\u00bb parallax_bg=\u00bbtrue\u00bb parallax_bg_speed=\u00bbfast\u00bb&#8230;<\/p>\n","protected":false},"author":2,"featured_media":0,"parent":0,"menu_order":0,"comment_status":"closed","ping_status":"closed","template":"","meta":{"_mc_calendar":[],"_joinchat":[],"footnotes":""},"class_list":["post-7275","page","type-page","status-publish"],"_links":{"self":[{"href":"https:\/\/diabetes.org.ar\/2020\/wp-json\/wp\/v2\/pages\/7275","targetHints":{"allow":["GET"]}}],"collection":[{"href":"https:\/\/diabetes.org.ar\/2020\/wp-json\/wp\/v2\/pages"}],"about":[{"href":"https:\/\/diabetes.org.ar\/2020\/wp-json\/wp\/v2\/types\/page"}],"author":[{"embeddable":true,"href":"https:\/\/diabetes.org.ar\/2020\/wp-json\/wp\/v2\/users\/2"}],"replies":[{"embeddable":true,"href":"https:\/\/diabetes.org.ar\/2020\/wp-json\/wp\/v2\/comments?post=7275"}],"version-history":[{"count":34,"href":"https:\/\/diabetes.org.ar\/2020\/wp-json\/wp\/v2\/pages\/7275\/revisions"}],"predecessor-version":[{"id":17705,"href":"https:\/\/diabetes.org.ar\/2020\/wp-json\/wp\/v2\/pages\/7275\/revisions\/17705"}],"wp:attachment":[{"href":"https:\/\/diabetes.org.ar\/2020\/wp-json\/wp\/v2\/media?parent=7275"}],"curies":[{"name":"wp","href":"https:\/\/api.w.org\/{rel}","templated":true}]}}