{"id":5890,"date":"2024-05-05T19:15:38","date_gmt":"2024-05-05T19:15:38","guid":{"rendered":"https:\/\/diabetes.org.ar\/congresos\/?page_id=5890"},"modified":"2026-04-10T18:42:47","modified_gmt":"2026-04-10T18:42:47","slug":"auspicios","status":"publish","type":"page","link":"https:\/\/diabetes.org.ar\/congresos\/auspicios\/","title":{"rendered":"AUSPICIOS"},"content":{"rendered":"[vc_row type=\u00bbfull_width_background\u00bb full_screen_row_position=\u00bbmiddle\u00bb column_margin=\u00bbdefault\u00bb column_direction=\u00bbdefault\u00bb column_direction_tablet=\u00bbdefault\u00bb column_direction_phone=\u00bbdefault\u00bb scene_position=\u00bbcenter\u00bb top_padding=\u00bb6%\u00bb bottom_padding=\u00bb4%\u00bb text_color=\u00bblight\u00bb text_align=\u00bbleft\u00bb row_border_radius=\u00bbnone\u00bb row_border_radius_applies=\u00bbbg\u00bb row_position_desktop=\u00bbdefault\u00bb row_position_tablet=\u00bbinherit\u00bb row_position_phone=\u00bbinherit\u00bb overflow=\u00bbvisible\u00bb enable_gradient=\u00bbtrue\u00bb color_overlay=\u00bb#0099a9&#8243; color_overlay_2=\u00bb#00abe9&#8243; overlay_strength=\u00bb0.8&#8243; gradient_direction=\u00bbleft_t_to_right_b\u00bb shape_divider_color=\u00bb#ffffff\u00bb shape_divider_position=\u00bbbottom\u00bb shape_divider_height=\u00bb250&#8243; bg_image_animation=\u00bbnone\u00bb video_mute=\u00bbtrue\u00bb shape_type=\u00bbcurve\u00bb gradient_type=\u00bbdefault\u00bb][vc_column column_padding=\u00bbno-extra-padding\u00bb column_padding_tablet=\u00bbinherit\u00bb column_padding_phone=\u00bbinherit\u00bb column_padding_position=\u00bball\u00bb flex_gap_desktop=\u00bb10px\u00bb column_element_direction_desktop=\u00bbdefault\u00bb column_element_spacing=\u00bbdefault\u00bb desktop_text_alignment=\u00bbdefault\u00bb tablet_text_alignment=\u00bbdefault\u00bb phone_text_alignment=\u00bbdefault\u00bb background_color_opacity=\u00bb1&#8243; background_hover_color_opacity=\u00bb1&#8243; column_backdrop_filter=\u00bbnone\u00bb column_shadow=\u00bbnone\u00bb column_border_radius=\u00bbnone\u00bb column_link_target=\u00bb_self\u00bb column_position=\u00bbdefault\u00bb gradient_direction=\u00bbleft_to_right\u00bb overlay_strength=\u00bb0.3&#8243; width=\u00bb1\/1&#8243; tablet_width_inherit=\u00bbdefault\u00bb animation_type=\u00bbdefault\u00bb bg_image_animation=\u00bbnone\u00bb border_type=\u00bbsimple\u00bb column_border_width=\u00bbnone\u00bb column_border_style=\u00bbsolid\u00bb][\/vc_column][\/vc_row][vc_row type=\u00bbfull_width_background\u00bb full_screen_row_position=\u00bbmiddle\u00bb column_margin=\u00bbdefault\u00bb column_direction=\u00bbdefault\u00bb column_direction_tablet=\u00bbdefault\u00bb column_direction_phone=\u00bbdefault\u00bb scene_position=\u00bbcenter\u00bb text_color=\u00bblight\u00bb text_align=\u00bbleft\u00bb row_border_radius=\u00bbnone\u00bb row_border_radius_applies=\u00bbbg\u00bb row_position_desktop=\u00bbdefault\u00bb row_position_tablet=\u00bbinherit\u00bb row_position_phone=\u00bbinherit\u00bb overflow=\u00bbvisible\u00bb color_overlay=\u00bb#0099a9&#8243; color_overlay_2=\u00bb#0099a9&#8243; overlay_strength=\u00bb0.3&#8243; gradient_direction=\u00bbleft_to_right\u00bb shape_divider_position=\u00bbbottom\u00bb bg_image_animation=\u00bbnone\u00bb gradient_type=\u00bbdefault\u00bb shape_type=\u00bb\u00bb][vc_column column_padding=\u00bbno-extra-padding\u00bb column_padding_tablet=\u00bbinherit\u00bb column_padding_phone=\u00bbinherit\u00bb column_padding_position=\u00bball\u00bb flex_gap_desktop=\u00bb10px\u00bb column_element_direction_desktop=\u00bbdefault\u00bb column_element_spacing=\u00bbdefault\u00bb desktop_text_alignment=\u00bbdefault\u00bb tablet_text_alignment=\u00bbdefault\u00bb phone_text_alignment=\u00bbdefault\u00bb background_color_opacity=\u00bb1&#8243; background_hover_color_opacity=\u00bb1&#8243; column_backdrop_filter=\u00bbnone\u00bb column_shadow=\u00bbnone\u00bb column_border_radius=\u00bbnone\u00bb column_link_target=\u00bb_self\u00bb column_position=\u00bbdefault\u00bb gradient_direction=\u00bbleft_to_right\u00bb overlay_strength=\u00bb0.3&#8243; width=\u00bb1\/1&#8243; tablet_width_inherit=\u00bbdefault\u00bb animation_type=\u00bbdefault\u00bb bg_image_animation=\u00bbnone\u00bb border_type=\u00bbsimple\u00bb column_border_width=\u00bbnone\u00bb column_border_style=\u00bbsolid\u00bb][vc_column_text text_direction=\u00bbdefault\u00bb]\n<h2 style=\"text-align: center;\">Intereses y Auspicios<\/h2>\n[\/vc_column_text][\/vc_column][\/vc_row][vc_row type=\u00bbfull_width_background\u00bb full_screen_row_position=\u00bbmiddle\u00bb column_margin=\u00bbdefault\u00bb equal_height=\u00bbyes\u00bb content_placement=\u00bbmiddle\u00bb column_direction=\u00bbdefault\u00bb column_direction_tablet=\u00bbdefault\u00bb column_direction_phone=\u00bbdefault\u00bb scene_position=\u00bbcenter\u00bb top_padding=\u00bb6%\u00bb constrain_group_1=\u00bbyes\u00bb bottom_padding=\u00bb6%\u00bb text_color=\u00bbdark\u00bb text_align=\u00bbleft\u00bb row_border_radius=\u00bbnone\u00bb row_border_radius_applies=\u00bbbg\u00bb row_position_desktop=\u00bbdefault\u00bb row_position_tablet=\u00bbinherit\u00bb row_position_phone=\u00bbinherit\u00bb overflow=\u00bbvisible\u00bb id=\u00bbdisertantes\u00bb overlay_strength=\u00bb0.3&#8243; gradient_direction=\u00bbleft_to_right\u00bb shape_divider_position=\u00bbbottom\u00bb bg_image_animation=\u00bbnone\u00bb gradient_type=\u00bbdefault\u00bb shape_type=\u00bb\u00bb][vc_column column_padding=\u00bbno-extra-padding\u00bb column_padding_tablet=\u00bbinherit\u00bb column_padding_phone=\u00bbinherit\u00bb column_padding_position=\u00bball\u00bb flex_gap_desktop=\u00bb10px\u00bb column_element_direction_desktop=\u00bbdefault\u00bb column_element_spacing=\u00bbdefault\u00bb desktop_text_alignment=\u00bbdefault\u00bb tablet_text_alignment=\u00bbdefault\u00bb phone_text_alignment=\u00bbdefault\u00bb background_color_opacity=\u00bb1&#8243; background_hover_color_opacity=\u00bb1&#8243; column_backdrop_filter=\u00bbnone\u00bb column_shadow=\u00bbnone\u00bb column_border_radius=\u00bbnone\u00bb column_link_target=\u00bb_self\u00bb column_position=\u00bbdefault\u00bb gradient_direction=\u00bbleft_to_right\u00bb overlay_strength=\u00bb0.3&#8243; width=\u00bb1\/1&#8243; tablet_width_inherit=\u00bbdefault\u00bb animation_type=\u00bbdefault\u00bb bg_image_animation=\u00bbnone\u00bb border_type=\u00bbsimple\u00bb column_border_width=\u00bbnone\u00bb column_border_style=\u00bbsolid\u00bb][split_line_heading line_reveal_by_space_text_effect=\u00bbdefault\u00bb font_style=\u00bbh2&#8243; content_alignment=\u00bbdefault\u00bb mobile_content_alignment=\u00bbinherit\u00bb animation_type=\u00bbline-reveal-by-space\u00bb link_target=\u00bb_self\u00bb text_direction=\u00bbdefault\u00bb font_size=\u00bb40&#8243; font_line_height=\u00bb1&#8243;][\/split_line_heading][vc_column_text css=\u00bb\u00bb text_direction=\u00bbdefault\u00bb]\n<h2><strong>INTERESES <\/strong><\/h2>\n<p><strong>Declarado de Inter\u00e9s Tur\u00edstico y Cultural:<\/strong><\/p>\n<p>Ente Municipal de Turismo y Cultura EMTURYC &#8211; Municipalidad de General Pueyrred\u00f3n<\/p>\n<p><strong>AUSPICIOS <\/strong><\/p>\n<p><strong>SOCIEDADES, FEDERACIONES Y ASOCIACIONES INTERNACIONALES<\/strong><\/p>\n<p>Sociedad Brasile\u00f1a de Endocrinolog\u00eda e Metabologia (SBEM)<\/p>\n<p>Sociedad Paraguaya de Endocrinologia\u00a0 y metabolismo (SPEM)<\/p>\n<p>Sociedad Paraguaya de Cardiolog\u00eda y Cirug\u00eda Cardiovascular<\/p>\n<p>Sociedad Paraguaya de Diabetolog\u00eda<\/p>\n<p>Sociedad de Diabetolog\u00eda y Nutrici\u00f3n del Uruguay (SDNU)<\/p>\n<p>Sociedad Chilena de Endocrinolog\u00eda y Diabetes (SOCHED)<\/p>\n<p>Sociedad Mexicana de Cardiolog\u00eda<\/p>\n<p>Sociedad Uruguaya de Endocrinolog\u00eda y Metabolismo (SUEM)<\/p>\n<p>Federaci\u00f3n Nacional de Asociaciones y Entidades de Diabetes (ANAD, FENAD y ANBED)<\/p>\n<p>&nbsp;<\/p>\n<p><strong>SOCIEDADES, FEDERACIONES Y ASOCIACIONES NACIONALES<\/strong><\/p>\n<p>Asociaci\u00f3n Argentina para el Estudio del Climaterio (AAPEC)<\/p>\n<p>Asociaci\u00f3n Bioqu\u00edmica Argentina (ABA)<\/p>\n<p>Asociaci\u00f3n Interdisciplinaria Argentina de Cicatrizaci\u00f3n de Heridas (AIACH)<\/p>\n<p>Asociaci\u00f3n M\u00e9dica Argentina (AMA)<\/p>\n<p>Asociaci\u00f3n Nefrol\u00f3gica de Buenos Aires (ANCBA)<\/p>\n<p>Consejo Argentino de Oftalmolog\u00eda (CAO)<\/p>\n<p>Confederaci\u00f3n Unificada Bioqu\u00edmica de la Rep\u00fablica Argentina (CUBRA)<\/p>\n<p>Federaci\u00f3n Argentina de Cardiolog\u00eda (FAC)<\/p>\n<p>Federaci\u00f3n Argentina de Diabetes (FAD)<\/p>\n<p>Federaci\u00f3n Argentina de Medicina Familiar y General\u00a0 (FAMFyG)<\/p>\n<p>Federaci\u00f3n Argentina de Sociedades de Endocrinolog\u00eda (FASEN)<\/p>\n<p>Liga Argentina de Protecci\u00f3n al Diab\u00e9tico (LAPDI)<\/p>\n<p>Sociedad Argentina de Endocrinolog\u00eda y Metabolismo (SAEM)<\/p>\n<p>Sociedad Argentina de Gen\u00e9tica<\/p>\n<p>Sociedad Argentina de Gerontolog\u00eda y Geriatr\u00eda (SAGG)<\/p>\n<p>Sociedad Argentina de Investigaci\u00f3n Cl\u00ednica (SAIC)<\/p>\n<p>Sociedad Argentina de l\u00edpidos<\/p>\n<p>Sociedad Argentina de Medicina (SAM)<\/p>\n<p>Sociedad Argentina de Nutrici\u00f3n (SAN)<\/p>\n<p>Sociedad Argentina de Osteoporosis (SAO)<\/p>\n<p>Sociedad Argentina de Simulaci\u00f3n en Ciencias de la Salud y Seguridad del Pacinete (SASiM)<\/p>\n<p>Sociedad Argentina de Trasplantes (SAT)<\/p>\n<p>Sociedad de Cardiolog\u00eda de Buenos Aires (SoCABA)<\/p>\n<p>Sociedad de Medicina Interna de Buenos Aires\u00a0 (SMIBA)<\/p>\n<p>&nbsp;<\/p>\n<p><strong>UNIVERSIDADES<\/strong><\/p>\n<p>Universidad Favaloro<\/p>\n<p>Universidad Nacional del Litoral (UNL)<\/p>\n<p>Universidad Juan Agust\u00edn Maza, Mendoza<\/p>\n<p>Universidad Nacional de Rosario UNR &#8211; Facultad de Ciencias M\u00e9dicas<\/p>\n<p>Universidad Nacional del Nordeste UNNE &#8211; Facultad de Medicina[\/vc_column_text][\/vc_column][\/vc_row]\n","protected":false},"excerpt":{"rendered":"<p>[vc_row type=\u00bbfull_width_background\u00bb full_screen_row_position=\u00bbmiddle\u00bb column_margin=\u00bbdefault\u00bb column_direction=\u00bbdefault\u00bb column_direction_tablet=\u00bbdefault\u00bb column_direction_phone=\u00bbdefault\u00bb scene_position=\u00bbcenter\u00bb top_padding=\u00bb6%\u00bb bottom_padding=\u00bb4%\u00bb text_color=\u00bblight\u00bb text_align=\u00bbleft\u00bb row_border_radius=\u00bbnone\u00bb row_border_radius_applies=\u00bbbg\u00bb row_position_desktop=\u00bbdefault\u00bb row_position_tablet=\u00bbinherit\u00bb row_position_phone=\u00bbinherit\u00bb overflow=\u00bbvisible\u00bb enable_gradient=\u00bbtrue\u00bb color_overlay=\u00bb#0099a9&#8243; color_overlay_2=\u00bb#00abe9&#8243; overlay_strength=\u00bb0.8&#8243; gradient_direction=\u00bbleft_t_to_right_b\u00bb shape_divider_color=\u00bb#ffffff\u00bb shape_divider_position=\u00bbbottom\u00bb&#8230;<\/p>\n","protected":false},"author":2,"featured_media":0,"parent":0,"menu_order":0,"comment_status":"closed","ping_status":"closed","template":"","meta":{"footnotes":""},"class_list":["post-5890","page","type-page","status-publish"],"_links":{"self":[{"href":"https:\/\/diabetes.org.ar\/congresos\/wp-json\/wp\/v2\/pages\/5890","targetHints":{"allow":["GET"]}}],"collection":[{"href":"https:\/\/diabetes.org.ar\/congresos\/wp-json\/wp\/v2\/pages"}],"about":[{"href":"https:\/\/diabetes.org.ar\/congresos\/wp-json\/wp\/v2\/types\/page"}],"author":[{"embeddable":true,"href":"https:\/\/diabetes.org.ar\/congresos\/wp-json\/wp\/v2\/users\/2"}],"replies":[{"embeddable":true,"href":"https:\/\/diabetes.org.ar\/congresos\/wp-json\/wp\/v2\/comments?post=5890"}],"version-history":[{"count":46,"href":"https:\/\/diabetes.org.ar\/congresos\/wp-json\/wp\/v2\/pages\/5890\/revisions"}],"predecessor-version":[{"id":6518,"href":"https:\/\/diabetes.org.ar\/congresos\/wp-json\/wp\/v2\/pages\/5890\/revisions\/6518"}],"wp:attachment":[{"href":"https:\/\/diabetes.org.ar\/congresos\/wp-json\/wp\/v2\/media?parent=5890"}],"curies":[{"name":"wp","href":"https:\/\/api.w.org\/{rel}","templated":true}]}}