{"id":6253,"date":"2023-06-09T17:57:33","date_gmt":"2023-06-09T17:57:33","guid":{"rendered":"http:\/\/diabetes.org.ar\/jornadasycongresos\/?page_id=6253"},"modified":"2025-08-19T16:04:55","modified_gmt":"2025-08-19T16:04:55","slug":"auspicios-y-declaraciones-de-interes-2","status":"publish","type":"page","link":"https:\/\/diabetes.org.ar\/jornadas\/auspicios-y-declaraciones-de-interes-2\/","title":{"rendered":"AUSPICIOS Y DECLARACIONES DE INTERES"},"content":{"rendered":"[vc_row type=\u00bbfull_width_background\u00bb full_screen_row_position=\u00bbmiddle\u00bb column_margin=\u00bb30px\u00bb column_direction=\u00bbdefault\u00bb column_direction_tablet=\u00bbdefault\u00bb column_direction_phone=\u00bbdefault\u00bb scene_position=\u00bbcenter\u00bb top_padding=\u00bb4%\u00bb bottom_padding=\u00bb4%\u00bb text_color=\u00bbdark\u00bb text_align=\u00bbleft\u00bb row_border_radius=\u00bbnone\u00bb row_border_radius_applies=\u00bbbg\u00bb overflow=\u00bbvisible\u00bb id=\u00bbservices\u00bb overlay_strength=\u00bb0.3&#8243; gradient_direction=\u00bbleft_to_right\u00bb shape_divider_position=\u00bbbottom\u00bb bg_image_animation=\u00bbnone\u00bb shape_type=\u00bb\u00bb][vc_column column_padding=\u00bbno-extra-padding\u00bb column_padding_tablet=\u00bbinherit\u00bb column_padding_phone=\u00bbinherit\u00bb column_padding_position=\u00bball\u00bb column_element_direction_desktop=\u00bbdefault\u00bb column_element_spacing=\u00bbdefault\u00bb desktop_text_alignment=\u00bbdefault\u00bb tablet_text_alignment=\u00bbdefault\u00bb phone_text_alignment=\u00bbdefault\u00bb background_color_opacity=\u00bb1&#8243; background_hover_color_opacity=\u00bb1&#8243; column_backdrop_filter=\u00bbnone\u00bb column_shadow=\u00bbnone\u00bb column_border_radius=\u00bbnone\u00bb column_link_target=\u00bb_self\u00bb column_position=\u00bbdefault\u00bb gradient_direction=\u00bbleft_to_right\u00bb overlay_strength=\u00bb0.3&#8243; width=\u00bb1\/4&#8243; tablet_width_inherit=\u00bbdefault\u00bb animation_type=\u00bbdefault\u00bb bg_image_animation=\u00bbnone\u00bb border_type=\u00bbsimple\u00bb column_border_width=\u00bbnone\u00bb column_border_style=\u00bbsolid\u00bb][\/vc_column][vc_column column_padding=\u00bbno-extra-padding\u00bb column_padding_tablet=\u00bbinherit\u00bb column_padding_phone=\u00bbinherit\u00bb column_padding_position=\u00bball\u00bb column_element_direction_desktop=\u00bbdefault\u00bb column_element_spacing=\u00bbdefault\u00bb desktop_text_alignment=\u00bbdefault\u00bb tablet_text_alignment=\u00bbdefault\u00bb phone_text_alignment=\u00bbdefault\u00bb background_color_opacity=\u00bb1&#8243; background_hover_color_opacity=\u00bb1&#8243; column_backdrop_filter=\u00bbnone\u00bb column_shadow=\u00bbnone\u00bb column_border_radius=\u00bbnone\u00bb column_link_target=\u00bb_self\u00bb column_position=\u00bbdefault\u00bb gradient_direction=\u00bbleft_to_right\u00bb overlay_strength=\u00bb0.3&#8243; width=\u00bb3\/4&#8243; tablet_width_inherit=\u00bbdefault\u00bb animation_type=\u00bbdefault\u00bb bg_image_animation=\u00bbnone\u00bb border_type=\u00bbsimple\u00bb column_border_width=\u00bbnone\u00bb column_border_style=\u00bbsolid\u00bb][\/vc_column][\/vc_row][vc_row type=\u00bbin_container\u00bb full_screen_row_position=\u00bbmiddle\u00bb column_margin=\u00bbdefault\u00bb column_direction=\u00bbdefault\u00bb column_direction_tablet=\u00bbdefault\u00bb column_direction_phone=\u00bbdefault\u00bb scene_position=\u00bbcenter\u00bb text_color=\u00bbdark\u00bb text_align=\u00bbleft\u00bb row_border_radius=\u00bbnone\u00bb row_border_radius_applies=\u00bbbg\u00bb overflow=\u00bbvisible\u00bb overlay_strength=\u00bb0.3&#8243; gradient_direction=\u00bbleft_to_right\u00bb shape_divider_position=\u00bbbottom\u00bb bg_image_animation=\u00bbnone\u00bb][vc_column column_padding=\u00bbno-extra-padding\u00bb column_padding_tablet=\u00bbinherit\u00bb column_padding_phone=\u00bbinherit\u00bb column_padding_position=\u00bball\u00bb column_element_direction_desktop=\u00bbdefault\u00bb column_element_spacing=\u00bbdefault\u00bb desktop_text_alignment=\u00bbdefault\u00bb tablet_text_alignment=\u00bbdefault\u00bb phone_text_alignment=\u00bbdefault\u00bb background_color_opacity=\u00bb1&#8243; background_hover_color_opacity=\u00bb1&#8243; column_backdrop_filter=\u00bbnone\u00bb column_shadow=\u00bbnone\u00bb column_border_radius=\u00bbnone\u00bb column_link_target=\u00bb_self\u00bb column_position=\u00bbdefault\u00bb gradient_direction=\u00bbleft_to_right\u00bb overlay_strength=\u00bb0.3&#8243; width=\u00bb1\/2&#8243; tablet_width_inherit=\u00bbdefault\u00bb animation_type=\u00bbdefault\u00bb bg_image_animation=\u00bbnone\u00bb border_type=\u00bbsimple\u00bb column_border_width=\u00bbnone\u00bb column_border_style=\u00bbsolid\u00bb][divider line_type=\u00bbFull Width Line\u00bb line_thickness=\u00bb1&#8243; divider_color=\u00bbaccent-color\u00bb][vc_column_text css=\u00bb\u00bb text_direction=\u00bbdefault\u00bb]\n<h3><strong>INTERESES <\/strong><\/h3>\n<h4><strong>Declarado de Inter\u00e9s Acad\u00e9mico por: <\/strong><\/h4>\n<ul>\n<li>Facultad de Medicina Universidad de Bs. As. (UBA)<\/li>\n<\/ul>\n[\/vc_column_text][vc_row_inner column_margin=\u00bbdefault\u00bb column_direction=\u00bbdefault\u00bb column_direction_tablet=\u00bbdefault\u00bb column_direction_phone=\u00bbdefault\u00bb text_align=\u00bbleft\u00bb row_position=\u00bbdefault\u00bb row_position_tablet=\u00bbinherit\u00bb row_position_phone=\u00bbinherit\u00bb overflow=\u00bbvisible\u00bb pointer_events=\u00bball\u00bb][vc_column_inner column_padding=\u00bbno-extra-padding\u00bb column_padding_tablet=\u00bbinherit\u00bb column_padding_phone=\u00bbinherit\u00bb column_padding_position=\u00bball\u00bb column_element_direction_desktop=\u00bbdefault\u00bb column_element_spacing=\u00bbdefault\u00bb desktop_text_alignment=\u00bbdefault\u00bb tablet_text_alignment=\u00bbdefault\u00bb phone_text_alignment=\u00bbdefault\u00bb background_color_opacity=\u00bb1&#8243; background_hover_color_opacity=\u00bb1&#8243; column_backdrop_filter=\u00bbnone\u00bb column_shadow=\u00bbnone\u00bb column_border_radius=\u00bbnone\u00bb column_link_target=\u00bb_self\u00bb overflow=\u00bbvisible\u00bb gradient_direction=\u00bbleft_to_right\u00bb overlay_strength=\u00bb0.3&#8243; width=\u00bb1\/1&#8243; tablet_width_inherit=\u00bbdefault\u00bb animation_type=\u00bbdefault\u00bb bg_image_animation=\u00bbnone\u00bb border_type=\u00bbsimple\u00bb column_border_width=\u00bbnone\u00bb column_border_style=\u00bbsolid\u00bb][divider line_type=\u00bbFull Width Line\u00bb line_thickness=\u00bb1&#8243; divider_color=\u00bbaccent-color\u00bb][vc_column_text css=\u00bb\u00bb text_direction=\u00bbdefault\u00bb]\n<h3><strong>AVALES<\/strong><\/h3>\n<h4><strong>Otorgado Aval Acad\u00e9mico de:\u00a0 <\/strong><\/h4>\n<ul>\n<li>Facultad de Ciencias M\u00e9dicas \u2013 Universidad de Mendoza<\/li>\n<li>Universidad Nacional del Litoral (UNL) &#8211; Facultad de Ciencias M\u00e9dicas<\/li>\n<\/ul>\n[\/vc_column_text][\/vc_column_inner][\/vc_row_inner][vc_row_inner column_margin=\u00bbdefault\u00bb column_direction=\u00bbdefault\u00bb column_direction_tablet=\u00bbdefault\u00bb column_direction_phone=\u00bbdefault\u00bb text_align=\u00bbleft\u00bb row_position=\u00bbdefault\u00bb row_position_tablet=\u00bbinherit\u00bb row_position_phone=\u00bbinherit\u00bb overflow=\u00bbvisible\u00bb pointer_events=\u00bball\u00bb][vc_column_inner column_padding=\u00bbno-extra-padding\u00bb column_padding_tablet=\u00bbinherit\u00bb column_padding_phone=\u00bbinherit\u00bb column_padding_position=\u00bball\u00bb column_element_direction_desktop=\u00bbdefault\u00bb column_element_spacing=\u00bbdefault\u00bb desktop_text_alignment=\u00bbdefault\u00bb tablet_text_alignment=\u00bbdefault\u00bb phone_text_alignment=\u00bbdefault\u00bb background_color_opacity=\u00bb1&#8243; background_hover_color_opacity=\u00bb1&#8243; column_backdrop_filter=\u00bbnone\u00bb column_shadow=\u00bbnone\u00bb column_border_radius=\u00bbnone\u00bb column_link_target=\u00bb_self\u00bb overflow=\u00bbvisible\u00bb gradient_direction=\u00bbleft_to_right\u00bb overlay_strength=\u00bb0.3&#8243; width=\u00bb1\/1&#8243; tablet_width_inherit=\u00bbdefault\u00bb animation_type=\u00bbdefault\u00bb bg_image_animation=\u00bbnone\u00bb border_type=\u00bbsimple\u00bb column_border_width=\u00bbnone\u00bb column_border_style=\u00bbsolid\u00bb][divider line_type=\u00bbFull Width Line\u00bb line_thickness=\u00bb1&#8243; divider_color=\u00bbaccent-color\u00bb][vc_column_text css=\u00bb\u00bb text_direction=\u00bbdefault\u00bb]\n<h3><strong>AUSPICIOS <\/strong><\/h3>\n<h4><strong>SOCIEDADES, FEDERACIONES Y ASOCIACIONES INTERNACIONALES<\/strong><\/h4>\n<ul>\n<li>Federaci\u00f3n Internacional de Diabetes &#8211; Regi\u00f3n Am\u00e9rica del Sur y Centroam\u00e9rica (IDF-SACA)<\/li>\n<li>Asociaci\u00f3n Costarricense de Cardiolog\u00eda<\/li>\n<li>Asociaci\u00f3n Costarricense para el Estudio de la Obesidad<\/li>\n<li>Sociedad Chilena de Endocrinolog\u00eda y Diabetes (SOCHED)<\/li>\n<li>Sociedad de Diabetolog\u00eda y Nutrici\u00f3n del Uruguay (SDNU)<\/li>\n<li>Sociedad Espa\u00f1ola de Diabetes (SED)<\/li>\n<li>Sociedad Espa\u00f1ola de Endocrinolog\u00eda y Nutrici\u00f3n (SEEN)<\/li>\n<li>Sociedad Paraguaya de Cardiolog\u00eda y Cirug\u00eda Cardiovascular<\/li>\n<li>Sociedad Paraguaya de Diabetolog\u00eda<\/li>\n<li>Sociedad Paraguaya de Endocrinolog\u00eda\u00a0 y metabolismo (SPEM)<\/li>\n<li>Sociedad Uruguaya de Cardiolog\u00eda<\/li>\n<li>Sociedad Uruguaya de Endocrinolog\u00eda y Metabolismo (SUEM)<\/li>\n<\/ul>\n[\/vc_column_text][\/vc_column_inner][\/vc_row_inner][\/vc_column][vc_column column_padding=\u00bbno-extra-padding\u00bb column_padding_tablet=\u00bbinherit\u00bb column_padding_phone=\u00bbinherit\u00bb column_padding_position=\u00bball\u00bb column_element_direction_desktop=\u00bbdefault\u00bb column_element_spacing=\u00bbdefault\u00bb desktop_text_alignment=\u00bbdefault\u00bb tablet_text_alignment=\u00bbdefault\u00bb phone_text_alignment=\u00bbdefault\u00bb background_color_opacity=\u00bb1&#8243; background_hover_color_opacity=\u00bb1&#8243; column_backdrop_filter=\u00bbnone\u00bb column_shadow=\u00bbnone\u00bb column_border_radius=\u00bbnone\u00bb column_link_target=\u00bb_self\u00bb column_position=\u00bbdefault\u00bb gradient_direction=\u00bbleft_to_right\u00bb overlay_strength=\u00bb0.3&#8243; width=\u00bb1\/2&#8243; tablet_width_inherit=\u00bbdefault\u00bb animation_type=\u00bbdefault\u00bb bg_image_animation=\u00bbnone\u00bb border_type=\u00bbsimple\u00bb column_border_width=\u00bbnone\u00bb column_border_style=\u00bbsolid\u00bb][vc_row_inner column_margin=\u00bbdefault\u00bb column_direction=\u00bbdefault\u00bb column_direction_tablet=\u00bbdefault\u00bb column_direction_phone=\u00bbdefault\u00bb text_align=\u00bbleft\u00bb row_position=\u00bbdefault\u00bb row_position_tablet=\u00bbinherit\u00bb row_position_phone=\u00bbinherit\u00bb overflow=\u00bbvisible\u00bb pointer_events=\u00bball\u00bb][vc_column_inner column_padding=\u00bbno-extra-padding\u00bb column_padding_tablet=\u00bbinherit\u00bb column_padding_phone=\u00bbinherit\u00bb column_padding_position=\u00bball\u00bb column_element_direction_desktop=\u00bbdefault\u00bb column_element_spacing=\u00bbdefault\u00bb desktop_text_alignment=\u00bbdefault\u00bb tablet_text_alignment=\u00bbdefault\u00bb phone_text_alignment=\u00bbdefault\u00bb background_color_opacity=\u00bb1&#8243; background_hover_color_opacity=\u00bb1&#8243; column_backdrop_filter=\u00bbnone\u00bb column_shadow=\u00bbnone\u00bb column_border_radius=\u00bbnone\u00bb column_link_target=\u00bb_self\u00bb overflow=\u00bbvisible\u00bb gradient_direction=\u00bbleft_to_right\u00bb overlay_strength=\u00bb0.3&#8243; width=\u00bb1\/1&#8243; tablet_width_inherit=\u00bbdefault\u00bb animation_type=\u00bbdefault\u00bb bg_image_animation=\u00bbnone\u00bb border_type=\u00bbsimple\u00bb column_border_width=\u00bbnone\u00bb column_border_style=\u00bbsolid\u00bb][vc_column_text css=\u00bb\u00bb text_direction=\u00bbdefault\u00bb]\n<h4><strong>SOCIEDADES, FEDERACIONES Y ASOCIACIONES NACIONALES<\/strong><\/h4>\n<ul>\n<li>Asociaci\u00f3n Argentina de Microbiolog\u00eda<\/li>\n<li>Asociaci\u00f3n Argentina de Nutrici\u00f3n Enteral y Parenteral (AANEP)<\/li>\n<li>Asociaci\u00f3n Argentina de Ortopedia y Traumatolog\u00eda (AAOT)<\/li>\n<li>Asociaci\u00f3n Argentina de Osteolog\u00eda y Metabolismo Mineral (AAOMM)<\/li>\n<li>Asociaci\u00f3n Argentina de Salud Publica (AASAP)<\/li>\n<li>Asociaci\u00f3n Argentina para el Estudio del Climaterio (AAPEC)<\/li>\n<li>Asociaci\u00f3n Bioqu\u00edmica Argentina (ABA)<\/li>\n<li>Asociaci\u00f3n Interdisciplinaria Argentina de Cicatrizaci\u00f3n de Heridas (AIACH)<\/li>\n<li>Asociaci\u00f3n M\u00e9dica Argentina (AMA)<\/li>\n<li>Consejo Argentino de Oftalmolog\u00eda (CAO)<\/li>\n<li>Confederaci\u00f3n Unificada Bioqu\u00edmica de la Rep\u00fablica Argentina (CUBRA)<\/li>\n<li>Federaci\u00f3n Argentina de Cardiolog\u00eda (FAC)<\/li>\n<li>Federaci\u00f3n Argentina de Diabetes (FAD)<\/li>\n<li>Liga Argentina de Protecci\u00f3n al Diab\u00e9tico (LAPDI)<\/li>\n<li>Sociedad Argentina de Cardiolog\u00eda (SAC)<\/li>\n<li>Sociedad Argentina de Cirug\u00eda Digestiva (SACD)<\/li>\n<li>Sociedad Argentina de Endocrinolog\u00eda Ginecol\u00f3gica y Reproductiva (SAEGRE)<\/li>\n<li>Sociedad Argentina de Endocrinolog\u00eda y Metabolismo (SAEM)<\/li>\n<li>Sociedad Argentina de l\u00edpidos<\/li>\n<li>Sociedad Argentina de M\u00e9dicos Nutricionistas (SAMENUT)<\/li>\n<li>Sociedad Argentina de Nefrolog\u00eda<\/li>\n<li>Sociedad Argentina de Nutrici\u00f3n<\/li>\n<li>Sociedad Argentina de Obesidad y Trastornos Alimentarios (SAOTA)<\/li>\n<li>Sociedad Argentina de Osteoporosis (SAO)<\/li>\n<li>Sociedad Argentina de Periodoncia (SAP)<\/li>\n<li>Sociedad Argentina de Retina y V\u00edtreo (SARyV)<\/li>\n<li>Sociedad Argentina de Trasplantes (SAT)<\/li>\n<li>Sociedad de Obtetricia y Ginecolog\u00eda de Bs. As. (SOGBA)<\/li>\n<li>Sociedad de Medicina Interna de Buenos Aires\u00a0 (SMIBA)<\/li>\n<\/ul>\n[\/vc_column_text][\/vc_column_inner][\/vc_row_inner][vc_column_text css=\u00bb\u00bb text_direction=\u00bbdefault\u00bb]\n<h4><strong>UNIVERSIDADES<\/strong><\/h4>\n<ul>\n<li>Facultad de Ciencias Medicas UNCUYO (Universidad Nacional de Cuyo)<\/li>\n<li>Fundaci\u00f3n H. A.\u00a0 Barcel\u00f3 &#8211; Facultad de Medicina<\/li>\n<li>Instituto de Inmunolog\u00eda, Gen\u00e9tica y Metabolismo (INIGEM-UBA-CONICET)<\/li>\n<li>Universidad Favaloro<\/li>\n<li>Universidad Cat\u00f3lica Argentina (UCA)<\/li>\n<li>Universidad Juan Agust\u00edn Maza, Mendoza<\/li>\n<li>Universidad Nacional del Nordeste \u2013 Facultad de Medicina (UNNE)<\/li>\n<\/ul>\n[\/vc_column_text][\/vc_column][\/vc_row]\n","protected":false},"excerpt":{"rendered":"<p>[vc_row type=\u00bbfull_width_background\u00bb full_screen_row_position=\u00bbmiddle\u00bb column_margin=\u00bb30px\u00bb column_direction=\u00bbdefault\u00bb column_direction_tablet=\u00bbdefault\u00bb column_direction_phone=\u00bbdefault\u00bb scene_position=\u00bbcenter\u00bb top_padding=\u00bb4%\u00bb bottom_padding=\u00bb4%\u00bb text_color=\u00bbdark\u00bb text_align=\u00bbleft\u00bb row_border_radius=\u00bbnone\u00bb row_border_radius_applies=\u00bbbg\u00bb overflow=\u00bbvisible\u00bb id=\u00bbservices\u00bb overlay_strength=\u00bb0.3&#8243; gradient_direction=\u00bbleft_to_right\u00bb shape_divider_position=\u00bbbottom\u00bb bg_image_animation=\u00bbnone\u00bb shape_type=\u00bb\u00bb][vc_column column_padding=\u00bbno-extra-padding\u00bb column_padding_tablet=\u00bbinherit\u00bb column_padding_phone=\u00bbinherit\u00bb column_padding_position=\u00bball\u00bb column_element_direction_desktop=\u00bbdefault\u00bb column_element_spacing=\u00bbdefault\u00bb desktop_text_alignment=\u00bbdefault\u00bb tablet_text_alignment=\u00bbdefault\u00bb phone_text_alignment=\u00bbdefault\u00bb&#8230;<\/p>\n","protected":false},"author":2,"featured_media":0,"parent":0,"menu_order":0,"comment_status":"closed","ping_status":"closed","template":"","meta":{"footnotes":""},"class_list":["post-6253","page","type-page","status-publish"],"_links":{"self":[{"href":"https:\/\/diabetes.org.ar\/jornadas\/wp-json\/wp\/v2\/pages\/6253","targetHints":{"allow":["GET"]}}],"collection":[{"href":"https:\/\/diabetes.org.ar\/jornadas\/wp-json\/wp\/v2\/pages"}],"about":[{"href":"https:\/\/diabetes.org.ar\/jornadas\/wp-json\/wp\/v2\/types\/page"}],"author":[{"embeddable":true,"href":"https:\/\/diabetes.org.ar\/jornadas\/wp-json\/wp\/v2\/users\/2"}],"replies":[{"embeddable":true,"href":"https:\/\/diabetes.org.ar\/jornadas\/wp-json\/wp\/v2\/comments?post=6253"}],"version-history":[{"count":19,"href":"https:\/\/diabetes.org.ar\/jornadas\/wp-json\/wp\/v2\/pages\/6253\/revisions"}],"predecessor-version":[{"id":6658,"href":"https:\/\/diabetes.org.ar\/jornadas\/wp-json\/wp\/v2\/pages\/6253\/revisions\/6658"}],"wp:attachment":[{"href":"https:\/\/diabetes.org.ar\/jornadas\/wp-json\/wp\/v2\/media?parent=6253"}],"curies":[{"name":"wp","href":"https:\/\/api.w.org\/{rel}","templated":true}]}}